{"id":935,"date":"2022-07-26T10:37:23","date_gmt":"2022-07-26T10:37:23","guid":{"rendered":"https:\/\/camonclass.vertice.org\/?page_id=935"},"modified":"2022-07-26T10:37:23","modified_gmt":"2022-07-26T10:37:23","slug":"condiciones-de-venta","status":"publish","type":"page","link":"https:\/\/camonclass.com\/tienda\/condiciones-de-venta\/","title":{"rendered":"Condiciones de venta"},"content":{"rendered":"<p>El presente contrato se celebra al amparo de la Ley 34\/2002 de 11 de Julio de Servicios de la Sociedad de la Informaci\u00f3n y el Comercio Electr\u00f3nico. En esta p\u00e1gina web aparece la informaci\u00f3n necesaria para realizar la compra objeto de este contrato y todas las cuestiones necesarias relativas al mismo.<br \/>\nUna vez realizada la matriculaci\u00f3n por web, email, tel\u00e9fono o presencialmente, se le entregar\u00e1 una copia al usuari@, para que pueda revisarla e identificar posibles errores. En caso de que el alumn@ no remita dicha matr\u00edcula corrigiendo los errores, al formalizar el pago, manifiesta conocer y aceptar todas las condiciones del curso\/s en que se matricula.<br \/>\nSi hubiese alg\u00fan error, deber\u00e1 comunicarlo a Camonclass (Fundocu S.L.) por tel\u00e9fono, e-mail o correo ordinario:<\/p>\n<p>\u2022 Tel\u00e9fono: 630 57 10 82<br \/>\n\u2022 E-mail: contacto@camonclass.com<br \/>\n\u2022 Direcci\u00f3n: C\/ Calixto III, 24, 14, 46008 Valencia.<\/p>\n<p>El contrato se celebrar\u00e1 en lengua castellana.<br \/>\nLa adquisici\u00f3n de productos ofrecidos en www.camonclass.com\/Cursos\/ propiedad de Fundocu S.L.) se regir\u00e1, adem\u00e1s de por todo lo especificado con car\u00e1cter general, por las condiciones particulares previstas en cada caso, las cuales se entender\u00e1n aceptadas por el uso de tal servicio.<br \/>\nEl precio aplicable para la compra del producto es el que aparece en la p\u00e1gina web, el mismo d\u00eda en el que se realiza el pedido. Los cursos de formaci\u00f3n est\u00e1n exentos de IVA. La vigencia de los precios y en su caso, ofertas, est\u00e1 sujeta a su aparici\u00f3n en el cat\u00e1logo de la p\u00e1gina web. Los descuentos no son acumulables.<br \/>\nUna vez realizada la compra la entrega del producto se realizar\u00e1 a trav\u00e9s del Aula Virtual de nuestra web, donde podr\u00e1 acceder con el Usuari@ y la contrase\u00f1a que le facilitaremos.<br \/>\nLa forma de pago de los productos ser\u00e1 por tarjeta de cr\u00e9dito.<br \/>\nEl plazo de entrega del diploma y recepci\u00f3n del mismo, depender\u00e1 del tipo de acreditaci\u00f3n\/reconocimientos del curso elegido. Podr\u00e1 consultarlo en la descripci\u00f3n de dicho curso.<br \/>\nEl precio de cada curso y duraci\u00f3n se refleja en el cat\u00e1logo vigente en la web y en nuestra web: www.camonclass.com\/Cursos\/<br \/>\nEl alumno tiene derecho a recibir, gratuitamente, la factura en papel y electr\u00f3nicamente, cuando voluntariamente o por obligaci\u00f3n legal, est\u00e9 disponible en este formato y la hubiese solicitado de forma expresa. En este caso, ser\u00eda necesario informar previamente sobre c\u00f3mo podr\u00eda volver a solicitarla en formato papel.<br \/>\nEn el caso de que la entrega del diploma no se haga efectiva, por causa ajena a nuestro centro, para realizar un nuevo env\u00edo del diploma, el alumno deber\u00e1 abonar los gastos del mismo.<br \/>\nEl presente contrato es personal y no podr\u00e1 ser cedido parcial ni totalmente a un tercero.<br \/>\nEl contrato establecido entre ambas partes, finalizar\u00e1 una vez entregado el diploma correspondiente al curso realizado.<br \/>\nEl cliente podr\u00e1 desistir de lo convenido en este contrato, y en consecuencia darlo por finalizado, siempre que lo comunique fehacientemente a Camonclass en el plazo m\u00e1ximo de 14 d\u00edas h\u00e1biles a contar desde la suscripci\u00f3n del mismo, procedi\u00e9ndose en su caso, a la devoluci\u00f3n de las cantidades oportunas en el plazo m\u00e1ximo de 2 d\u00edas. El derecho de devoluci\u00f3n podr\u00e1 ejercitarse a trav\u00e9s de email (contacto@camonclass.com).<br \/>\nLos datos de este contrato se archivar\u00e1n en un fichero personal propiedad de Fundocu S.L., para fines informativos y comerciales, donde el cliente podr\u00e1 ejercer los derechos de acceso, oposici\u00f3n, rectificaci\u00f3n y cancelaci\u00f3n, de sus datos en los t\u00e9rminos previstos en la Ley 15\/1999, de 13 de diciembre de Protecci\u00f3n de Datos de car\u00e1cter personal, as\u00ed como la identificaci\u00f3n y correcci\u00f3n de errores en la introducci\u00f3n de datos, todo ello por correo electr\u00f3nico (contacto@camonclass.com) o enviando una carta certificada a Camonclass, a la direcci\u00f3n: C\/ Calixto III, 24, 14, 46008 Valencia. Sus datos tambi\u00e9n ser\u00e1n utilizados para mantener relaci\u00f3n comercial y poder recibir informaci\u00f3n y publicidad por cualquier medio de comunicaci\u00f3n.<br \/>\nEl alumn@ manifiesta estar en posesi\u00f3n del t\u00edtulo acad\u00e9mico al cual va dirigido el curso al que se matricula, manifestando conocer y aceptar todas las condiciones de realizaci\u00f3n del curso. Igualmente manifiesta realizar este\/os curso\/s de formaci\u00f3n continuada para una mejora de sus conocimientos aplicados en su desarrollo laboral diario.<br \/>\nDebido a los numerosos \u00e1mbitos geogr\u00e1ficos y\/o temporales diferentes de baremaci\u00f3n de m\u00e9ritos, le remitimos a que consulte su convocatoria concreta para que no haya dudas. El alumn@ es responsable de elegir la fomaci\u00f3n que cumpla los requisitos expuestos en dicha convocatoria.<br \/>\nLos cr\u00e9ditos y horas expresados en los cursos reflejados en esta web, durante la vigencia de los mismos, pueden sufrir variaci\u00f3n en las reacreditaciones solicitadas al organismo correspondiente, bien al alza, a la baja o quedarse igual, dependiendo del criterio del organismo p\u00fablico competente. No obstante, cuando se produzca estas variaciones se pondr\u00e1n en conocimiento del alumn@.<br \/>\nLos packs se consideran como productos unitarios por lo que se proceder\u00e1 al env\u00edo de un solo grupo de material multimedia\/audiovisual en su totalidad.<br \/>\nAnulaci\u00f3n de la compra.<br \/>\nEn el caso de haber confirmado la compra y querer anularla deber\u00e1 llamar al tel\u00e9fono 630 57 10 82 o mandar un correo electr\u00f3nico a la direcci\u00f3n contacto@camonclass.com con la siguiente informaci\u00f3n: Nombre completo de la persona que ha hecho la compra, nombre del producto comprado, y forma de pago utilizada en el mismo d\u00eda que se realice la compra. El plazo de devoluci\u00f3n es de 72 horas desde el pago efectivo del curso\/s.<br \/>\nSeg\u00fan lo dispuesto en la Ley 15\/1999 de protecci\u00f3n de datos, le informamos que tiene derecho a conocer, cancelar o rectificar la informaci\u00f3n que le concierne recopilada en nuestros ficheros en caso que no desee recibir comunicaciones o desear la modificaci\u00f3n o anulaci\u00f3n de sus datos, le rogamos nos lo comunique por escrito a: Fundocu S.L. Calle Calixto III, 24, 14, 46008 Valencia, indicando claramente su nombre, apellidos y direcci\u00f3n.<\/p>\n","protected":false},"excerpt":{"rendered":"<p>El presente contrato se celebra al amparo de la Ley 34\/2002 de 11 de Julio de Servicios de la Sociedad de la Informaci\u00f3n y el Comercio Electr\u00f3nico. En esta p\u00e1gina web aparece la informaci\u00f3n necesaria para realizar la compra objeto de este contrato y todas las cuestiones necesarias relativas al mismo. Una vez realizada la&hellip;&nbsp;<a href=\"https:\/\/camonclass.com\/tienda\/condiciones-de-venta\/\" rel=\"bookmark\">Leer m\u00e1s &raquo;<span class=\"screen-reader-text\">Condiciones de venta<\/span><\/a><\/p>\n","protected":false},"author":5,"featured_media":0,"parent":0,"menu_order":0,"comment_status":"closed","ping_status":"closed","template":"","meta":{"neve_meta_sidebar":"full-width","neve_meta_container":"","neve_meta_enable_content_width":"on","neve_meta_content_width":100,"neve_meta_title_alignment":"","neve_meta_author_avatar":"","neve_post_elements_order":"","neve_meta_disable_header":"","neve_meta_disable_footer":"","neve_meta_disable_title":"","footnotes":""},"class_list":["post-935","page","type-page","status-publish","hentry"],"_links":{"self":[{"href":"https:\/\/camonclass.com\/tienda\/wp-json\/wp\/v2\/pages\/935","targetHints":{"allow":["GET"]}}],"collection":[{"href":"https:\/\/camonclass.com\/tienda\/wp-json\/wp\/v2\/pages"}],"about":[{"href":"https:\/\/camonclass.com\/tienda\/wp-json\/wp\/v2\/types\/page"}],"author":[{"embeddable":true,"href":"https:\/\/camonclass.com\/tienda\/wp-json\/wp\/v2\/users\/5"}],"replies":[{"embeddable":true,"href":"https:\/\/camonclass.com\/tienda\/wp-json\/wp\/v2\/comments?post=935"}],"version-history":[{"count":1,"href":"https:\/\/camonclass.com\/tienda\/wp-json\/wp\/v2\/pages\/935\/revisions"}],"predecessor-version":[{"id":936,"href":"https:\/\/camonclass.com\/tienda\/wp-json\/wp\/v2\/pages\/935\/revisions\/936"}],"wp:attachment":[{"href":"https:\/\/camonclass.com\/tienda\/wp-json\/wp\/v2\/media?parent=935"}],"curies":[{"name":"wp","href":"https:\/\/api.w.org\/{rel}","templated":true}]}}