{"id":600,"date":"2022-07-25T16:38:07","date_gmt":"2022-07-25T16:38:07","guid":{"rendered":"https:\/\/camonclass.vertice.org\/formacion\/gestion-contable\/"},"modified":"2022-07-25T16:38:07","modified_gmt":"2022-07-25T16:38:07","slug":"gestion-contable","status":"publish","type":"product","link":"https:\/\/camonclass.com\/tienda\/formacion\/gestion-contable\/","title":{"rendered":"Gesti\u00f3n contable"},"content":{"rendered":"<p><strong>UD1. La Teor\u00eda Contable.<\/strong><UL>1.1. La informaci\u00f3n contable.<br \/>1.2. Las Cuentas.<\/UL><\/p>\n<p><strong>UD2. El Plan General de Contabilidad.<\/strong><UL>2.1. La reforma de la Legislaci\u00f3n Mercantil en materia contable.<br \/>2.2. El marco conceptual.<\/UL><\/p>\n<p><strong>UD3. Tratamiento de las Masas Patrimoniales.<\/strong><UL>3.1. Inmovilizado material.<br \/>3.2. Activos intangibles. Arrendamientos.<br \/>3.3. Activos financieros.<br \/>3.4. Pasivos financieros.<br \/>3.5. Existencias. Moneda extranjera.<br \/>3.6. Ingresos.<br \/>3.7. El IVA el IGIC y el IS.<br \/>3.8. Provisiones.<br \/>3.9. Pasivos por retribuciones al personal.<\/UL><\/p>\n<p><strong>UD4. Cuentas Anuales.<\/strong><UL>4.1. Modelos normales y abreviados.<br \/>4.2. El Balance.<br \/>4.3. Cuenta de P\u00e9rdidas y Ganancias.<br \/>4.4. El Estado de Cambios en el Patrimonio Neto.<br \/>4.5. El Estado de Flujos de Efectivo.<br \/>4.6. La Memoria.<\/UL><\/p>\n<p><strong>UD5. An\u00e1lisis Econ\u00f3mico y Financiero de las Cuentas Anuales.<\/strong><UL>5.1. Funciones y diferencias entre el an\u00e1lisis econ\u00f3mico y el financiero.<br \/>5.2. Instrumentos de an\u00e1lisis.<\/UL><\/p>\n","protected":false},"excerpt":{"rendered":"<ul>\n<li>Interpretar correctamente desde el punto de vista contable la informaci\u00f3n representada en los documentos \u2013justificantes de las operaciones econ\u00f3mico\u2013 financieras que afecten al patrimonio empresarial.<\/li>\n<li>Interpretar correctamente el m\u00e9todo contable de partida doble sus instrumentos y sus fases.<\/li>\n<li>Elaborar la informaci\u00f3n relativa a un ciclo econ\u00f3mico aplicando adecuadamente la metodolog\u00eda contable y los principios y normas del Plan General Contable.<\/li>\n<li>Analizar la informaci\u00f3n contable interpretando correctamente la situaci\u00f3n econ\u00f3mica y financiera que transmite.<\/li>\n<li>Conocer la necesidad de observar rigor y precisi\u00f3n en el desempe\u00f1o de un puesto de trabajo valorando la importancia de la empresa en el desarrollo econ\u00f3mico y social.<\/li>\n<\/ul>\n","protected":false},"featured_media":597,"comment_status":"open","ping_status":"closed","template":"","meta":{"neve_meta_sidebar":"","neve_meta_container":"","neve_meta_enable_content_width":"","neve_meta_content_width":0,"neve_meta_title_alignment":"","neve_meta_author_avatar":"","neve_post_elements_order":"","neve_meta_disable_header":"","neve_meta_disable_footer":"","neve_meta_disable_title":""},"product_brand":[],"product_cat":[24,22,23],"product_tag":[],"class_list":{"0":"post-600","1":"product","2":"type-product","3":"status-publish","4":"has-post-thumbnail","6":"product_cat-administracion-y-gestion","7":"product_cat-cursos","8":"product_cat-cursos-de-especializacion","10":"first","11":"instock","12":"sold-individually","13":"shipping-taxable","14":"purchasable","15":"product-type-simple"},"_links":{"self":[{"href":"https:\/\/camonclass.com\/tienda\/wp-json\/wp\/v2\/product\/600","targetHints":{"allow":["GET"]}}],"collection":[{"href":"https:\/\/camonclass.com\/tienda\/wp-json\/wp\/v2\/product"}],"about":[{"href":"https:\/\/camonclass.com\/tienda\/wp-json\/wp\/v2\/types\/product"}],"replies":[{"embeddable":true,"href":"https:\/\/camonclass.com\/tienda\/wp-json\/wp\/v2\/comments?post=600"}],"wp:featuredmedia":[{"embeddable":true,"href":"https:\/\/camonclass.com\/tienda\/wp-json\/wp\/v2\/media\/597"}],"wp:attachment":[{"href":"https:\/\/camonclass.com\/tienda\/wp-json\/wp\/v2\/media?parent=600"}],"wp:term":[{"taxonomy":"product_brand","embeddable":true,"href":"https:\/\/camonclass.com\/tienda\/wp-json\/wp\/v2\/product_brand?post=600"},{"taxonomy":"product_cat","embeddable":true,"href":"https:\/\/camonclass.com\/tienda\/wp-json\/wp\/v2\/product_cat?post=600"},{"taxonomy":"product_tag","embeddable":true,"href":"https:\/\/camonclass.com\/tienda\/wp-json\/wp\/v2\/product_tag?post=600"}],"curies":[{"name":"wp","href":"https:\/\/api.w.org\/{rel}","templated":true}]}}