{"id":601,"date":"2022-07-25T16:38:07","date_gmt":"2022-07-25T16:38:07","guid":{"rendered":"https:\/\/camonclass.vertice.org\/formacion\/gestion-fiscal\/"},"modified":"2022-07-25T16:38:07","modified_gmt":"2022-07-25T16:38:07","slug":"gestion-fiscal","status":"publish","type":"product","link":"https:\/\/camonclass.com\/tienda\/formacion\/gestion-fiscal\/","title":{"rendered":"Gesti\u00f3n fiscal"},"content":{"rendered":"<p><strong>UD1. Introducci\u00f3n a la Ley General Tributaria.<\/strong><UL>1.1. Disposiciones generales del Ordenamiento Tributario.<br \/>1.2. Los procedimientos tributarios.<\/UL><\/p>\n<p><strong>UD2. El Impuesto sobre Sociedades.<\/strong><UL>2.1. Diferencias permanentes y temporales.<br \/>2.2. Concepto de Base Imponible Negativa.<br \/>2.3. Diferimiento de la carga fiscal.<br \/>2.4. Divergencias entre Contabilidad y Fiscalidad.<\/UL><\/p>\n<p><strong>UD3. El Impuesto sobre el Valor A\u00f1adido.<\/strong><UL>3.1. Hecho Imponible. Exenciones. Lugar de Realizaci\u00f3n.<br \/>3.2. Base Imponible. Sujeto Pasivo.<br \/>3.3. Deducciones y devoluciones.<br \/>3.4. Tipos impositivos.<br \/>3.5. Gesti\u00f3n y liquidaci\u00f3n del impuesto.<\/UL><\/p>\n<p><strong>UD4. IRPF.<\/strong><UL>4.1. Conceptos generales.<br \/>4.2. Base imponible.<br \/>4.3. Base liquidable.<br \/>4.4. Cuota tributaria.<br \/>4.5. Deuda tributaria.<\/UL><\/p>\n<p><strong>UD5. R\u00e9gimen Fiscal para Empresas de Reducida Dimensi\u00f3n.<\/strong><UL>5.1. Requisitos.<\/UL><\/p>\n","protected":false},"excerpt":{"rendered":"<ul>\n<li>Calcular las cuotas liquidables de los impuestos que gravan la actividad econ\u00f3mica de la empresa y elaborar toda aquella documentaci\u00f3n correspondiente a sus declaraciones.<\/li>\n<li>Conocer la necesidad de observar rigor y precisi\u00f3n en el desempe\u00f1o de un puesto de trabajo valorando la importancia de la empresa en el desarrollo econ\u00f3mico y social.<\/li>\n<\/ul>\n","protected":false},"featured_media":597,"comment_status":"open","ping_status":"closed","template":"","meta":{"neve_meta_sidebar":"","neve_meta_container":"","neve_meta_enable_content_width":"","neve_meta_content_width":0,"neve_meta_title_alignment":"","neve_meta_author_avatar":"","neve_post_elements_order":"","neve_meta_disable_header":"","neve_meta_disable_footer":"","neve_meta_disable_title":""},"product_brand":[],"product_cat":[24,22,23],"product_tag":[],"class_list":{"0":"post-601","1":"product","2":"type-product","3":"status-publish","4":"has-post-thumbnail","6":"product_cat-administracion-y-gestion","7":"product_cat-cursos","8":"product_cat-cursos-de-especializacion","10":"first","11":"instock","12":"sold-individually","13":"shipping-taxable","14":"purchasable","15":"product-type-simple"},"_links":{"self":[{"href":"https:\/\/camonclass.com\/tienda\/wp-json\/wp\/v2\/product\/601","targetHints":{"allow":["GET"]}}],"collection":[{"href":"https:\/\/camonclass.com\/tienda\/wp-json\/wp\/v2\/product"}],"about":[{"href":"https:\/\/camonclass.com\/tienda\/wp-json\/wp\/v2\/types\/product"}],"replies":[{"embeddable":true,"href":"https:\/\/camonclass.com\/tienda\/wp-json\/wp\/v2\/comments?post=601"}],"wp:featuredmedia":[{"embeddable":true,"href":"https:\/\/camonclass.com\/tienda\/wp-json\/wp\/v2\/media\/597"}],"wp:attachment":[{"href":"https:\/\/camonclass.com\/tienda\/wp-json\/wp\/v2\/media?parent=601"}],"wp:term":[{"taxonomy":"product_brand","embeddable":true,"href":"https:\/\/camonclass.com\/tienda\/wp-json\/wp\/v2\/product_brand?post=601"},{"taxonomy":"product_cat","embeddable":true,"href":"https:\/\/camonclass.com\/tienda\/wp-json\/wp\/v2\/product_cat?post=601"},{"taxonomy":"product_tag","embeddable":true,"href":"https:\/\/camonclass.com\/tienda\/wp-json\/wp\/v2\/product_tag?post=601"}],"curies":[{"name":"wp","href":"https:\/\/api.w.org\/{rel}","templated":true}]}}