{"id":602,"date":"2022-07-25T16:38:07","date_gmt":"2022-07-25T16:38:07","guid":{"rendered":"https:\/\/camonclass.vertice.org\/formacion\/implantacion-y-control-de-un-sistema-contable-informatizado\/"},"modified":"2022-07-25T16:38:07","modified_gmt":"2022-07-25T16:38:07","slug":"implantacion-y-control-de-un-sistema-contable-informatizado","status":"publish","type":"product","link":"https:\/\/camonclass.com\/tienda\/formacion\/implantacion-y-control-de-un-sistema-contable-informatizado\/","title":{"rendered":"Implantaci\u00f3n y control de un sistema contable informatizado"},"content":{"rendered":"<p><strong>UD1. Aplicaciones Inform\u00e1ticas de Gesti\u00f3n Comercial Integrada.<\/strong><UL>1.1. Gesti\u00f3n comercial y existencias.<br \/>1.2. Facturaci\u00f3n.<\/UL><\/p>\n<p><strong>UD2. Aplicaciones Inform\u00e1ticas de Gesti\u00f3n Financiero Contable.<\/strong><UL>2.1. Utilizaci\u00f3n de una aplicaci\u00f3n financiero contable.<br \/>2.2. Estados contables.<br \/>2.3. Aplicaciones Financieras de la Hoja de C\u00e1lculo.<\/UL><\/p>\n<p><strong>UD3. Aplicaciones Inform\u00e1ticas de Gesti\u00f3n Tributaria.<\/strong><UL>3.1. IRPF.<br \/>3.2. IVA.<br \/>3.3. IS.<\/UL><\/p>\n","protected":false},"excerpt":{"rendered":"<ul>\n<li>Utilizar aplicaciones inform\u00e1ticas de facturaci\u00f3n contabilidad y de gesti\u00f3n fiscal.<\/li>\n<\/ul>\n","protected":false},"featured_media":597,"comment_status":"open","ping_status":"closed","template":"","meta":{"neve_meta_sidebar":"","neve_meta_container":"","neve_meta_enable_content_width":"","neve_meta_content_width":0,"neve_meta_title_alignment":"","neve_meta_author_avatar":"","neve_post_elements_order":"","neve_meta_disable_header":"","neve_meta_disable_footer":"","neve_meta_disable_title":""},"product_brand":[],"product_cat":[24,22,23],"product_tag":[],"class_list":{"0":"post-602","1":"product","2":"type-product","3":"status-publish","4":"has-post-thumbnail","6":"product_cat-administracion-y-gestion","7":"product_cat-cursos","8":"product_cat-cursos-de-especializacion","10":"first","11":"instock","12":"sold-individually","13":"shipping-taxable","14":"purchasable","15":"product-type-simple"},"_links":{"self":[{"href":"https:\/\/camonclass.com\/tienda\/wp-json\/wp\/v2\/product\/602","targetHints":{"allow":["GET"]}}],"collection":[{"href":"https:\/\/camonclass.com\/tienda\/wp-json\/wp\/v2\/product"}],"about":[{"href":"https:\/\/camonclass.com\/tienda\/wp-json\/wp\/v2\/types\/product"}],"replies":[{"embeddable":true,"href":"https:\/\/camonclass.com\/tienda\/wp-json\/wp\/v2\/comments?post=602"}],"wp:featuredmedia":[{"embeddable":true,"href":"https:\/\/camonclass.com\/tienda\/wp-json\/wp\/v2\/media\/597"}],"wp:attachment":[{"href":"https:\/\/camonclass.com\/tienda\/wp-json\/wp\/v2\/media?parent=602"}],"wp:term":[{"taxonomy":"product_brand","embeddable":true,"href":"https:\/\/camonclass.com\/tienda\/wp-json\/wp\/v2\/product_brand?post=602"},{"taxonomy":"product_cat","embeddable":true,"href":"https:\/\/camonclass.com\/tienda\/wp-json\/wp\/v2\/product_cat?post=602"},{"taxonomy":"product_tag","embeddable":true,"href":"https:\/\/camonclass.com\/tienda\/wp-json\/wp\/v2\/product_tag?post=602"}],"curies":[{"name":"wp","href":"https:\/\/api.w.org\/{rel}","templated":true}]}}