{"id":603,"date":"2022-07-25T16:38:07","date_gmt":"2022-07-25T16:38:07","guid":{"rendered":"https:\/\/camonclass.vertice.org\/formacion\/auditoria-de-las-areas-de-la-empresa\/"},"modified":"2022-07-25T16:38:07","modified_gmt":"2022-07-25T16:38:07","slug":"auditoria-de-las-areas-de-la-empresa","status":"publish","type":"product","link":"https:\/\/camonclass.com\/tienda\/formacion\/auditoria-de-las-areas-de-la-empresa\/","title":{"rendered":"Auditor\u00eda de las \u00e1reas de la empresa"},"content":{"rendered":"<p><strong>UD1. Auditor\u00eda del Activo.<\/strong><UL>1.1. Inmovilizado Material.<br \/>1.2. Inmovilizado Intangible.<br \/>1.3. Activos Financieros.<br \/>1.4. Existencias Clientes Cuentas a Cobrar y Ventas.<\/UL><\/p>\n<p><strong>UD2. Auditor\u00eda del Patrimonio Neto.<\/strong><UL>2.1. Fondos propios.<br \/>2.2. Ajustes por cambios de valor.<\/UL><\/p>\n<p><strong>UD3. Auditor\u00eda del Pasivo.<\/strong><UL>3.1. Proveedores Cuentas a pagar y Compras.<br \/>3.2. Pasivos financieros.<br \/>3.3. Provisiones y contingencias.<\/UL><\/p>\n<p><strong>UD4. Auditor\u00eda Fiscal.<\/strong><UL>4.1. Auditor\u00eda fiscal.<\/UL><\/p>\n<p><strong>UD5. Auditor\u00eda de la Memoria el Estado de Flujos de Efectivo y el Estado de Cambios en el Patrimonio Neto.<\/strong><UL>5.1. La Memoria.<br \/>5.2. El Estado de Flujos de Efectivo.<br \/>5.3. El Estado de Cambios en el Patrimonio Neto.<\/UL><\/p>\n<p><strong>UD6. Las Aplicaciones Inform\u00e1ticas en el proceso de Auditor\u00eda.<\/strong><UL>6.1. Modelos de documentos de auditor\u00eda.<br \/>6.2. Presentaci\u00f3n del informe de auditor\u00eda.<\/UL><\/p>\n","protected":false},"excerpt":{"rendered":"<ul>\n<li>Aplicar los procedimientos de auditor\u00eda interpretando y documentando el desarrollo del trabajo y utilizando la aplicaci\u00f3n inform\u00e1tica correspondiente.<\/li>\n<li>Analizar y aplicar procedimientos y resultados relativos a las incidencias del trabajo de auditor\u00eda.<\/li>\n<\/ul>\n","protected":false},"featured_media":597,"comment_status":"open","ping_status":"closed","template":"","meta":{"neve_meta_sidebar":"","neve_meta_container":"","neve_meta_enable_content_width":"","neve_meta_content_width":0,"neve_meta_title_alignment":"","neve_meta_author_avatar":"","neve_post_elements_order":"","neve_meta_disable_header":"","neve_meta_disable_footer":"","neve_meta_disable_title":""},"product_brand":[],"product_cat":[24,22,23],"product_tag":[],"class_list":{"0":"post-603","1":"product","2":"type-product","3":"status-publish","4":"has-post-thumbnail","6":"product_cat-administracion-y-gestion","7":"product_cat-cursos","8":"product_cat-cursos-de-especializacion","10":"first","11":"instock","12":"sold-individually","13":"shipping-taxable","14":"purchasable","15":"product-type-simple"},"_links":{"self":[{"href":"https:\/\/camonclass.com\/tienda\/wp-json\/wp\/v2\/product\/603","targetHints":{"allow":["GET"]}}],"collection":[{"href":"https:\/\/camonclass.com\/tienda\/wp-json\/wp\/v2\/product"}],"about":[{"href":"https:\/\/camonclass.com\/tienda\/wp-json\/wp\/v2\/types\/product"}],"replies":[{"embeddable":true,"href":"https:\/\/camonclass.com\/tienda\/wp-json\/wp\/v2\/comments?post=603"}],"wp:featuredmedia":[{"embeddable":true,"href":"https:\/\/camonclass.com\/tienda\/wp-json\/wp\/v2\/media\/597"}],"wp:attachment":[{"href":"https:\/\/camonclass.com\/tienda\/wp-json\/wp\/v2\/media?parent=603"}],"wp:term":[{"taxonomy":"product_brand","embeddable":true,"href":"https:\/\/camonclass.com\/tienda\/wp-json\/wp\/v2\/product_brand?post=603"},{"taxonomy":"product_cat","embeddable":true,"href":"https:\/\/camonclass.com\/tienda\/wp-json\/wp\/v2\/product_cat?post=603"},{"taxonomy":"product_tag","embeddable":true,"href":"https:\/\/camonclass.com\/tienda\/wp-json\/wp\/v2\/product_tag?post=603"}],"curies":[{"name":"wp","href":"https:\/\/api.w.org\/{rel}","templated":true}]}}