{"id":604,"date":"2022-07-25T16:38:07","date_gmt":"2022-07-25T16:38:07","guid":{"rendered":"https:\/\/camonclass.vertice.org\/formacion\/organizacion-de-reuniones-y-eventos\/"},"modified":"2022-07-25T16:38:07","modified_gmt":"2022-07-25T16:38:07","slug":"organizacion-de-reuniones-y-eventos","status":"publish","type":"product","link":"https:\/\/camonclass.com\/tienda\/formacion\/organizacion-de-reuniones-y-eventos\/","title":{"rendered":"Organizaci\u00f3n de reuniones y eventos"},"content":{"rendered":"<p><strong>UD1. Organizaci\u00f3n de reuniones.<\/strong><UL>1.1. Tipos de reuniones.<br \/>1.2. Planificaci\u00f3n de las reuniones.<br \/>1.3. Preparaci\u00f3n de las reuniones.<br \/>1.4. Terminolog\u00eda utilizada en reuniones juntas y asambleas.<br \/>1.5. El desarrollo de la reuni\u00f3n. Etapas de una reuni\u00f3n. Duraci\u00f3n pausas &#8211; almuerzo y otros).<br \/>1.6. Tipolog\u00eda y funciones de los participantes en una reuni\u00f3n. Direcci\u00f3n secretario moderador tesorero vocales presentador proveedor cliente y otros-.<br \/>1.7. El papel de la secretaria el d\u00eda de la reuni\u00f3n. Preparar comprobar atender.<br \/>1.8. La evaluaci\u00f3n de la reuni\u00f3n. Actuaciones posteriores a la reuni\u00f3n.<\/UL><\/p>\n<p><strong>UD2. La negociaci\u00f3n.<\/strong><UL>2.1. Elaboraci\u00f3n de un plan de negociaci\u00f3n.<br \/>2.2. Tipos o niveles.<br \/>2.3. Participantes.<br \/>2.4. Fases de la negociaci\u00f3n.<br \/>2.5. Recursos psicol\u00f3gicos en la negociaci\u00f3n.<br \/>2.6. An\u00e1lisis de los procesos y estrategias de negociaci\u00f3n en la empresa.<br \/>2.7. Los presupuestos y contratos.<\/UL><\/p>\n<p><strong>UD3. Organizaci\u00f3n de eventos.<\/strong><UL>3.1. Objetivos.<br \/>3.2. Presupuesto.<br \/>3.3. Tipos de eventos atendiendo a su \u00e1mbito.<br \/>3.4. Informe del proyecto pormenorizado de la organizaci\u00f3n del evento.<br \/>3.5. Listado de comprobaciones.<br \/>3.6. El papel de la secretaria el d\u00eda del evento Preparar comprobar atender.<br \/>3.7. Condiciones t\u00e9cnicas requeridas al bien o servicio contratado.<br \/>3.8. Condiciones econ\u00f3micas requeridas al bien o servicio contratado.<br \/>3.9. Medios de cobro y pago convencionales y telem\u00e1ticos.<br \/>3.10. Documentos de cobro y pago.<\/UL><\/p>\n<p><strong>UD4. El protocolo empresarial.<\/strong><UL>4.1. Tratamientos dentro de la empresa.<br \/>4.2. Recepci\u00f3n de las visitas.<br \/>4.3. El restaurante como parte de la oficina.<br \/>4.4. RD.2099\/83 Ordenamiento General de Precedencias en el Estado.<br \/>4.5. El regalo en la empresa.<br \/>4.6. La etiqueta en hombres y mujeres.<br \/>4.7. Ubicaci\u00f3n correcta de los s\u00edmbolos.<br \/>4.8. La imagen y la empresa.<\/UL><\/p>\n","protected":false},"excerpt":{"rendered":"<ul>\n<li>Organizar reuniones y eventos corporativos aplicando las normas de protocolo, identificando sus caracter\u00edsticas y recursos necesarios, y cumpliendo con los objetivos propuestos <\/li>\n<li>Aplicar t\u00e9cnicas de negociaci\u00f3n en situaciones de organizaci\u00f3n y contrataci\u00f3n de reuniones, viajes y eventos corporativos persiguiendo soluciones de beneficio mutuo entre las partes <\/li>\n<li>Determinar y cumplimentar la documentaci\u00f3n correspondiente a los distintos instrumentos de cobro y pago convencionales y telem\u00e1ticos seg\u00fan la normativa vigente<\/li>\n<\/ul>\n","protected":false},"featured_media":597,"comment_status":"open","ping_status":"closed","template":"","meta":{"neve_meta_sidebar":"","neve_meta_container":"","neve_meta_enable_content_width":"","neve_meta_content_width":0,"neve_meta_title_alignment":"","neve_meta_author_avatar":"","neve_post_elements_order":"","neve_meta_disable_header":"","neve_meta_disable_footer":"","neve_meta_disable_title":""},"product_brand":[],"product_cat":[24,22,23],"product_tag":[],"class_list":{"0":"post-604","1":"product","2":"type-product","3":"status-publish","4":"has-post-thumbnail","6":"product_cat-administracion-y-gestion","7":"product_cat-cursos","8":"product_cat-cursos-de-especializacion","10":"first","11":"instock","12":"sold-individually","13":"shipping-taxable","14":"purchasable","15":"product-type-simple"},"_links":{"self":[{"href":"https:\/\/camonclass.com\/tienda\/wp-json\/wp\/v2\/product\/604","targetHints":{"allow":["GET"]}}],"collection":[{"href":"https:\/\/camonclass.com\/tienda\/wp-json\/wp\/v2\/product"}],"about":[{"href":"https:\/\/camonclass.com\/tienda\/wp-json\/wp\/v2\/types\/product"}],"replies":[{"embeddable":true,"href":"https:\/\/camonclass.com\/tienda\/wp-json\/wp\/v2\/comments?post=604"}],"wp:featuredmedia":[{"embeddable":true,"href":"https:\/\/camonclass.com\/tienda\/wp-json\/wp\/v2\/media\/597"}],"wp:attachment":[{"href":"https:\/\/camonclass.com\/tienda\/wp-json\/wp\/v2\/media?parent=604"}],"wp:term":[{"taxonomy":"product_brand","embeddable":true,"href":"https:\/\/camonclass.com\/tienda\/wp-json\/wp\/v2\/product_brand?post=604"},{"taxonomy":"product_cat","embeddable":true,"href":"https:\/\/camonclass.com\/tienda\/wp-json\/wp\/v2\/product_cat?post=604"},{"taxonomy":"product_tag","embeddable":true,"href":"https:\/\/camonclass.com\/tienda\/wp-json\/wp\/v2\/product_tag?post=604"}],"curies":[{"name":"wp","href":"https:\/\/api.w.org\/{rel}","templated":true}]}}