{"id":606,"date":"2022-07-25T16:38:08","date_gmt":"2022-07-25T16:38:08","guid":{"rendered":"https:\/\/camonclass.vertice.org\/formacion\/retribuciones-salariales-cotizacion-y-recaudacion\/"},"modified":"2022-07-25T16:38:08","modified_gmt":"2022-07-25T16:38:08","slug":"retribuciones-salariales-cotizacion-y-recaudacion","status":"publish","type":"product","link":"https:\/\/camonclass.com\/tienda\/formacion\/retribuciones-salariales-cotizacion-y-recaudacion\/","title":{"rendered":"Retribuciones salariales, cotizaci\u00f3n y recaudaci\u00f3n"},"content":{"rendered":"<p><strong>UD1. Retribuci\u00f3n salarial.<\/strong><UL>1.1. Estructura del recibo de salarios.<br \/>1.2. Concepto de salario.<br \/>1.3. Tipo de percepciones.<br \/>1.4. Los complementos salariales.<br \/>1.5. Retribuciones de vencimiento superior a un mes.<br \/>1.6. Retribuciones de car\u00e1cter no salarial.<\/UL><\/p>\n<p><strong>UD2. Cotizaciones al R\u00e9gimen General de la Seguridad Social.<\/strong><UL>2.1. La cotizaci\u00f3n de empresa y trabajador al R\u00e9gimen General de la Seguridad Social.<br \/>2.2. Documentos de liquidaci\u00f3n de cuotas.<br \/>2.3. C\u00e1lculo y liquidaci\u00f3n de los boletines de cotizaci\u00f3n a la Seguridad Social.<\/UL><\/p>\n<p><strong>UD3. El impuesto sobre la Renta de las Personas F\u00edsicas (I.R.P.F.).<\/strong><UL>3.1. Normas fiscales aplicables a los salarios.<br \/>3.2. Retenciones salariales a cuenta del (I.R.P.F.).<br \/>3.3. Determinaci\u00f3n del tipo de retenci\u00f3n.<br \/>3.4. Regularizaci\u00f3n de retenciones.<br \/>3.5. El Certificado de Retenciones.<\/UL><\/p>\n","protected":false},"excerpt":{"rendered":"<ul>\n<li>Elaborar los documentos derivados de la retribuci\u00f3n del trabajo por cuenta ajena.<\/li>\n<li>Aplicar al recibo de salarios las correspondientes deducciones en concepto de cotizaci\u00f3n al R\u00e9gimen General de la Seguridad Social y elaborar los documentos derivados del proceso de liquidaci\u00f3n e ingreso de cuotas.<\/li>\n<li>Aplicar al recibo de salario la retenci\u00f3n del Impuesto sobre la Renta de las Personas F\u00edsicas (I.<\/li>\n<li>R.<\/li>\n<li>P.<\/li>\n<li>F.<\/li>\n<li>) elaborando los documentos de ingreso a cuenta y liquidaci\u00f3n anual en cumplimiento de la legalidad vigente.<\/li>\n<\/ul>\n","protected":false},"featured_media":597,"comment_status":"open","ping_status":"closed","template":"","meta":{"neve_meta_sidebar":"","neve_meta_container":"","neve_meta_enable_content_width":"","neve_meta_content_width":0,"neve_meta_title_alignment":"","neve_meta_author_avatar":"","neve_post_elements_order":"","neve_meta_disable_header":"","neve_meta_disable_footer":"","neve_meta_disable_title":""},"product_brand":[],"product_cat":[24,22,23],"product_tag":[],"class_list":{"0":"post-606","1":"product","2":"type-product","3":"status-publish","4":"has-post-thumbnail","6":"product_cat-administracion-y-gestion","7":"product_cat-cursos","8":"product_cat-cursos-de-especializacion","10":"first","11":"instock","12":"sold-individually","13":"shipping-taxable","14":"purchasable","15":"product-type-simple"},"_links":{"self":[{"href":"https:\/\/camonclass.com\/tienda\/wp-json\/wp\/v2\/product\/606","targetHints":{"allow":["GET"]}}],"collection":[{"href":"https:\/\/camonclass.com\/tienda\/wp-json\/wp\/v2\/product"}],"about":[{"href":"https:\/\/camonclass.com\/tienda\/wp-json\/wp\/v2\/types\/product"}],"replies":[{"embeddable":true,"href":"https:\/\/camonclass.com\/tienda\/wp-json\/wp\/v2\/comments?post=606"}],"wp:featuredmedia":[{"embeddable":true,"href":"https:\/\/camonclass.com\/tienda\/wp-json\/wp\/v2\/media\/597"}],"wp:attachment":[{"href":"https:\/\/camonclass.com\/tienda\/wp-json\/wp\/v2\/media?parent=606"}],"wp:term":[{"taxonomy":"product_brand","embeddable":true,"href":"https:\/\/camonclass.com\/tienda\/wp-json\/wp\/v2\/product_brand?post=606"},{"taxonomy":"product_cat","embeddable":true,"href":"https:\/\/camonclass.com\/tienda\/wp-json\/wp\/v2\/product_cat?post=606"},{"taxonomy":"product_tag","embeddable":true,"href":"https:\/\/camonclass.com\/tienda\/wp-json\/wp\/v2\/product_tag?post=606"}],"curies":[{"name":"wp","href":"https:\/\/api.w.org\/{rel}","templated":true}]}}