{"id":608,"date":"2022-07-25T16:38:08","date_gmt":"2022-07-25T16:38:08","guid":{"rendered":"https:\/\/camonclass.vertice.org\/formacion\/comunicacion-efectiva-y-trabajo-en-equipo\/"},"modified":"2022-08-17T13:09:53","modified_gmt":"2022-08-17T13:09:53","slug":"comunicacion-efectiva-y-trabajo-en-equipo","status":"publish","type":"product","link":"https:\/\/camonclass.com\/tienda\/formacion\/comunicacion-efectiva-y-trabajo-en-equipo\/","title":{"rendered":"Comunicaci\u00f3n efectiva y trabajo en equipo"},"content":{"rendered":"<p><strong>UD1. Habilidades personales y sociales.<\/strong><UL>1.1. Definici\u00f3n de habilidad personal y social.<br \/>1.2. Habilidades sociales de especial inter\u00e9s en el \u00e1mbito laboral.<\/UL><\/p>\n<p><strong>UD2. La comunicaci\u00f3n en la empresa.<\/strong><UL>2.1. Importancia de la comunicaci\u00f3n en la empresa. Ventajas e inconvenientes.<br \/>2.2. Funci\u00f3n estrat\u00e9gica de la comunicaci\u00f3n.<br \/>2.3. Tipos de comunicaci\u00f3n existentes.<\/UL><\/p>\n<p><strong>UD3. Liderazgo y trabajo en equipo.<\/strong><UL>3.1. Perfil competencial del l\u00edder.<br \/>3.2. Funciones esenciales del l\u00edder.<br \/>3.3. Funciones complementaria del l\u00edder.<br \/>3.4. Concepto de trabajo en equipo. Diferencias.<br \/>3.5. Ventajas del trabajo en equipo.<br \/>3.6. T\u00e9cnicas y habilidades personales y sociales necesarias para el trabajo en equipo.<\/UL><\/p>\n<p><strong>UD4. La motivaci\u00f3n en la empresa.<\/strong><UL>4.1. Teor\u00edas de la Motivaci\u00f3n.<br \/>4.2. Tipos de motivaci\u00f3n y est\u00e1ndares de eficacia.<\/UL><\/p>\n<p><strong>UD5. T\u00e9cnicas de evitaci\u00f3n y resoluci\u00f3n de conflictos.<\/strong><UL>5.1. Habilidades personales y sociales necesarias.<\/UL><\/p>\n<p><strong>UD6. La orientaci\u00f3n al cambio.<\/strong><UL>6.1. Principales inconvenientes y resistencia al cambio.<br \/>6.2. Habilidades personales y sociales necesarias para la motivaci\u00f3n al cambio.<\/UL><\/p>\n","protected":false},"excerpt":{"rendered":"<ul>\n<li>Aplicar habilidades personales y sociales en procesos de gesti\u00f3n de recursos humanos.<\/li>\n<li>Aplicar las t\u00e9cnicas y habilidades del liderazgo para favorecer la integraci\u00f3n y la eficiencia del trabajo en equipo e impedir la aparici\u00f3n de conflictos.<\/li>\n<\/ul>\n","protected":false},"featured_media":597,"comment_status":"open","ping_status":"closed","template":"","meta":{"neve_meta_sidebar":"","neve_meta_container":"","neve_meta_enable_content_width":"","neve_meta_content_width":0,"neve_meta_title_alignment":"","neve_meta_author_avatar":"","neve_post_elements_order":"","neve_meta_disable_header":"","neve_meta_disable_footer":"","neve_meta_disable_title":""},"product_brand":[],"product_cat":[24,22,23],"product_tag":[],"class_list":{"0":"post-608","1":"product","2":"type-product","3":"status-publish","4":"has-post-thumbnail","6":"product_cat-administracion-y-gestion","7":"product_cat-cursos","8":"product_cat-cursos-de-especializacion","10":"first","11":"instock","12":"featured","13":"sold-individually","14":"shipping-taxable","15":"purchasable","16":"product-type-simple"},"_links":{"self":[{"href":"https:\/\/camonclass.com\/tienda\/wp-json\/wp\/v2\/product\/608","targetHints":{"allow":["GET"]}}],"collection":[{"href":"https:\/\/camonclass.com\/tienda\/wp-json\/wp\/v2\/product"}],"about":[{"href":"https:\/\/camonclass.com\/tienda\/wp-json\/wp\/v2\/types\/product"}],"replies":[{"embeddable":true,"href":"https:\/\/camonclass.com\/tienda\/wp-json\/wp\/v2\/comments?post=608"}],"wp:featuredmedia":[{"embeddable":true,"href":"https:\/\/camonclass.com\/tienda\/wp-json\/wp\/v2\/media\/597"}],"wp:attachment":[{"href":"https:\/\/camonclass.com\/tienda\/wp-json\/wp\/v2\/media?parent=608"}],"wp:term":[{"taxonomy":"product_brand","embeddable":true,"href":"https:\/\/camonclass.com\/tienda\/wp-json\/wp\/v2\/product_brand?post=608"},{"taxonomy":"product_cat","embeddable":true,"href":"https:\/\/camonclass.com\/tienda\/wp-json\/wp\/v2\/product_cat?post=608"},{"taxonomy":"product_tag","embeddable":true,"href":"https:\/\/camonclass.com\/tienda\/wp-json\/wp\/v2\/product_tag?post=608"}],"curies":[{"name":"wp","href":"https:\/\/api.w.org\/{rel}","templated":true}]}}