{"id":609,"date":"2022-07-25T16:38:08","date_gmt":"2022-07-25T16:38:08","guid":{"rendered":"https:\/\/camonclass.vertice.org\/formacion\/utilizacion-de-las-bases-de-datos-relacionales-en-el-sistema-de-gestion-y-almacenamiento-de-datos\/"},"modified":"2022-07-25T16:38:08","modified_gmt":"2022-07-25T16:38:08","slug":"utilizacion-de-las-bases-de-datos-relacionales-en-el-sistema-de-gestion-y-almacenamiento-de-datos","status":"publish","type":"product","link":"https:\/\/camonclass.com\/tienda\/formacion\/utilizacion-de-las-bases-de-datos-relacionales-en-el-sistema-de-gestion-y-almacenamiento-de-datos\/","title":{"rendered":"Utilizaci\u00f3n de las bases de datos relacionales en el sistema de gesti\u00f3n y almacenamiento de datos"},"content":{"rendered":"<p><strong>UD1. Arquitectura y mantenimiento b\u00e1sico de equipos inform\u00e1ticos de oficina.<\/strong><UL>1.1. Arquitectura b\u00e1sica de un ordenador: evoluci\u00f3n tipos elementos y esquemas funcionales.<br \/>1.2. Utilizaci\u00f3n de Redes de \u00e1rea local.<br \/>1.3. Instalaci\u00f3n de componentes f\u00edsicos de comunicaciones.<br \/>1.4. Procedimientos de mantenimiento preventivo.<\/UL><\/p>\n<p><strong>UD2. Bases de datos relacionales no complejas.<\/strong><UL>2.1. Concepto de sistema gestor de almacenamiento de datos.<br \/>2.2. Planificaci\u00f3n y dise\u00f1o de un sistema gestor de base de datos.<\/UL><\/p>\n<p><strong>UD3. B\u00fasqueda de la informaci\u00f3n en las bases de datos.<\/strong><UL>3.1. Estructura y tipos de una base de datos.<br \/>3.2. Principales funciones de aplicaciones inform\u00e1ticas de gesti\u00f3n.<br \/>3.3. Operaciones b\u00e1sicas de bases de datos en hojas de c\u00e1lculo.<br \/>3.4. Comandos. Conceptos generales.<br \/>3.5. Los gr\u00e1ficos. Conceptos generales.<br \/>3.6. Sistemas gestores de bases de datos. Definici\u00f3n.<br \/>3.7. Funcionalidades de simplificaci\u00f3n de datos.<\/UL><\/p>\n<p><strong>UD4. B\u00fasquedas avanzadas de datos.<\/strong><UL>4.1. Consultas. Elementos de lenguajes consulta de datos: SQL u otros.<br \/>4.2. Creaci\u00f3n desarrollo y personalizaci\u00f3n de formularios e informes avanzados.<br \/>4.3. Creaci\u00f3n y uso de controles:.<br \/>4.4. Procesos de visualizaci\u00f3n e impresi\u00f3n de archivos formularios e informes.<\/UL><\/p>\n<p><strong>UD5. Sistematizaci\u00f3n de acciones repetitivas en las bases de datos.<\/strong><UL>5.1. Creaci\u00f3n de macros b\u00e1sicas.<br \/>5.2. Generaci\u00f3n y exportaci\u00f3n de documentos HTML u otros.<br \/>5.3. Personalizaci\u00f3n del interfaz de usuario de sistemas gestores de bases de datos.<\/UL><\/p>\n","protected":false},"excerpt":{"rendered":"<ul>\n<li>Resolver los problemas e incidencias b\u00e1sicas del equipo inform\u00e1tico a nivel de usuario consiguiendo un grado de funcionamiento adecuado.<\/li>\n<li>Dise\u00f1ar bases de datos relacionales b\u00e1sicas y no complejas de acuerdo con objetivos de gesti\u00f3n diarios determinando los diferentes archivos de almacenamiento y recuperaci\u00f3n de la informaci\u00f3n junto con las relaciones m\u00e1s adecuadas al tipo de informaci\u00f3n que contienen.<\/li>\n<li>Analizar las utilidades de las aplicaciones inform\u00e1ticas de gesti\u00f3n de bases de datos determinando los formatos m\u00e1s adecuados para la introducci\u00f3n recuperaci\u00f3n y presentaci\u00f3n de la informaci\u00f3n con rapidez y precisi\u00f3n y de acuerdo con protocolosde organizaciones tipo.<\/li>\n<li>Automatizar operaciones repetitivas sencillas y el acceso a la informaci\u00f3n en las bases de datos identificando sus instrucciones de ejecuci\u00f3n principales y utilizando con precisi\u00f3n las herramientas inform\u00e1ticas disponibles de creaci\u00f3n de macros.<\/li>\n<li>Analizar los procedimientos que garantizan la integridad seguridad disponibilidad y confidencialidad del sistema de gesti\u00f3n inform\u00e1tico.<\/li>\n<\/ul>\n","protected":false},"featured_media":597,"comment_status":"open","ping_status":"closed","template":"","meta":{"neve_meta_sidebar":"","neve_meta_container":"","neve_meta_enable_content_width":"","neve_meta_content_width":0,"neve_meta_title_alignment":"","neve_meta_author_avatar":"","neve_post_elements_order":"","neve_meta_disable_header":"","neve_meta_disable_footer":"","neve_meta_disable_title":""},"product_brand":[],"product_cat":[24,22,23],"product_tag":[],"class_list":{"0":"post-609","1":"product","2":"type-product","3":"status-publish","4":"has-post-thumbnail","6":"product_cat-administracion-y-gestion","7":"product_cat-cursos","8":"product_cat-cursos-de-especializacion","10":"first","11":"instock","12":"sold-individually","13":"shipping-taxable","14":"purchasable","15":"product-type-simple"},"_links":{"self":[{"href":"https:\/\/camonclass.com\/tienda\/wp-json\/wp\/v2\/product\/609","targetHints":{"allow":["GET"]}}],"collection":[{"href":"https:\/\/camonclass.com\/tienda\/wp-json\/wp\/v2\/product"}],"about":[{"href":"https:\/\/camonclass.com\/tienda\/wp-json\/wp\/v2\/types\/product"}],"replies":[{"embeddable":true,"href":"https:\/\/camonclass.com\/tienda\/wp-json\/wp\/v2\/comments?post=609"}],"wp:featuredmedia":[{"embeddable":true,"href":"https:\/\/camonclass.com\/tienda\/wp-json\/wp\/v2\/media\/597"}],"wp:attachment":[{"href":"https:\/\/camonclass.com\/tienda\/wp-json\/wp\/v2\/media?parent=609"}],"wp:term":[{"taxonomy":"product_brand","embeddable":true,"href":"https:\/\/camonclass.com\/tienda\/wp-json\/wp\/v2\/product_brand?post=609"},{"taxonomy":"product_cat","embeddable":true,"href":"https:\/\/camonclass.com\/tienda\/wp-json\/wp\/v2\/product_cat?post=609"},{"taxonomy":"product_tag","embeddable":true,"href":"https:\/\/camonclass.com\/tienda\/wp-json\/wp\/v2\/product_tag?post=609"}],"curies":[{"name":"wp","href":"https:\/\/api.w.org\/{rel}","templated":true}]}}