{"id":610,"date":"2022-07-25T16:38:08","date_gmt":"2022-07-25T16:38:08","guid":{"rendered":"https:\/\/camonclass.vertice.org\/formacion\/gestion-administrativa-del-proceso-comercial\/"},"modified":"2022-07-25T16:38:08","modified_gmt":"2022-07-25T16:38:08","slug":"gestion-administrativa-del-proceso-comercial","status":"publish","type":"product","link":"https:\/\/camonclass.com\/tienda\/formacion\/gestion-administrativa-del-proceso-comercial\/","title":{"rendered":"Gesti\u00f3n administrativa del proceso comercial"},"content":{"rendered":"<p><strong>UD1. Tramitaci\u00f3n administrativa del procedimiento de operaciones de compra-venta convencional.<\/strong><UL>1.1. Selecci\u00f3n de proveedores: Criterios de selecci\u00f3n.<br \/>1.2. Gesti\u00f3n administrativa del seguimiento de clientes.<br \/>1.3. Identificaci\u00f3n de documentos b\u00e1sicos.<br \/>1.4. Confecci\u00f3n y cumplimentaci\u00f3n de documentaci\u00f3n administrativa en operaciones de compraventa.<br \/>1.5. Identificaci\u00f3n y c\u00e1lculo comercial en las operaciones de compra y venta.<br \/>1.6. Cotejo de los datos de los documentos formalizados con: los precedentes los datos proporcionados por clientes-proveedores.<br \/>1.7. Tramitaci\u00f3n y gesti\u00f3n de las incidencias detectadas en el procedimiento administrativo de compra-venta.<br \/>1.8. Aplicaci\u00f3n de la normativa vigente en materia de actualizaci\u00f3n seguridad y confidencialidad.<\/UL><\/p>\n<p><strong>UD2. Aplicaci\u00f3n de la normativa mercantil y fiscal vigente en las operaciones de compraventa.<\/strong><UL>2.1. Legislaci\u00f3n mercantil b\u00e1sica.<br \/>2.2. Legislaci\u00f3n fiscal b\u00e1sica.<br \/>2.3. Legislaci\u00f3n sobre IVA.<br \/>2.4. Conceptos b\u00e1sicos de Legislaci\u00f3n mercantil y fiscal de la Uni\u00f3n Europea: Directivas Comunitarias y operaciones intracomunitarias.<\/UL><\/p>\n<p><strong>UD3. Gesti\u00f3n de stocks e inventarios.<\/strong><UL>3.1. Conceptos b\u00e1sicos: existencias materias primas embalaje envasado y etiquetado.<br \/>3.2. Almacenamiento: sistemas de almacenaje ubicaci\u00f3n de existencias an\u00e1lisis de la rotaci\u00f3n.<br \/>3.3. Procedimiento administrativo de la gesti\u00f3n de almac\u00e9n.<br \/>3.4. Sistemas de gesti\u00f3n de existencias convencionales: caracter\u00edsticas y aplicaci\u00f3n pr\u00e1ctica.<br \/>3.5. Control de calidad en la gesti\u00f3n de almac\u00e9n.<br \/>3.6. Los distintos sistemas de control de calidad: aspectos b\u00e1sicos.<\/UL><\/p>\n","protected":false},"excerpt":{"rendered":"<ul>\n<li>Confeccionar los documentos b\u00e1sicos de las operaciones de compraventa, utilizando los medios inform\u00e1ticos o telem\u00e1ticos, realizando los c\u00e1lculos necesarios y aplicando la legislaci\u00f3n mercantil y fiscal vigente <\/li>\n<li>Aplicar m\u00e9todos de control de existencias, teniendo en cuenta los principales sistemas de gesti\u00f3n de almac\u00e9n y las tipolog\u00edas de productos y\/o servicios, en distintas actividades empresariales <\/li>\n<\/ul>\n","protected":false},"featured_media":597,"comment_status":"open","ping_status":"closed","template":"","meta":{"neve_meta_sidebar":"","neve_meta_container":"","neve_meta_enable_content_width":"","neve_meta_content_width":0,"neve_meta_title_alignment":"","neve_meta_author_avatar":"","neve_post_elements_order":"","neve_meta_disable_header":"","neve_meta_disable_footer":"","neve_meta_disable_title":""},"product_brand":[],"product_cat":[24,22,23],"product_tag":[],"class_list":{"0":"post-610","1":"product","2":"type-product","3":"status-publish","4":"has-post-thumbnail","6":"product_cat-administracion-y-gestion","7":"product_cat-cursos","8":"product_cat-cursos-de-especializacion","10":"first","11":"instock","12":"sold-individually","13":"shipping-taxable","14":"purchasable","15":"product-type-simple"},"_links":{"self":[{"href":"https:\/\/camonclass.com\/tienda\/wp-json\/wp\/v2\/product\/610","targetHints":{"allow":["GET"]}}],"collection":[{"href":"https:\/\/camonclass.com\/tienda\/wp-json\/wp\/v2\/product"}],"about":[{"href":"https:\/\/camonclass.com\/tienda\/wp-json\/wp\/v2\/types\/product"}],"replies":[{"embeddable":true,"href":"https:\/\/camonclass.com\/tienda\/wp-json\/wp\/v2\/comments?post=610"}],"wp:featuredmedia":[{"embeddable":true,"href":"https:\/\/camonclass.com\/tienda\/wp-json\/wp\/v2\/media\/597"}],"wp:attachment":[{"href":"https:\/\/camonclass.com\/tienda\/wp-json\/wp\/v2\/media?parent=610"}],"wp:term":[{"taxonomy":"product_brand","embeddable":true,"href":"https:\/\/camonclass.com\/tienda\/wp-json\/wp\/v2\/product_brand?post=610"},{"taxonomy":"product_cat","embeddable":true,"href":"https:\/\/camonclass.com\/tienda\/wp-json\/wp\/v2\/product_cat?post=610"},{"taxonomy":"product_tag","embeddable":true,"href":"https:\/\/camonclass.com\/tienda\/wp-json\/wp\/v2\/product_tag?post=610"}],"curies":[{"name":"wp","href":"https:\/\/api.w.org\/{rel}","templated":true}]}}