{"id":611,"date":"2022-07-25T16:38:09","date_gmt":"2022-07-25T16:38:09","guid":{"rendered":"https:\/\/camonclass.vertice.org\/formacion\/plan-general-de-contabilidad\/"},"modified":"2022-07-25T16:38:09","modified_gmt":"2022-07-25T16:38:09","slug":"plan-general-de-contabilidad","status":"publish","type":"product","link":"https:\/\/camonclass.com\/tienda\/formacion\/plan-general-de-contabilidad\/","title":{"rendered":"Plan general de contabilidad"},"content":{"rendered":"<p><P><STRONG>UD1. Interpretaci\u00f3n de la documentaci\u00f3n y de la normativa mercantil y contable.<\/STRONG><BR>1. Documentaci\u00f3n mercantil y contable.<BR>1.1. Documentos-justificantes mercantiles tipo y su interpretaci\u00f3n.<BR>1.2. Organizaci\u00f3n y archivo de los documentos mercantiles.<BR>1.3. Libros contables obligatorios y auxiliares.<BR>2. La Empresa: clases de empresas.<BR>2.1. Criterios de clasificaci\u00f3n de las empresas.<BR>2.2. Clasificaci\u00f3n seg\u00fan su actividad econ\u00f3mica.<BR>2.3. Clasificaci\u00f3n seg\u00fan su forma jur\u00eddica.<BR>2.4. Clasificaci\u00f3n seg\u00fan su dimensi\u00f3n.<BR>2.5. Clasificaci\u00f3n seg\u00fan la titularidad del capital.<BR>2.6. Clasificaci\u00f3n seg\u00fan su \u00e1mbito geogr\u00e1fico.<BR>2.7. Las Peque\u00f1as y Medianas Empresas (PYME).<BR>3. Conceptos b\u00e1sicos: ingreso-cobro; gasto-pago.<\/P><br \/>\n <P><STRONG>UD2. El patrimonio de la empresa.<BR><\/STRONG>1. Concepto contable de patrimonio.<BR>1.1. Introducci\u00f3n.<BR>1.2. Elementos patrimoniales.<BR>2. Inventario y masas patrimoniales.<BR>2.1. Concepto de inventario.<BR>2.2. Clases de inventario.<BR>2.3. Fases de la inventarizaci\u00f3n.<BR>2.4. Estructura del inventario.<BR>3. Clasificaci\u00f3n de las masas patrimoniales.<BR>4. El equilibrio patrimonial.<BR>5. Estructura del balance de situaci\u00f3n.<BR>6. Diferencias entre el inventario y el balance de situaci\u00f3n.<\/P><br \/>\n <P><STRONG>UD3. Registros contables de la actividad empresarial.<\/STRONG><BR>1. El instrumento de representaci\u00f3n contable: Teor\u00eda de las cuentas. Concepto de cargo y abono. Cuentas de Activo-Pasivo. Cuentas de gastos e ingresos.<BR>1.1. Teor\u00eda de las cuentas.<BR>2. El m\u00e9todo de registro contable: La partida doble. Aplicaci\u00f3n del m\u00e9todo en la contabilidad.<BR>3. Balance de comprobaci\u00f3n de sumas y saldos.<BR>3.1. Concepto de balance de comprobaci\u00f3n.<BR>3.2. El resultado de la gesti\u00f3n y su representaci\u00f3n contable: la cuenta de p\u00e9rdidas y ganancias.<BR>4. Plan General Contable en vigor.<BR>4.1. Introducci\u00f3n.<BR>4.2. El plan general de contabilidad espa\u00f1ol y la normalizaci\u00f3n contable.<BR>4.3. Estructura del plan general de contabilidad espa\u00f1ol.<BR>5. Amortizaci\u00f3n y provisi\u00f3n.<BR>5.1. Introducci\u00f3n. Diferencia entre amortizaci\u00f3n y provisi\u00f3n.<BR>5.2. Amortizaci\u00f3n y su tratamiento contable.<BR>6. Periodificaci\u00f3n de gastos e ingresos.<BR>6.1. La periodificaci\u00f3n contable.<BR>7. Realizar un ciclo contable b\u00e1sico completo. Cierre y apertura de la contabilidad.<BR>7.1. Concepto de ciclo contable.<BR>7.2. Las fases del ciclo contable.<BR>7.3. La fase de regularizaci\u00f3n.<BR>7.4. Cierre y apertura de la contabilidad.<BR>8. La responsabilidad y la confidencialidad en los registros contables: C\u00f3digo deontol\u00f3gico el delito contable normativa mercantil en torno al secreto contable.<BR>8.1. La resposabilidad y la confidencialidad en los registros contables.<BR>8.2. Codigo deontol\u00f3gico.<BR>8.3. El delito contable.<BR>8.4. El secreto de la contabilidad y sus limitaciones.<\/P><br \/>\n <P><STRONG>UD4. Contabilidad del IVA en los libros auxiliares.<\/STRONG><BR>1. Operaciones sujetas no sujetas y exentas al impuesto.<BR>1.1. Normativa aplicable.<BR>1.2. Operaciones sujetas. El hecho imponible.<BR>1.3. Operaciones no sujetas.<BR>1.4. Operaciones exentas.<BR>1.5. Sujeto pasivo.<BR>1.6. Devengo del impuesto.<BR>1.7. Base imponible.<BR>1.8. Reg\u00edmenes especiales.<BR>2. Tipos de IVA vigentes en Espa\u00f1a.<BR>3. Contabilizaci\u00f3n de IVA.<BR>3.1. El IVA soportado deducible y no deducible.<BR>3.2. El IVA repercutido.<BR>3.3. La contabilidad del IVA.<BR>4. El IVA en las operaciones intracomunitarias.<BR>4.1. Identificar facturas con IVA intracomunitario.<BR>4.2. Contabilizaci\u00f3n.<BR>5. Liquidaci\u00f3n del Impuesto.<BR>5.1. Plazos de declaraci\u00f3n-liquidaci\u00f3n.<BR>5.2. Explicar c\u00f3mo se realiza una liquidaci\u00f3n del IVA.<BR>5.3. Realizar con ejemplos pr\u00e1cticos una liquidaci\u00f3n del modelo empleado para Pymes.<BR>6. Libros de registro de IVA.<BR>6.1. Libro de registro de facturas expedidas.<BR>6.2. Libro de registro de facturas recibidas.<\/P><\/p>\n","protected":false},"excerpt":{"rendered":"<ul>\n<li>Interpretar los documentos-justificantes mercantiles habituales derivados de la actividad empresarial y relevantes en la realizaci\u00f3n de los registros contables, reconociendo la informaci\u00f3n contenida en los mismos <\/li>\n<li>Registrar contablemente las operaciones econ\u00f3micas aplicando el m\u00e9todo contable de partida doble, sus instrumentos y sus fases <\/li>\n<li>Aplicar el m\u00e9todo contable de partida doble al registro de las transacciones econ\u00f3micas de acuerdo con las normas contables en vigor <\/li>\n<li>Cumplimentar los libros auxiliares de IVA y de bienes de inversi\u00f3n aplicando la normativa del impuesto <\/li>\n<\/ul>\n","protected":false},"featured_media":597,"comment_status":"open","ping_status":"closed","template":"","meta":{"neve_meta_sidebar":"","neve_meta_container":"","neve_meta_enable_content_width":"","neve_meta_content_width":0,"neve_meta_title_alignment":"","neve_meta_author_avatar":"","neve_post_elements_order":"","neve_meta_disable_header":"","neve_meta_disable_footer":"","neve_meta_disable_title":""},"product_brand":[],"product_cat":[24,22,23],"product_tag":[],"class_list":{"0":"post-611","1":"product","2":"type-product","3":"status-publish","4":"has-post-thumbnail","6":"product_cat-administracion-y-gestion","7":"product_cat-cursos","8":"product_cat-cursos-de-especializacion","10":"first","11":"instock","12":"sold-individually","13":"shipping-taxable","14":"purchasable","15":"product-type-simple"},"_links":{"self":[{"href":"https:\/\/camonclass.com\/tienda\/wp-json\/wp\/v2\/product\/611","targetHints":{"allow":["GET"]}}],"collection":[{"href":"https:\/\/camonclass.com\/tienda\/wp-json\/wp\/v2\/product"}],"about":[{"href":"https:\/\/camonclass.com\/tienda\/wp-json\/wp\/v2\/types\/product"}],"replies":[{"embeddable":true,"href":"https:\/\/camonclass.com\/tienda\/wp-json\/wp\/v2\/comments?post=611"}],"wp:featuredmedia":[{"embeddable":true,"href":"https:\/\/camonclass.com\/tienda\/wp-json\/wp\/v2\/media\/597"}],"wp:attachment":[{"href":"https:\/\/camonclass.com\/tienda\/wp-json\/wp\/v2\/media?parent=611"}],"wp:term":[{"taxonomy":"product_brand","embeddable":true,"href":"https:\/\/camonclass.com\/tienda\/wp-json\/wp\/v2\/product_brand?post=611"},{"taxonomy":"product_cat","embeddable":true,"href":"https:\/\/camonclass.com\/tienda\/wp-json\/wp\/v2\/product_cat?post=611"},{"taxonomy":"product_tag","embeddable":true,"href":"https:\/\/camonclass.com\/tienda\/wp-json\/wp\/v2\/product_tag?post=611"}],"curies":[{"name":"wp","href":"https:\/\/api.w.org\/{rel}","templated":true}]}}