{"id":612,"date":"2022-07-25T16:38:09","date_gmt":"2022-07-25T16:38:09","guid":{"rendered":"https:\/\/camonclass.vertice.org\/formacion\/gestion-auxiliar-de-documentacion-economico-administrativa-y-comercial\/"},"modified":"2022-07-25T16:38:09","modified_gmt":"2022-07-25T16:38:09","slug":"gestion-auxiliar-de-documentacion-economico-administrativa-y-comercial","status":"publish","type":"product","link":"https:\/\/camonclass.com\/tienda\/formacion\/gestion-auxiliar-de-documentacion-economico-administrativa-y-comercial\/","title":{"rendered":"Gesti\u00f3n auxiliar de documentaci\u00f3n econ\u00f3mico-administrativa y comercial"},"content":{"rendered":"<p><strong>UD1. Gesti\u00f3n auxiliar de documentaci\u00f3n administrativa b\u00e1sica.<\/strong><UL>1.1. Los documentos administrativos en entidades p\u00fablicas y privadas.<br \/>1.2. Documentos administrativos en la gesti\u00f3n de la compraventa.<br \/>1.3. Documentos administrativos en la gesti\u00f3n productiva y de personal.<br \/>1.4. Otros documentos administrativos y empresariales.<br \/>1.5. Operaciones inform\u00e1ticas de facturaci\u00f3n y n\u00f3minas.<\/UL><\/p>\n<p><strong>UD2. Gesti\u00f3n b\u00e1sica de tesorer\u00eda.<\/strong><UL>2.1. Operaciones b\u00e1sicas de cobro y pago.<br \/>2.2. Los medios de cobro y pago.<br \/>2.3. Documentos de cobro y pago al contado.<br \/>2.4. Documentos de cobro y pago a cr\u00e9dito.<br \/>2.5. El libro auxiliar de Caja.<br \/>2.6. 1 Elementos.<br \/>2.7. Principios de confidencialidad en operaciones de tesorer\u00eda.<br \/>2.8. Operaciones y medios inform\u00e1ticos de gesti\u00f3n de tesorer\u00eda.<\/UL><\/p>\n<p><strong>UD3. Gesti\u00f3n y control b\u00e1sico de existencias.<\/strong><UL>3.1. Material y equipos de oficina.<br \/>3.2. El aprovisionamiento de existencias.<br \/>3.3. Gesti\u00f3n b\u00e1sica de existencias.<br \/>3.4. Control b\u00e1sico de las existencias.<\/UL><\/p>\n","protected":false},"excerpt":{"rendered":"<ul>\n<li>Aplicar las t\u00e9cnicas de registro y clasificaci\u00f3n de la documentaci\u00f3n administrativa b\u00e1sica especificando su funci\u00f3n elementos y requisitos fundamentales a trav\u00e9s de aplicaciones inform\u00e1ticas adecuadas.<\/li>\n<li>Operar con medios de pago b\u00e1sicos identificando los requisitos fundamentales de los justificantes de las operaciones los emisores y receptores y los importes y c\u00e1lculos necesarios.<\/li>\n<li>Aplicar procedimientos de control de existencias de documentaci\u00f3n material y equipos de oficina y los m\u00e9todos de registro y acceso y el stock de seguridad establecido.<\/li>\n<\/ul>\n","protected":false},"featured_media":597,"comment_status":"open","ping_status":"closed","template":"","meta":{"neve_meta_sidebar":"","neve_meta_container":"","neve_meta_enable_content_width":"","neve_meta_content_width":0,"neve_meta_title_alignment":"","neve_meta_author_avatar":"","neve_post_elements_order":"","neve_meta_disable_header":"","neve_meta_disable_footer":"","neve_meta_disable_title":""},"product_brand":[],"product_cat":[24,22,23],"product_tag":[],"class_list":{"0":"post-612","1":"product","2":"type-product","3":"status-publish","4":"has-post-thumbnail","6":"product_cat-administracion-y-gestion","7":"product_cat-cursos","8":"product_cat-cursos-de-especializacion","10":"first","11":"instock","12":"sold-individually","13":"shipping-taxable","14":"purchasable","15":"product-type-simple"},"_links":{"self":[{"href":"https:\/\/camonclass.com\/tienda\/wp-json\/wp\/v2\/product\/612","targetHints":{"allow":["GET"]}}],"collection":[{"href":"https:\/\/camonclass.com\/tienda\/wp-json\/wp\/v2\/product"}],"about":[{"href":"https:\/\/camonclass.com\/tienda\/wp-json\/wp\/v2\/types\/product"}],"replies":[{"embeddable":true,"href":"https:\/\/camonclass.com\/tienda\/wp-json\/wp\/v2\/comments?post=612"}],"wp:featuredmedia":[{"embeddable":true,"href":"https:\/\/camonclass.com\/tienda\/wp-json\/wp\/v2\/media\/597"}],"wp:attachment":[{"href":"https:\/\/camonclass.com\/tienda\/wp-json\/wp\/v2\/media?parent=612"}],"wp:term":[{"taxonomy":"product_brand","embeddable":true,"href":"https:\/\/camonclass.com\/tienda\/wp-json\/wp\/v2\/product_brand?post=612"},{"taxonomy":"product_cat","embeddable":true,"href":"https:\/\/camonclass.com\/tienda\/wp-json\/wp\/v2\/product_cat?post=612"},{"taxonomy":"product_tag","embeddable":true,"href":"https:\/\/camonclass.com\/tienda\/wp-json\/wp\/v2\/product_tag?post=612"}],"curies":[{"name":"wp","href":"https:\/\/api.w.org\/{rel}","templated":true}]}}