{"id":613,"date":"2022-07-25T16:38:09","date_gmt":"2022-07-25T16:38:09","guid":{"rendered":"https:\/\/camonclass.vertice.org\/formacion\/comunicacion-oral-y-escrita-en-la-empresa\/"},"modified":"2022-07-25T16:38:09","modified_gmt":"2022-07-25T16:38:09","slug":"comunicacion-oral-y-escrita-en-la-empresa","status":"publish","type":"product","link":"https:\/\/camonclass.com\/tienda\/formacion\/comunicacion-oral-y-escrita-en-la-empresa\/","title":{"rendered":"Comunicaci\u00f3n oral y escrita en la empresa"},"content":{"rendered":"<p><strong>UD1. La comunicaci\u00f3n oral.<\/strong><UL>1.1. El lenguaje oral.<br \/>1.2. La comunicaci\u00f3n no verbal.<br \/>1.3. La comunicaci\u00f3n verbal y no verbal en la comunicaci\u00f3n presencial.<br \/>1.4. La comunicaci\u00f3n telef\u00f3nica.<br \/>1.5. Normas de seguridad registro y confidencialidad en la comunicaci\u00f3n presencial y telef\u00f3nica.<\/UL><\/p>\n<p><strong>UD2. La comunicaci\u00f3n escrita.<\/strong><UL>2.1. La escritura como medio de comunicaci\u00f3n.<br \/>2.2. Equipos y sistemas de comunicaci\u00f3n escrita.<br \/>2.3. Comunicaciones escritas internas de car\u00e1cter breve.<\/UL><\/p>\n<p><strong>UD3. Aplicaciones y medios inform\u00e1ticos que intervienen en la gesti\u00f3n de la comunicaci\u00f3n empresarial.<\/strong><UL>3.1. El correo electr\u00f3nico.<br \/>3.2. La agenda electr\u00f3nica.<br \/>3.3. Procesador de texto.<\/UL><\/p>\n","protected":false},"excerpt":{"rendered":"<ul>\n<li>Aplicar t\u00e9cnicas de comunicaci\u00f3n escrita en la confecci\u00f3n y cumplimentado de avisos r\u00f3tulos u otros documentos de informaci\u00f3n an\u00e1logos mediante la utilizaci\u00f3n de instrumentos de escritura manuales o electr\u00f3nicos.<\/li>\n<li>Utilizar t\u00e9cnicas b\u00e1sicas de comunicaci\u00f3n presencial transmitiendo informaci\u00f3n operativa y de imagen corporativa de acuerdo con los usos y costumbres socioprofesionales rutinarios de organizaciones e interlocutores tipo.<\/li>\n<li>Utilizar t\u00e9cnicas b\u00e1sicas de comunicaci\u00f3n telef\u00f3nica y telem\u00e1tica para proporcionar informaci\u00f3n operativa aplicando los protocolos y pautas de imagen corporativa tipo en la actuaci\u00f3n empresarial.<\/li>\n<\/ul>\n","protected":false},"featured_media":597,"comment_status":"open","ping_status":"closed","template":"","meta":{"neve_meta_sidebar":"","neve_meta_container":"","neve_meta_enable_content_width":"","neve_meta_content_width":0,"neve_meta_title_alignment":"","neve_meta_author_avatar":"","neve_post_elements_order":"","neve_meta_disable_header":"","neve_meta_disable_footer":"","neve_meta_disable_title":""},"product_brand":[],"product_cat":[24,22,23],"product_tag":[],"class_list":{"0":"post-613","1":"product","2":"type-product","3":"status-publish","4":"has-post-thumbnail","6":"product_cat-administracion-y-gestion","7":"product_cat-cursos","8":"product_cat-cursos-de-especializacion","10":"first","11":"instock","12":"sold-individually","13":"shipping-taxable","14":"purchasable","15":"product-type-simple"},"_links":{"self":[{"href":"https:\/\/camonclass.com\/tienda\/wp-json\/wp\/v2\/product\/613","targetHints":{"allow":["GET"]}}],"collection":[{"href":"https:\/\/camonclass.com\/tienda\/wp-json\/wp\/v2\/product"}],"about":[{"href":"https:\/\/camonclass.com\/tienda\/wp-json\/wp\/v2\/types\/product"}],"replies":[{"embeddable":true,"href":"https:\/\/camonclass.com\/tienda\/wp-json\/wp\/v2\/comments?post=613"}],"wp:featuredmedia":[{"embeddable":true,"href":"https:\/\/camonclass.com\/tienda\/wp-json\/wp\/v2\/media\/597"}],"wp:attachment":[{"href":"https:\/\/camonclass.com\/tienda\/wp-json\/wp\/v2\/media?parent=613"}],"wp:term":[{"taxonomy":"product_brand","embeddable":true,"href":"https:\/\/camonclass.com\/tienda\/wp-json\/wp\/v2\/product_brand?post=613"},{"taxonomy":"product_cat","embeddable":true,"href":"https:\/\/camonclass.com\/tienda\/wp-json\/wp\/v2\/product_cat?post=613"},{"taxonomy":"product_tag","embeddable":true,"href":"https:\/\/camonclass.com\/tienda\/wp-json\/wp\/v2\/product_tag?post=613"}],"curies":[{"name":"wp","href":"https:\/\/api.w.org\/{rel}","templated":true}]}}