{"id":614,"date":"2022-07-25T16:38:09","date_gmt":"2022-07-25T16:38:09","guid":{"rendered":"https:\/\/camonclass.vertice.org\/formacion\/marco-organizativo-y-normativo-de-las-administraciones-publicas-y-de-la-union-europea\/"},"modified":"2022-07-25T16:38:09","modified_gmt":"2022-07-25T16:38:09","slug":"marco-organizativo-y-normativo-de-las-administraciones-publicas-y-de-la-union-europea","status":"publish","type":"product","link":"https:\/\/camonclass.com\/tienda\/formacion\/marco-organizativo-y-normativo-de-las-administraciones-publicas-y-de-la-union-europea\/","title":{"rendered":"Marco organizativo y normativo de las administraciones p\u00fablicas y de la Uni\u00f3n Europea"},"content":{"rendered":"<p><strong>UD1. La organizaci\u00f3n de las Administraciones P\u00fablicas.<\/strong><UL>1.1. La Constituci\u00f3n espa\u00f1ola: estructura y contenidos.<br \/>1.2. Divisi\u00f3n de poderes.<br \/>1.3. La Administraci\u00f3n del Estado.<br \/>1.4. La Administraci\u00f3n Auton\u00f3mica.<br \/>1.5. La Administraci\u00f3n Local.<br \/>1.6. Fuentes del Derecho.<br \/>1.7. Identificaci\u00f3n de las normas jur\u00eddicas y \u00f3rganos de elaboraci\u00f3n aprobaci\u00f3n y publicaci\u00f3n.<br \/>1.8. El Bolet\u00edn Oficial de Estado y los Boletines Auton\u00f3micos.<br \/>1.9. Bases de datos de documentaci\u00f3n jur\u00eddica en Internet.<\/UL><\/p>\n<p><strong>UD2. Marco organizativo y normativo de la Uni\u00f3n Europea.<\/strong><UL>2.1. La Uni\u00f3n Europea.<br \/>2.2. Instituciones y \u00d3rganos comunitarios.<br \/>2.3. Ordenamiento jur\u00eddico comunitario.<br \/>2.4. Diario Oficial de la Uni\u00f3n Europea.<\/UL><\/p>\n<p><strong>UD3. Actuaci\u00f3n ante las Administraciones P\u00fablicas.<\/strong><UL>3.1. El acto administrativo.<br \/>3.2. Procedimiento administrativo.<br \/>3.3. El recurso administrativo.<br \/>3.4. El proceso contencioso administrativo.<br \/>3.5. Documentos de las fases del procedimiento administrativo y recursos.<br \/>3.6. La firma electr\u00f3nica.<\/UL><\/p>\n","protected":false},"excerpt":{"rendered":"<ul>\n<li>Distinguir la organizaci\u00f3n de las Administraciones P\u00fablicas establecidas en la Constituci\u00f3n as\u00ed como las instituciones de la Uni\u00f3n Europea identificando las normas jur\u00eddicas aplicables y su publicaci\u00f3n.<\/li>\n<li>Aplicar la normativa de los procedimientos administrativo y contenciosoadministrativo en la cumplimentaci\u00f3n redacci\u00f3n y presentaci\u00f3n de documentos e impresos oficiales tipo de los Organismos y Administraciones P\u00fablicas de acuerdo con la naturaleza de la informaci\u00f3n a expresar.<\/li>\n<\/ul>\n","protected":false},"featured_media":597,"comment_status":"open","ping_status":"closed","template":"","meta":{"neve_meta_sidebar":"","neve_meta_container":"","neve_meta_enable_content_width":"","neve_meta_content_width":0,"neve_meta_title_alignment":"","neve_meta_author_avatar":"","neve_post_elements_order":"","neve_meta_disable_header":"","neve_meta_disable_footer":"","neve_meta_disable_title":""},"product_brand":[],"product_cat":[24,22,23],"product_tag":[],"class_list":{"0":"post-614","1":"product","2":"type-product","3":"status-publish","4":"has-post-thumbnail","6":"product_cat-administracion-y-gestion","7":"product_cat-cursos","8":"product_cat-cursos-de-especializacion","10":"first","11":"instock","12":"sold-individually","13":"shipping-taxable","14":"purchasable","15":"product-type-simple"},"_links":{"self":[{"href":"https:\/\/camonclass.com\/tienda\/wp-json\/wp\/v2\/product\/614","targetHints":{"allow":["GET"]}}],"collection":[{"href":"https:\/\/camonclass.com\/tienda\/wp-json\/wp\/v2\/product"}],"about":[{"href":"https:\/\/camonclass.com\/tienda\/wp-json\/wp\/v2\/types\/product"}],"replies":[{"embeddable":true,"href":"https:\/\/camonclass.com\/tienda\/wp-json\/wp\/v2\/comments?post=614"}],"wp:featuredmedia":[{"embeddable":true,"href":"https:\/\/camonclass.com\/tienda\/wp-json\/wp\/v2\/media\/597"}],"wp:attachment":[{"href":"https:\/\/camonclass.com\/tienda\/wp-json\/wp\/v2\/media?parent=614"}],"wp:term":[{"taxonomy":"product_brand","embeddable":true,"href":"https:\/\/camonclass.com\/tienda\/wp-json\/wp\/v2\/product_brand?post=614"},{"taxonomy":"product_cat","embeddable":true,"href":"https:\/\/camonclass.com\/tienda\/wp-json\/wp\/v2\/product_cat?post=614"},{"taxonomy":"product_tag","embeddable":true,"href":"https:\/\/camonclass.com\/tienda\/wp-json\/wp\/v2\/product_tag?post=614"}],"curies":[{"name":"wp","href":"https:\/\/api.w.org\/{rel}","templated":true}]}}