{"id":615,"date":"2022-07-25T16:38:09","date_gmt":"2022-07-25T16:38:09","guid":{"rendered":"https:\/\/camonclass.vertice.org\/formacion\/gestion-de-la-documentacion-de-constitucion-y-de-contratacion-de-la-empresa\/"},"modified":"2022-07-25T16:38:09","modified_gmt":"2022-07-25T16:38:09","slug":"gestion-de-la-documentacion-de-constitucion-y-de-contratacion-de-la-empresa","status":"publish","type":"product","link":"https:\/\/camonclass.com\/tienda\/formacion\/gestion-de-la-documentacion-de-constitucion-y-de-contratacion-de-la-empresa\/","title":{"rendered":"Gesti\u00f3n de la documentaci\u00f3n de constituci\u00f3n y de contrataci\u00f3n de la empresa"},"content":{"rendered":"<p><strong>UD1. Documentaci\u00f3n legal de la constituci\u00f3n y funcionamiento ordinario de la empresa.<\/strong><UL>1.1. La empresa como ente jur\u00eddico y econ\u00f3mico.<br \/>1.2. El plan de empresa.<br \/>1.3. Tipos de empresas seg\u00fan su forma jur\u00eddica: Caracter\u00edsticas. Tr\u00e1mites de constituci\u00f3n. Documentos jur\u00eddicos necesarios para la constituci\u00f3n y funcionamiento. Fiscalidad. Ventajas e inconvenientes. Legislaci\u00f3n aplicable.<br \/>1.4. Elaboraci\u00f3n y an\u00e1lisis de los documentos de constituci\u00f3n y funcionamiento de las distintas formas jur\u00eddicas empresariales.<br \/>1.5. Elevaci\u00f3n a p\u00fablico de los documentos de constituci\u00f3n y gesti\u00f3n empresarial.<br \/>1.6. Obligaciones Contables.<br \/>1.7. Obligaciones Fiscales.<br \/>1.8. Obligaciones Laborales.<br \/>1.9. Registro p\u00fablico.<\/UL><\/p>\n<p><strong>UD2. Contrataci\u00f3n de la Empresa con Organizaciones y Administraciones P\u00fablicas.<\/strong><UL>2.1. Legislaci\u00f3n aplicable a los procesos de contrataci\u00f3n p\u00fablica.<br \/>2.2. Partes del contrato.<br \/>2.3. Procedimiento general de contrataci\u00f3n.<br \/>2.4. Pliego de prescripciones t\u00e9cnicas. Pliego de cl\u00e1usulas administrativas. Certificado de existencia de cr\u00e9dito. Fiscalizaci\u00f3n del gasto.<br \/>2.5. Modalidades de tramitaci\u00f3n del expediente.<br \/>2.6. Adjudicaci\u00f3n.<br \/>2.7. Formalizaci\u00f3n del contrato.<br \/>2.8. Fuentes de informaci\u00f3n y publicidad de concursos p\u00fablicos.<\/UL><\/p>\n<p><strong>UD3. Contrataci\u00f3n privada de la Empresa.<\/strong><UL>3.1. Proceso de contrataci\u00f3n privado.<br \/>3.2. Normativa civil y mercantil aplicable.<br \/>3.3. Tipos de contratos: Compraventa. Franquicia. Intermediaci\u00f3n comercial (Agencia. Comisi\u00f3n. Mediaci\u00f3n). Leasing y Renting. Factoring y Confirming.Transporte. Seguro.<br \/>3.4. B\u00fasqueda de modelos de contratos.<br \/>3.5. Cumplimentaci\u00f3n de modelos de contratos a trav\u00e9s de aplicaciones inform\u00e1ticas.<br \/>3.6. Archivo de la informaci\u00f3n y documentaci\u00f3n de cada contrato.<\/UL><\/p>\n","protected":false},"excerpt":{"rendered":"<ul>\n<li>Analizar los documentos jur\u00eddicos necesarios para la constituci\u00f3n y funcionamiento legal de las distintas organizaciones teniendo en cuenta la normativa civil y mercantil vigente.<\/li>\n<li>Distinguir los procesos y procedimientos de contrataci\u00f3n p\u00fablica interpretando la normativa jur\u00eddica aplicable a los tr\u00e1mites de preparaci\u00f3n y presentaci\u00f3n de documentaci\u00f3n tipo.<\/li>\n<li>Cumplimentar los modelos de contrataci\u00f3n privados m\u00e1s habituales en el \u00e1mbito empresarial identificando y aplicando la normativa civil y mercantil vigente.<\/li>\n<\/ul>\n","protected":false},"featured_media":597,"comment_status":"open","ping_status":"closed","template":"","meta":{"neve_meta_sidebar":"","neve_meta_container":"","neve_meta_enable_content_width":"","neve_meta_content_width":0,"neve_meta_title_alignment":"","neve_meta_author_avatar":"","neve_post_elements_order":"","neve_meta_disable_header":"","neve_meta_disable_footer":"","neve_meta_disable_title":""},"product_brand":[],"product_cat":[24,22,23],"product_tag":[],"class_list":{"0":"post-615","1":"product","2":"type-product","3":"status-publish","4":"has-post-thumbnail","6":"product_cat-administracion-y-gestion","7":"product_cat-cursos","8":"product_cat-cursos-de-especializacion","10":"first","11":"instock","12":"sold-individually","13":"shipping-taxable","14":"purchasable","15":"product-type-simple"},"_links":{"self":[{"href":"https:\/\/camonclass.com\/tienda\/wp-json\/wp\/v2\/product\/615","targetHints":{"allow":["GET"]}}],"collection":[{"href":"https:\/\/camonclass.com\/tienda\/wp-json\/wp\/v2\/product"}],"about":[{"href":"https:\/\/camonclass.com\/tienda\/wp-json\/wp\/v2\/types\/product"}],"replies":[{"embeddable":true,"href":"https:\/\/camonclass.com\/tienda\/wp-json\/wp\/v2\/comments?post=615"}],"wp:featuredmedia":[{"embeddable":true,"href":"https:\/\/camonclass.com\/tienda\/wp-json\/wp\/v2\/media\/597"}],"wp:attachment":[{"href":"https:\/\/camonclass.com\/tienda\/wp-json\/wp\/v2\/media?parent=615"}],"wp:term":[{"taxonomy":"product_brand","embeddable":true,"href":"https:\/\/camonclass.com\/tienda\/wp-json\/wp\/v2\/product_brand?post=615"},{"taxonomy":"product_cat","embeddable":true,"href":"https:\/\/camonclass.com\/tienda\/wp-json\/wp\/v2\/product_cat?post=615"},{"taxonomy":"product_tag","embeddable":true,"href":"https:\/\/camonclass.com\/tienda\/wp-json\/wp\/v2\/product_tag?post=615"}],"curies":[{"name":"wp","href":"https:\/\/api.w.org\/{rel}","templated":true}]}}