{"id":616,"date":"2022-07-25T16:38:09","date_gmt":"2022-07-25T16:38:09","guid":{"rendered":"https:\/\/camonclass.vertice.org\/formacion\/gestion-de-archivos\/"},"modified":"2022-07-25T16:38:09","modified_gmt":"2022-07-25T16:38:09","slug":"gestion-de-archivos","status":"publish","type":"product","link":"https:\/\/camonclass.com\/tienda\/formacion\/gestion-de-archivos\/","title":{"rendered":"Gesti\u00f3n de archivos"},"content":{"rendered":"<p><strong>Cap\u00edtulo 1. Gesti\u00f3n de Archivos P\u00fablicos y Privados.<\/strong><\/p>\n<p><strong>UD1. Aplicaci\u00f3n de T\u00e9cnicas de Archivos Documental.<\/strong><UL>1.1. Introducci\u00f3n.<br \/>1.2. Sistema de clasificaci\u00f3n y ordenaci\u00f3n.<br \/>1.3. Finalidad y objetivos.<br \/>1.4. \u00cdndices de archivo: actualizaci\u00f3n.<br \/>1.5. Aplicaci\u00f3n de manuales de ayuda.<br \/>1.6. Mejoras ante detecci\u00f3n de problemas de organizaci\u00f3n.<\/UL><\/p>\n<p><strong>UD2. Procedimiento de Registro y Posterior Archivo.<\/strong><UL>2.1. Identificaci\u00f3n de soportes mobiliario \u00fatiles elementos de archivo y contenedores.<br \/>2.2. Reproducci\u00f3n y cotejo de la informaci\u00f3n de archivo documental a digital.<\/UL><\/p>\n<p><strong>UD3. Procedimientos de Acceso B\u00fasqueda Consulta Recuperaci\u00f3n Actualizaci\u00f3n Conservaci\u00f3n y Custodia de la Informaci\u00f3n Archivada.<\/strong><UL>3.1. Funcionamiento de un archivo.<br \/>3.2. Mantenimiento de un archivo.<br \/>3.3. Proceso de archivo de un documento.<\/UL><\/p>\n<p><strong>UD4. Funciones y Caracter\u00edsticas de los Sistemas Operativos y de Archivo. Configuraci\u00f3n de Objetos en Sistemas Operativos. Forma de Operar. Creaci\u00f3n\/Nombramiento Copia y Eliminaci\u00f3n de Archivos Carpetas Subcarpetas y Otras.<\/strong><UL>4.1. Introducci\u00f3n.<br \/>4.2. An\u00e1lisis de sistemas operativos caracter\u00edsticas. Evoluci\u00f3n clasificaci\u00f3n y funciones.<br \/>4.3. Gesti\u00f3n del sistema operativo.<br \/>4.4. Gesti\u00f3n del sistema de archivos.<br \/>4.5. Configuraci\u00f3n de objetos en sistemas operativos. Forma de operar.<br \/>4.6. Creaci\u00f3n\/nombramiento copia y eliminaci\u00f3n de archivos carpetas subcarpetas y otras.<\/UL><\/p>\n<p><strong>UD5. T\u00e9cnicas de Protecci\u00f3n de Accesos P\u00fablicos y Privados en Archivos Convencionales e Inform\u00e1ticos.<\/strong><UL>5.1. Niveles de protecci\u00f3n: determinaci\u00f3n.<br \/>5.2. Disposici\u00f3n de contrase\u00f1as y atributos de acceso.<br \/>5.3. Autorizaciones de acceso o consulta detecci\u00f3n de errores en el procedimiento.<\/UL><\/p>\n<p><strong>UD6. Aplicaci\u00f3n de Procedimientos de Seguridad y Confidencialidad de la Informaci\u00f3n.<\/strong><UL>6.1. Normativa vigente de protecci\u00f3n de datos y conservaci\u00f3n de documentaci\u00f3n.<br \/>6.2. Copias de seguridad.<\/UL><\/p>\n<p><strong>Cap\u00edtulo 2. Optimizaci\u00f3n B\u00e1sica de un Sistema de Archivo Electr\u00f3nico.<\/strong><\/p>\n<p><strong>UD1. Equipos Inform\u00e1ticos.<\/strong><UL>1.1. Puesta en marcha mantenimiento operativo y revisi\u00f3n peri\u00f3dica que eviten anomal\u00edas de funcionamiento.<br \/>1.2. Elementos de hardware: unidad central de proceso y almacenamiento equipos perif\u00e9ricos componentes f\u00edsicos de redes locales supervisi\u00f3n de conexiones.<br \/>1.3. Elementos de software: instalaci\u00f3n y desinstalaci\u00f3n programas aplicaciones actualizadas y asistentes.<br \/>1.4. Equipos de reproducci\u00f3n.<\/UL><\/p>\n<p><strong>UD2. Optimizaci\u00f3n de Sistemas Operativos Monousuario Multiusuario y en Red 155.<\/strong><UL>2.1. Funciones y comandos b\u00e1sicos.<br \/>2.2. Herramientas b\u00e1sicas del sistema operativo.<\/UL><\/p>\n<p><strong>UD3. Sistemas Operativos en Redes Locales. Configuraci\u00f3n B\u00e1sica de un Sistema de Red Actualizaci\u00f3n y Acciones para Compartir Recursos.<\/strong><UL>3.1. Acceso.<br \/>3.2. B\u00fasqueda de recursos de red.<br \/>3.3. Operaciones con recursos de red.<\/UL><\/p>\n<p><strong>UD4. Aplicaci\u00f3n de Medidas de Seguridad y Confidencialidad del Sistema Operativo. Programas de Protecci\u00f3n (Antivirus Firewire Antispam otros).<\/strong><\/p>\n<p><strong>UD5. Medidas de Conservaci\u00f3n e Integridad de la Informaci\u00f3n Contenida en los Archivos. Salvaguarda de los Derechos de Autor.<\/strong><UL>5.1. Medidas de conservaci\u00f3n e integridad de la informaci\u00f3n contenida en los archivos.<br \/>5.2. Salvaguarda de los derechos de autor.<\/UL><\/p>\n<p><strong>UD6. Normas Vigentes en Materia de Protecci\u00f3n de Datos y Confidencialidad Electr\u00f3nica.<\/strong><\/p>\n<p><strong>Cap\u00edtulo 3. Gesti\u00f3n B\u00e1sica de Informaci\u00f3n en Sistemas Gestores de Bases de Datos.<\/strong><\/p>\n<p><strong>UD1. Bases de Datos.<\/strong><UL>1.1. Tipos y caracter\u00edsticas.<br \/>1.2. Estructura.<br \/>1.3. Funciones.<br \/>1.4. Asistentes.<br \/>1.5. Organizaci\u00f3n.<\/UL><\/p>\n<p><strong>UD2. Mantenimiento de Informaci\u00f3n en Aplicaciones de Bases de Datos.<\/strong><UL>2.1. Introducci\u00f3n de datos.<br \/>2.2. Ordenaci\u00f3n de datos.<br \/>2.3. Asistentes para formularios de introducci\u00f3n de informaci\u00f3n y actualizaci\u00f3n de datos.<\/UL><\/p>\n<p><strong>UD3. B\u00fasquedas de Informaci\u00f3n en Aplicaciones de Bases de Datos.<\/strong><UL>3.1. Filtros.<br \/>3.2. Consultas. Asistentes para consultas y otras prestaciones.<\/UL><\/p>\n<p><strong>UD4. Presentaci\u00f3n de Informaci\u00f3n en Aplicaciones de Bases de Datos.<\/strong><UL>4.1. Informes.<br \/>4.2. Asistentes para informes.<\/UL><\/p>\n<p><strong>UD5. Interrelaciones con otras Aplicaciones.<\/strong><\/p>\n<p><strong>UD6. Aplicaci\u00f3n de Normas Vigentes de Seguridad y Confidencialidad en el Manejo de Datos.<\/strong><UL>6.1. Determinaci\u00f3n de administrador\/res responsable\/s del sistema.<br \/>6.2. Claves y niveles de acceso a usuarios.<br \/>6.3. Restricci\u00f3n de datos: niveles de consulta, actualizaciones, generaci\u00f3n de informes.<br \/>6.4. Sistemas y controles de seguridad: p\u00e9rdida modificaci\u00f3n o destrucci\u00f3n fortuita de datos.<\/UL><\/p>\n","protected":false},"excerpt":{"rendered":"<ul>\n<li>Una vez finalizado el M\u00f3dulo el alumno ser\u00e1 capaz de gestionar el archivo en soporte convencional e inform\u00e1tico.<\/li>\n<li>En concreto el alumno ser\u00e1 capaz de: Identificar los componentes del equipamiento del sistema de archivos \u2013equipos inform\u00e1ticos sistemas operativos redes elementos y contenedores de archivo.<\/li>\n<li>Utilizar las prestaciones de los sistemas operativos y de archivo de uso habitual en el \u00e1mbito organizacional creando y manteniendo una estructura organizada y \u00fatil a los objetivos de archivo planteados consigui\u00e9ndose su optimizaci\u00f3n.<\/li>\n<li>Aplicar las t\u00e9cnicas de registro y archivo de la informaci\u00f3n p\u00fablica y\/o privada que faciliten el acceso la seguridad y la confidencialidad de la documentaci\u00f3n en soporte papel.<\/li>\n<li>Ejecutar los procedimientos que garanticen la integridad seguridad disponibilidad y confidencialidad de la informaci\u00f3n.<\/li>\n<li>Utilizar las prestaciones b\u00e1sicas y asistentes de aplicaciones inform\u00e1ticas de bases de datos para la obtenci\u00f3n y presentaci\u00f3n de informaci\u00f3n creando las consultas informes y otros objetos personalizados en funci\u00f3n de unas necesidades propuestas.<\/li>\n<\/ul>\n","protected":false},"featured_media":597,"comment_status":"open","ping_status":"closed","template":"","meta":{"neve_meta_sidebar":"","neve_meta_container":"","neve_meta_enable_content_width":"","neve_meta_content_width":0,"neve_meta_title_alignment":"","neve_meta_author_avatar":"","neve_post_elements_order":"","neve_meta_disable_header":"","neve_meta_disable_footer":"","neve_meta_disable_title":""},"product_brand":[],"product_cat":[24,22,23],"product_tag":[],"class_list":{"0":"post-616","1":"product","2":"type-product","3":"status-publish","4":"has-post-thumbnail","6":"product_cat-administracion-y-gestion","7":"product_cat-cursos","8":"product_cat-cursos-de-especializacion","10":"first","11":"instock","12":"sold-individually","13":"shipping-taxable","14":"purchasable","15":"product-type-simple"},"_links":{"self":[{"href":"https:\/\/camonclass.com\/tienda\/wp-json\/wp\/v2\/product\/616","targetHints":{"allow":["GET"]}}],"collection":[{"href":"https:\/\/camonclass.com\/tienda\/wp-json\/wp\/v2\/product"}],"about":[{"href":"https:\/\/camonclass.com\/tienda\/wp-json\/wp\/v2\/types\/product"}],"replies":[{"embeddable":true,"href":"https:\/\/camonclass.com\/tienda\/wp-json\/wp\/v2\/comments?post=616"}],"wp:featuredmedia":[{"embeddable":true,"href":"https:\/\/camonclass.com\/tienda\/wp-json\/wp\/v2\/media\/597"}],"wp:attachment":[{"href":"https:\/\/camonclass.com\/tienda\/wp-json\/wp\/v2\/media?parent=616"}],"wp:term":[{"taxonomy":"product_brand","embeddable":true,"href":"https:\/\/camonclass.com\/tienda\/wp-json\/wp\/v2\/product_brand?post=616"},{"taxonomy":"product_cat","embeddable":true,"href":"https:\/\/camonclass.com\/tienda\/wp-json\/wp\/v2\/product_cat?post=616"},{"taxonomy":"product_tag","embeddable":true,"href":"https:\/\/camonclass.com\/tienda\/wp-json\/wp\/v2\/product_tag?post=616"}],"curies":[{"name":"wp","href":"https:\/\/api.w.org\/{rel}","templated":true}]}}