{"id":617,"date":"2022-07-25T16:38:09","date_gmt":"2022-07-25T16:38:09","guid":{"rendered":"https:\/\/camonclass.vertice.org\/formacion\/gestion-operativa-de-tesoreria\/"},"modified":"2022-07-25T16:38:09","modified_gmt":"2022-07-25T16:38:09","slug":"gestion-operativa-de-tesoreria","status":"publish","type":"product","link":"https:\/\/camonclass.com\/tienda\/formacion\/gestion-operativa-de-tesoreria\/","title":{"rendered":"Gesti\u00f3n operativa de tesorer\u00eda"},"content":{"rendered":"<p><strong>UD1. Normativa Mercantil y Fiscal que Regula los Instrumentos Financieros.<\/strong><UL>1.1. Intermediarios financieros y Agentes econ\u00f3micos.<br \/>1.2. Caracter\u00edsticas y finalidad de los instrumentos financieros al servicio de la empresa.<br \/>1.3. La ley cambiaria y del cheque.<br \/>1.4. La letra de cambio.<br \/>1.5. El pagar\u00e9.<br \/>1.6. Otros medios de cobro y pago. Caracter\u00edsticas y finalidad.<br \/>1.7. Identificaci\u00f3n de tributos e impuestos.<\/UL><\/p>\n<p><strong>UD2. Confecci\u00f3n y Empleo de Documentos de Cobro y Pago en la Gesti\u00f3n de Tesorer\u00eda.<\/strong><UL>2.1. Documentos de cobro y pago en forma convencional o telem\u00e1tica.<br \/>2.2. Identificaci\u00f3n de operaciones financieras b\u00e1sicas en la gesti\u00f3n de cobros y pagos.<br \/>2.3. Cumplimentaci\u00f3n de libros registros.<br \/>2.4. Tarjetas de cr\u00e9dito y de d\u00e9bito.<br \/>2.5. Gesti\u00f3n de tesorer\u00eda a trav\u00e9s de la banca online.<br \/>2.6. Obtenci\u00f3n y cumplimentaci\u00f3n de documentos oficiales a trav\u00e9s de Internet.<\/UL><\/p>\n<p><strong>UD3. M\u00e9todos B\u00e1sicos de Control de Tesorer\u00eda.<\/strong><UL>3.1. El presupuesto de tesorer\u00eda.<br \/>3.2. El libro de caja.<br \/>3.3. El libro de bancos.<\/UL><\/p>\n<p><strong>UD4. Operaciones de C\u00e1lculo Financiero y Comercial.<\/strong><UL>4.1. Utilizaci\u00f3n del inter\u00e9s simple en operaciones b\u00e1sicas de tesorer\u00eda.<br \/>4.2. Aplicaci\u00f3n del inter\u00e9s compuesto en operaciones b\u00e1sicas de tesorer\u00eda.<br \/>4.3. Descuento simple.<br \/>4.4. Cuentas corrientes.<br \/>4.5. Cuentas de cr\u00e9dito.<br \/>4.6. Calculo de comisiones bancarias.<\/UL><\/p>\n<p><strong>UD5. Medios y Plazos de Presentaci\u00f3n de la Documentaci\u00f3n.<\/strong><UL>5.1. Formas de presentar la documentaci\u00f3n sobre cobros y pagos.<br \/>5.2. Organismos a los que hay que presentar documentaci\u00f3n.<br \/>5.3. Presentaci\u00f3n de documentos a trav\u00e9s de internet.<br \/>5.4. Descarga de programas de ayuda para la cumplimentaci\u00f3n de documentos de pago.<br \/>5.5. Utilizaci\u00f3n de mecanismos de pago en entidades financieras a trav\u00e9s de internet.<br \/>5.6. Utilizaci\u00f3n de la banca online.<\/UL><\/p>\n","protected":false},"excerpt":{"rendered":"<ul>\n<li>Una vez finalizado el M\u00f3dulo el alumno ser\u00e1 capaz de realizar las gestiones administrativas de tesorer\u00eda.<\/li>\n<li>En concreto el alumno ser\u00e1 capaz de: Identificar la normativa mercantil y fiscal que regula los instrumentos financieros y documentos de cobro y pago as\u00ed como las entidades vinculadas a su emisi\u00f3n.<\/li>\n<li>Confeccionar los documentos de cobro y pago aplicando la normativa mercantil y fiscal utilizando medios convencionales y telem\u00e1ticos registrando los mismos en los libros correspondientes.<\/li>\n<li>Aplicar los m\u00e9todos y funciones del control de la tesorer\u00eda detectando las desviaciones producidas e identificando las consecuencias de su no-aplicaci\u00f3n.<\/li>\n<li>Realizar los c\u00e1lculos correspondientes a la gesti\u00f3n de tesorer\u00eda utilizando medios convencionales e inform\u00e1ticos.<\/li>\n<li>Identificar los medios y plazos de presentaci\u00f3n de la documentaci\u00f3n de cobro o pago ante distintos destinatarios p\u00fablicos o privados de acuerdo con la normativa vigente.<\/li>\n<\/ul>\n","protected":false},"featured_media":597,"comment_status":"open","ping_status":"closed","template":"","meta":{"neve_meta_sidebar":"","neve_meta_container":"","neve_meta_enable_content_width":"","neve_meta_content_width":0,"neve_meta_title_alignment":"","neve_meta_author_avatar":"","neve_post_elements_order":"","neve_meta_disable_header":"","neve_meta_disable_footer":"","neve_meta_disable_title":""},"product_brand":[],"product_cat":[24,22,23],"product_tag":[],"class_list":{"0":"post-617","1":"product","2":"type-product","3":"status-publish","4":"has-post-thumbnail","6":"product_cat-administracion-y-gestion","7":"product_cat-cursos","8":"product_cat-cursos-de-especializacion","10":"first","11":"instock","12":"sold-individually","13":"shipping-taxable","14":"purchasable","15":"product-type-simple"},"_links":{"self":[{"href":"https:\/\/camonclass.com\/tienda\/wp-json\/wp\/v2\/product\/617","targetHints":{"allow":["GET"]}}],"collection":[{"href":"https:\/\/camonclass.com\/tienda\/wp-json\/wp\/v2\/product"}],"about":[{"href":"https:\/\/camonclass.com\/tienda\/wp-json\/wp\/v2\/types\/product"}],"replies":[{"embeddable":true,"href":"https:\/\/camonclass.com\/tienda\/wp-json\/wp\/v2\/comments?post=617"}],"wp:featuredmedia":[{"embeddable":true,"href":"https:\/\/camonclass.com\/tienda\/wp-json\/wp\/v2\/media\/597"}],"wp:attachment":[{"href":"https:\/\/camonclass.com\/tienda\/wp-json\/wp\/v2\/media?parent=617"}],"wp:term":[{"taxonomy":"product_brand","embeddable":true,"href":"https:\/\/camonclass.com\/tienda\/wp-json\/wp\/v2\/product_brand?post=617"},{"taxonomy":"product_cat","embeddable":true,"href":"https:\/\/camonclass.com\/tienda\/wp-json\/wp\/v2\/product_cat?post=617"},{"taxonomy":"product_tag","embeddable":true,"href":"https:\/\/camonclass.com\/tienda\/wp-json\/wp\/v2\/product_tag?post=617"}],"curies":[{"name":"wp","href":"https:\/\/api.w.org\/{rel}","templated":true}]}}