{"id":620,"date":"2022-07-25T16:38:10","date_gmt":"2022-07-25T16:38:10","guid":{"rendered":"https:\/\/camonclass.vertice.org\/formacion\/gestion-censal-notificacion-de-actos-y-emision-de-documentos-de-gestion-tributaria\/"},"modified":"2022-07-25T16:38:10","modified_gmt":"2022-07-25T16:38:10","slug":"gestion-censal-notificacion-de-actos-y-emision-de-documentos-de-gestion-tributaria","status":"publish","type":"product","link":"https:\/\/camonclass.com\/tienda\/formacion\/gestion-censal-notificacion-de-actos-y-emision-de-documentos-de-gestion-tributaria\/","title":{"rendered":"Gesti\u00f3n censal, notificaci\u00f3n de actos y emisi\u00f3n de documentos de gesti\u00f3n tributaria"},"content":{"rendered":"<p><strong>UD1. Procedimientos de gesti\u00f3n censal.<\/strong><UL>1.1. Los censos tributarios.<br \/>1.2. La declaraci\u00f3n censal.<br \/>1.3. Operaciones en bases de datos censales.<br \/>1.4. Sistemas de codificaci\u00f3n en procesos de gesti\u00f3n documental.<br \/>1.5. Identificaci\u00f3n y localizaci\u00f3n de interesados en los censos tributarios.<br \/>1.6. Justificaci\u00f3n de las actuaciones de gesti\u00f3n censal.<br \/>1.7. Aplicaciones inform\u00e1ticas para la gesti\u00f3n de censos.<br \/>1.8. T\u00e9cnicas de protecci\u00f3n de datos y confidencialidad en bases de datos censales.<\/UL><\/p>\n<p><strong>UD2. La notificaci\u00f3n.<\/strong><UL>2.1. La notificaci\u00f3n y sus requisitos.<br \/>2.2. Documentos que intervienen en el procedimiento de notificaci\u00f3n.<br \/>2.3. El domicilio fiscal.<br \/>2.4. Procedimiento en caso de notificaci\u00f3n fallida.<br \/>2.5. Consecuencias del incumplimiento del procedimiento de notificaci\u00f3n.<br \/>2.6. Aplicaciones inform\u00e1ticas para la notificaci\u00f3n a los contribuyentes.<\/UL><\/p>\n<p><strong>UD3. Emisi\u00f3n de certificados y otros documentos.<\/strong><UL>3.1. Emisi\u00f3n de certificados y copias de declaraciones y autoliquidaciones.<br \/>3.2. Documentos acreditativos de la situaci\u00f3n tributaria.<br \/>3.3. Procedimiento de obtenci\u00f3n de firma digital.<br \/>3.4. Aplicaciones inform\u00e1ticas para la emisi\u00f3n de certificados y otra documentaci\u00f3n tributaria.<\/UL><\/p>\n","protected":false},"excerpt":{"rendered":"<ul>\n<li>Una vez finalizado el M\u00f3dulo el alumno ser\u00e1 capaz de realizar actuaciones tributarias de depuraci\u00f3n censal notificaciones y emisi\u00f3n de certificados.<\/li>\n<li>En concreto el alumno ser\u00e1 capaz de: Aplicar t\u00e9cnicas de depuraci\u00f3n censal utilizando la aplicaci\u00f3n inform\u00e1tica espec\u00edfica en diferentes clases de censos distinguiendo sus principales caracter\u00edsticas y contenidos.<\/li>\n<li>Aplicar el procedimiento de notificaci\u00f3n de la Administraci\u00f3n Tributaria a trav\u00e9s de los distintos canales establecidos identificando sus requisitos formales.<\/li>\n<li>Aplicar el procedimiento de emisi\u00f3n de certificados copias de declaraciones acreditaciones u otros documentos a trav\u00e9s de la aplicaci\u00f3n inform\u00e1tica precisando la naturaleza y finalidad de los mismos.<\/li>\n<\/ul>\n","protected":false},"featured_media":597,"comment_status":"open","ping_status":"closed","template":"","meta":{"neve_meta_sidebar":"","neve_meta_container":"","neve_meta_enable_content_width":"","neve_meta_content_width":0,"neve_meta_title_alignment":"","neve_meta_author_avatar":"","neve_post_elements_order":"","neve_meta_disable_header":"","neve_meta_disable_footer":"","neve_meta_disable_title":""},"product_brand":[],"product_cat":[24,22,23],"product_tag":[],"class_list":{"0":"post-620","1":"product","2":"type-product","3":"status-publish","4":"has-post-thumbnail","6":"product_cat-administracion-y-gestion","7":"product_cat-cursos","8":"product_cat-cursos-de-especializacion","10":"first","11":"instock","12":"sold-individually","13":"shipping-taxable","14":"purchasable","15":"product-type-simple"},"_links":{"self":[{"href":"https:\/\/camonclass.com\/tienda\/wp-json\/wp\/v2\/product\/620","targetHints":{"allow":["GET"]}}],"collection":[{"href":"https:\/\/camonclass.com\/tienda\/wp-json\/wp\/v2\/product"}],"about":[{"href":"https:\/\/camonclass.com\/tienda\/wp-json\/wp\/v2\/types\/product"}],"replies":[{"embeddable":true,"href":"https:\/\/camonclass.com\/tienda\/wp-json\/wp\/v2\/comments?post=620"}],"wp:featuredmedia":[{"embeddable":true,"href":"https:\/\/camonclass.com\/tienda\/wp-json\/wp\/v2\/media\/597"}],"wp:attachment":[{"href":"https:\/\/camonclass.com\/tienda\/wp-json\/wp\/v2\/media?parent=620"}],"wp:term":[{"taxonomy":"product_brand","embeddable":true,"href":"https:\/\/camonclass.com\/tienda\/wp-json\/wp\/v2\/product_brand?post=620"},{"taxonomy":"product_cat","embeddable":true,"href":"https:\/\/camonclass.com\/tienda\/wp-json\/wp\/v2\/product_cat?post=620"},{"taxonomy":"product_tag","embeddable":true,"href":"https:\/\/camonclass.com\/tienda\/wp-json\/wp\/v2\/product_tag?post=620"}],"curies":[{"name":"wp","href":"https:\/\/api.w.org\/{rel}","templated":true}]}}