{"id":621,"date":"2022-07-25T16:38:10","date_gmt":"2022-07-25T16:38:10","guid":{"rendered":"https:\/\/camonclass.vertice.org\/formacion\/gestion-administrativa-de-los-procedimientos-sancionador-y-de-revision\/"},"modified":"2022-07-25T16:38:10","modified_gmt":"2022-07-25T16:38:10","slug":"gestion-administrativa-de-los-procedimientos-sancionador-y-de-revision","status":"publish","type":"product","link":"https:\/\/camonclass.com\/tienda\/formacion\/gestion-administrativa-de-los-procedimientos-sancionador-y-de-revision\/","title":{"rendered":"Gesti\u00f3n administrativa de los procedimientos sancionador y de revisi\u00f3n"},"content":{"rendered":"<p><strong>UD1. Actuaciones administrativas en el procedimiento sancionador y de imposici\u00f3n de recargos por declaraci\u00f3n extempor\u00e1nea.<\/strong><UL>1.1. Procedimiento sancionador.<br \/>1.2. Infracciones y sanciones en materia tributaria.<br \/>1.3. Preparaci\u00f3n del expediente sancionador.<br \/>1.4. La tramitaci\u00f3n del procedimiento sancionador.<br \/>1.5. Finalizaci\u00f3n y resoluci\u00f3n del procedimiento.<br \/>1.6. Recursos contra sanciones.<br \/>1.7. El procedimiento de imposici\u00f3n de recargo por declaraci\u00f3n extempor\u00e1nea.<br \/>1.8. Consecuencias de la declaraci\u00f3n extempor\u00e1nea.<br \/>1.9. Delito fiscal.<br \/>1.10. El procedimiento inspector y sancionador frente a los delitos contra la Hacienda P\u00fablica.<\/UL><\/p>\n<p><strong>UD2. Los procedimientos de car\u00e1cter tributario en v\u00eda administrativa.<\/strong><UL>2.1. Los procedimientos de revisi\u00f3n.<br \/>2.2. Los recursos administrativos.<br \/>2.3. Los interesados en el procedimiento.<br \/>2.4. Recurso de reposici\u00f3n.<br \/>2.5. La reclamaci\u00f3n econ\u00f3mico-administrativa.<br \/>2.6. El procedimiento en \u00fanica o primera instancia.<br \/>2.7. El procedimiento abreviado ante \u00f3rganos unipersonales.<br \/>2.8. Los procedimientos especiales de revisi\u00f3n.<br \/>2.9. El procedimiento de revocaci\u00f3n y el de rectificaci\u00f3n de errores.<br \/>2.10. La devoluci\u00f3n de ingresos indebidos.<\/UL><\/p>\n","protected":false},"excerpt":{"rendered":"<ul>\n<li>Una vez finalizado el M\u00f3dulo el alumno ser\u00e1 capaz de realizar actividades de gesti\u00f3n administrativa derivadas de los procedimientos sancionador y de revisi\u00f3n.<\/li>\n<li>En concreto el alumno ser\u00e1 capaz de: Realizar las gestiones administrativas de las distintas fases de los procedimientos sancionadores en relaci\u00f3n a los procedimientos tributarios de los que deriva.<\/li>\n<li>Realizar las gestiones administrativas de los procedimientos de revisi\u00f3n de los actos de la administraci\u00f3n tributaria en relaci\u00f3n con los recursos y solicitudes interpuestos por los contribuyentes.<\/li>\n<li>Realizar las gestiones administrativas de tramitaci\u00f3n del procedimiento de reclamaci\u00f3n econ\u00f3mico administrativa identificando sus fases y los efectos que genera su interposici\u00f3n.<\/li>\n<\/ul>\n","protected":false},"featured_media":597,"comment_status":"open","ping_status":"closed","template":"","meta":{"neve_meta_sidebar":"","neve_meta_container":"","neve_meta_enable_content_width":"","neve_meta_content_width":0,"neve_meta_title_alignment":"","neve_meta_author_avatar":"","neve_post_elements_order":"","neve_meta_disable_header":"","neve_meta_disable_footer":"","neve_meta_disable_title":""},"product_brand":[],"product_cat":[24,22,23],"product_tag":[],"class_list":{"0":"post-621","1":"product","2":"type-product","3":"status-publish","4":"has-post-thumbnail","6":"product_cat-administracion-y-gestion","7":"product_cat-cursos","8":"product_cat-cursos-de-especializacion","10":"first","11":"instock","12":"sold-individually","13":"shipping-taxable","14":"purchasable","15":"product-type-simple"},"_links":{"self":[{"href":"https:\/\/camonclass.com\/tienda\/wp-json\/wp\/v2\/product\/621","targetHints":{"allow":["GET"]}}],"collection":[{"href":"https:\/\/camonclass.com\/tienda\/wp-json\/wp\/v2\/product"}],"about":[{"href":"https:\/\/camonclass.com\/tienda\/wp-json\/wp\/v2\/types\/product"}],"replies":[{"embeddable":true,"href":"https:\/\/camonclass.com\/tienda\/wp-json\/wp\/v2\/comments?post=621"}],"wp:featuredmedia":[{"embeddable":true,"href":"https:\/\/camonclass.com\/tienda\/wp-json\/wp\/v2\/media\/597"}],"wp:attachment":[{"href":"https:\/\/camonclass.com\/tienda\/wp-json\/wp\/v2\/media?parent=621"}],"wp:term":[{"taxonomy":"product_brand","embeddable":true,"href":"https:\/\/camonclass.com\/tienda\/wp-json\/wp\/v2\/product_brand?post=621"},{"taxonomy":"product_cat","embeddable":true,"href":"https:\/\/camonclass.com\/tienda\/wp-json\/wp\/v2\/product_cat?post=621"},{"taxonomy":"product_tag","embeddable":true,"href":"https:\/\/camonclass.com\/tienda\/wp-json\/wp\/v2\/product_tag?post=621"}],"curies":[{"name":"wp","href":"https:\/\/api.w.org\/{rel}","templated":true}]}}