{"id":622,"date":"2022-07-25T16:38:10","date_gmt":"2022-07-25T16:38:10","guid":{"rendered":"https:\/\/camonclass.vertice.org\/formacion\/procedimientos-de-gestion-de-los-tributos\/"},"modified":"2022-07-25T16:38:10","modified_gmt":"2022-07-25T16:38:10","slug":"procedimientos-de-gestion-de-los-tributos","status":"publish","type":"product","link":"https:\/\/camonclass.com\/tienda\/formacion\/procedimientos-de-gestion-de-los-tributos\/","title":{"rendered":"Procedimientos de gesti\u00f3n de los tributos"},"content":{"rendered":"<p><strong>UD1. Gesti\u00f3n administrativa y archivo de expedientes y documentaci\u00f3n tributaria.<\/strong><UL>1.1. Formaci\u00f3n de expediente y carpeta fiscal.<br \/>1.2. El archivo de los expedientes tributarios.<br \/>1.3. T\u00e9cnicas de acceso a la informaci\u00f3n archivada.<br \/>1.4. Formas de discreci\u00f3n en la gesti\u00f3n administrativa de expedientes tributarios y su archivo.<\/UL><\/p>\n<p><strong>UD2. Normas comunes sobre actuaciones y procedimientos tributarios.<\/strong><UL>2.1. Organizaci\u00f3n de las administraciones tributarias.<br \/>2.2. La Agencia Estatal de la Administraci\u00f3n Tributaria.<br \/>2.3. La gesti\u00f3n tributaria.<br \/>2.4. Fases de los procedimientos tributarios.<br \/>2.5. El domicilio fiscal.<br \/>2.6. Las liquidaciones tributarias practicadas por la Administraci\u00f3n.<br \/>2.7. La obligaci\u00f3n de resolver.<br \/>2.8. La prueba.<br \/>2.9. La denuncia p\u00fablica.<br \/>2.10. La prescripci\u00f3n.<\/UL><\/p>\n<p><strong>UD3. Actuaciones y procedimientos de gesti\u00f3n tributaria.<\/strong><UL>3.1. Organizaci\u00f3n del Departamento de Gesti\u00f3n Tributaria.<br \/>3.2. Los procedimientos de gesti\u00f3n tributaria.<br \/>3.3. Elaboraci\u00f3n de fichas de discrepancias cuantitativas.<br \/>3.4. Actuaciones de control del cumplimiento de obligaciones peri\u00f3dicas de IVA, IRPF y otros.<br \/>3.5. Programas de Gesti\u00f3n Tributaria y de ayuda al contribuyente.<\/UL><\/p>\n","protected":false},"excerpt":{"rendered":"<ul>\n<li>Aplicar t\u00e9cnicas y procedimientos de formalizaci\u00f3n, seguimiento y archivo de los expedientes tributarios, identificando los distintos documentos que lo forman y los soportes aplicables <\/li>\n<li>Aplicar t\u00e9cnicas de comprobaci\u00f3n y verificaci\u00f3n de datos de las declaraciones y autoliquidaciones de los contribuyentes, en funci\u00f3n de los distintos procedimientos de gesti\u00f3n tributaria <\/li>\n<\/ul>\n","protected":false},"featured_media":597,"comment_status":"open","ping_status":"closed","template":"","meta":{"neve_meta_sidebar":"","neve_meta_container":"","neve_meta_enable_content_width":"","neve_meta_content_width":0,"neve_meta_title_alignment":"","neve_meta_author_avatar":"","neve_post_elements_order":"","neve_meta_disable_header":"","neve_meta_disable_footer":"","neve_meta_disable_title":""},"product_brand":[],"product_cat":[24,22,23],"product_tag":[],"class_list":{"0":"post-622","1":"product","2":"type-product","3":"status-publish","4":"has-post-thumbnail","6":"product_cat-administracion-y-gestion","7":"product_cat-cursos","8":"product_cat-cursos-de-especializacion","10":"first","11":"instock","12":"sold-individually","13":"shipping-taxable","14":"purchasable","15":"product-type-simple"},"_links":{"self":[{"href":"https:\/\/camonclass.com\/tienda\/wp-json\/wp\/v2\/product\/622","targetHints":{"allow":["GET"]}}],"collection":[{"href":"https:\/\/camonclass.com\/tienda\/wp-json\/wp\/v2\/product"}],"about":[{"href":"https:\/\/camonclass.com\/tienda\/wp-json\/wp\/v2\/types\/product"}],"replies":[{"embeddable":true,"href":"https:\/\/camonclass.com\/tienda\/wp-json\/wp\/v2\/comments?post=622"}],"wp:featuredmedia":[{"embeddable":true,"href":"https:\/\/camonclass.com\/tienda\/wp-json\/wp\/v2\/media\/597"}],"wp:attachment":[{"href":"https:\/\/camonclass.com\/tienda\/wp-json\/wp\/v2\/media?parent=622"}],"wp:term":[{"taxonomy":"product_brand","embeddable":true,"href":"https:\/\/camonclass.com\/tienda\/wp-json\/wp\/v2\/product_brand?post=622"},{"taxonomy":"product_cat","embeddable":true,"href":"https:\/\/camonclass.com\/tienda\/wp-json\/wp\/v2\/product_cat?post=622"},{"taxonomy":"product_tag","embeddable":true,"href":"https:\/\/camonclass.com\/tienda\/wp-json\/wp\/v2\/product_tag?post=622"}],"curies":[{"name":"wp","href":"https:\/\/api.w.org\/{rel}","templated":true}]}}