{"id":623,"date":"2022-07-25T16:38:10","date_gmt":"2022-07-25T16:38:10","guid":{"rendered":"https:\/\/camonclass.vertice.org\/formacion\/procedimiento-de-recaudacion-e-inspeccion-de-los-tributos\/"},"modified":"2022-07-25T16:38:10","modified_gmt":"2022-07-25T16:38:10","slug":"procedimiento-de-recaudacion-e-inspeccion-de-los-tributos","status":"publish","type":"product","link":"https:\/\/camonclass.com\/tienda\/formacion\/procedimiento-de-recaudacion-e-inspeccion-de-los-tributos\/","title":{"rendered":"Procedimiento de recaudaci\u00f3n e inspecci\u00f3n de los tributos"},"content":{"rendered":"<p><strong>UD1. Procedimiento de inspecci\u00f3n.<\/strong><UL>1.1. La Inspecci\u00f3n de los tributos.<br \/>1.2. Organizaci\u00f3n del Departamento de Inspecci\u00f3n Financiera y Tributaria.<br \/>1.3. Actuaciones desarrolladas por la Inspecci\u00f3n.<br \/>1.4. El procedimiento inspector.<br \/>1.5. Iniciaci\u00f3n y desarrollo del procedimiento de inspecci\u00f3n.<br \/>1.6. Finalizaci\u00f3n del procedimiento inspector.<br \/>1.7. T\u00e9cnicas relacionadas con el acceso y uso de la documentaci\u00f3n.<br \/>1.8. Medidas cautelares.<br \/>1.9. Los documentos que extiende la Inspecci\u00f3n.<br \/>1.10. Actas de inspecci\u00f3n.<\/UL><\/p>\n<p><strong>UD2. Procedimiento de recaudaci\u00f3n.<\/strong><UL>2.1. La recaudaci\u00f3n.<br \/>2.2. Normativa Tributaria de recaudaci\u00f3n.<br \/>2.3. Los obligados tributarios.<br \/>2.4. Las obligaciones tributarias.<br \/>2.5. La extinci\u00f3n de la deuda tributaria.<br \/>2.6. Las garant\u00edas de la deuda tributaria.<br \/>2.7. El procedimiento de recaudaci\u00f3n en per\u00edodo voluntario.<br \/>2.8. El procedimiento de recaudaci\u00f3n en per\u00edodo ejecutivo.<\/UL><\/p>\n<p><strong>UD3. Procedimiento administrativo de apremio.<\/strong><UL>3.1. Inicio y desarrollo del procedimiento de apremio.<br \/>3.2. El embargo de bienes y derechos del obligado al pago.<br \/>3.3. Los bienes embargables.<br \/>3.4. El dep\u00f3sito y la enajenaci\u00f3n de los bienes embargados.<br \/>3.5. Valoraci\u00f3n de los bienes.<br \/>3.6. Formas de enajenaci\u00f3n.<br \/>3.7. La adjudicaci\u00f3n de bienes a la Hacienda P\u00fablica.<br \/>3.8. Tercer\u00edas.<br \/>3.9. El ejercicio de acciones civiles y penales en el \u00e1mbito de la gesti\u00f3n recaudatoria.<\/UL><\/p>\n","protected":false},"excerpt":{"rendered":"<ul>\n<li>Aplicar las t\u00e9cnicas de comprobaci\u00f3n de las obligaciones formales y materiales de los contribuyentes y de colaboraci\u00f3n en la ejecuci\u00f3n de medidas cautelares en el desarrollo del procedimiento de inspecci\u00f3n tributaria <\/li>\n<li>Realizar las actuaciones y gestiones de los distintos procedimientos tributarios \u2013expedientes de compensaci\u00f3n, aplazamiento y fraccionamiento de pago\u2013, en funci\u00f3n de las fases en que se realicen <\/li>\n<li>Realizar las gestiones administrativas de las actuaciones de embargo y subasta especificando las fases del procedimiento de enajenaci\u00f3n a que pertenecen <\/li>\n<\/ul>\n","protected":false},"featured_media":597,"comment_status":"open","ping_status":"closed","template":"","meta":{"neve_meta_sidebar":"","neve_meta_container":"","neve_meta_enable_content_width":"","neve_meta_content_width":0,"neve_meta_title_alignment":"","neve_meta_author_avatar":"","neve_post_elements_order":"","neve_meta_disable_header":"","neve_meta_disable_footer":"","neve_meta_disable_title":""},"product_brand":[],"product_cat":[24,22,23],"product_tag":[],"class_list":{"0":"post-623","1":"product","2":"type-product","3":"status-publish","4":"has-post-thumbnail","6":"product_cat-administracion-y-gestion","7":"product_cat-cursos","8":"product_cat-cursos-de-especializacion","10":"first","11":"instock","12":"sold-individually","13":"shipping-taxable","14":"purchasable","15":"product-type-simple"},"_links":{"self":[{"href":"https:\/\/camonclass.com\/tienda\/wp-json\/wp\/v2\/product\/623","targetHints":{"allow":["GET"]}}],"collection":[{"href":"https:\/\/camonclass.com\/tienda\/wp-json\/wp\/v2\/product"}],"about":[{"href":"https:\/\/camonclass.com\/tienda\/wp-json\/wp\/v2\/types\/product"}],"replies":[{"embeddable":true,"href":"https:\/\/camonclass.com\/tienda\/wp-json\/wp\/v2\/comments?post=623"}],"wp:featuredmedia":[{"embeddable":true,"href":"https:\/\/camonclass.com\/tienda\/wp-json\/wp\/v2\/media\/597"}],"wp:attachment":[{"href":"https:\/\/camonclass.com\/tienda\/wp-json\/wp\/v2\/media?parent=623"}],"wp:term":[{"taxonomy":"product_brand","embeddable":true,"href":"https:\/\/camonclass.com\/tienda\/wp-json\/wp\/v2\/product_brand?post=623"},{"taxonomy":"product_cat","embeddable":true,"href":"https:\/\/camonclass.com\/tienda\/wp-json\/wp\/v2\/product_cat?post=623"},{"taxonomy":"product_tag","embeddable":true,"href":"https:\/\/camonclass.com\/tienda\/wp-json\/wp\/v2\/product_tag?post=623"}],"curies":[{"name":"wp","href":"https:\/\/api.w.org\/{rel}","templated":true}]}}