{"id":624,"date":"2022-07-25T16:38:11","date_gmt":"2022-07-25T16:38:11","guid":{"rendered":"https:\/\/camonclass.vertice.org\/formacion\/puesta-en-marcha-y-financiacion-de-pequenos-negocios-o-microempresas\/"},"modified":"2022-07-25T16:38:11","modified_gmt":"2022-07-25T16:38:11","slug":"puesta-en-marcha-y-financiacion-de-pequenos-negocios-o-microempresas","status":"publish","type":"product","link":"https:\/\/camonclass.com\/tienda\/formacion\/puesta-en-marcha-y-financiacion-de-pequenos-negocios-o-microempresas\/","title":{"rendered":"Puesta en marcha y financiaci\u00f3n de peque\u00f1os negocios o microempresas"},"content":{"rendered":"<p><strong>UD1. Inicio de la actividad econ\u00f3mica en peque\u00f1os negocios o microempresas.<\/strong><UL>1.1. Tr\u00e1mites de constituci\u00f3n seg\u00fan la forma jur\u00eddica.<br \/>1.2. La Seguridad Social.<br \/>1.3. Organismos p\u00fablicos relacionados con la constituci\u00f3n, puesta en marcha y modificaci\u00f3n de las circunstancias jur\u00eddicas de peque\u00f1os negocios o microempresas.<br \/>1.4. Los registros de propiedad y sus funciones.<br \/>1.5. Los seguros de responsabilidad civil en peque\u00f1os negocios o microempresas.<\/UL><\/p>\n<p><strong>UD2. Financiaci\u00f3n de peque\u00f1os negocios o microempresas.<\/strong><UL>2.1. Productos de financiaci\u00f3n ajena para peque\u00f1os negocios.<br \/>2.2. Otras formas de financiaci\u00f3n de \u00e1mbito local, auton\u00f3mico y nacional para peque\u00f1os negocios o microempresas.<\/UL><\/p>\n","protected":false},"excerpt":{"rendered":"<ul>\n<li>Analizar las acciones necesarias para la constituci\u00f3n y desarrollo de la actividad de peque\u00f1os negocios distinguiendo los organismos relacionados, sus tr\u00e1mites y documentaci\u00f3n asociada.<\/li>\n<li>Seleccionar las alternativas de financiaci\u00f3n m\u00e1s ventajosas de entre las disponibles en el mercado calculando los costes de las mismas a trav\u00e9s de aplicaciones ofim\u00e1ticas e identificando los tr\u00e1mites a seguir de cada una de ellas.<\/li>\n<\/ul>\n","protected":false},"featured_media":597,"comment_status":"open","ping_status":"closed","template":"","meta":{"neve_meta_sidebar":"","neve_meta_container":"","neve_meta_enable_content_width":"","neve_meta_content_width":0,"neve_meta_title_alignment":"","neve_meta_author_avatar":"","neve_post_elements_order":"","neve_meta_disable_header":"","neve_meta_disable_footer":"","neve_meta_disable_title":""},"product_brand":[],"product_cat":[24,22,23],"product_tag":[],"class_list":{"0":"post-624","1":"product","2":"type-product","3":"status-publish","4":"has-post-thumbnail","6":"product_cat-administracion-y-gestion","7":"product_cat-cursos","8":"product_cat-cursos-de-especializacion","10":"first","11":"instock","12":"sold-individually","13":"shipping-taxable","14":"purchasable","15":"product-type-simple"},"_links":{"self":[{"href":"https:\/\/camonclass.com\/tienda\/wp-json\/wp\/v2\/product\/624","targetHints":{"allow":["GET"]}}],"collection":[{"href":"https:\/\/camonclass.com\/tienda\/wp-json\/wp\/v2\/product"}],"about":[{"href":"https:\/\/camonclass.com\/tienda\/wp-json\/wp\/v2\/types\/product"}],"replies":[{"embeddable":true,"href":"https:\/\/camonclass.com\/tienda\/wp-json\/wp\/v2\/comments?post=624"}],"wp:featuredmedia":[{"embeddable":true,"href":"https:\/\/camonclass.com\/tienda\/wp-json\/wp\/v2\/media\/597"}],"wp:attachment":[{"href":"https:\/\/camonclass.com\/tienda\/wp-json\/wp\/v2\/media?parent=624"}],"wp:term":[{"taxonomy":"product_brand","embeddable":true,"href":"https:\/\/camonclass.com\/tienda\/wp-json\/wp\/v2\/product_brand?post=624"},{"taxonomy":"product_cat","embeddable":true,"href":"https:\/\/camonclass.com\/tienda\/wp-json\/wp\/v2\/product_cat?post=624"},{"taxonomy":"product_tag","embeddable":true,"href":"https:\/\/camonclass.com\/tienda\/wp-json\/wp\/v2\/product_tag?post=624"}],"curies":[{"name":"wp","href":"https:\/\/api.w.org\/{rel}","templated":true}]}}