{"id":625,"date":"2022-07-25T16:38:11","date_gmt":"2022-07-25T16:38:11","guid":{"rendered":"https:\/\/camonclass.vertice.org\/formacion\/gestion-contable-fiscal-y-laboral-de-pequenos-negocios-o-microempresas\/"},"modified":"2022-07-25T16:38:11","modified_gmt":"2022-07-25T16:38:11","slug":"gestion-contable-fiscal-y-laboral-de-pequenos-negocios-o-microempresas","status":"publish","type":"product","link":"https:\/\/camonclass.com\/tienda\/formacion\/gestion-contable-fiscal-y-laboral-de-pequenos-negocios-o-microempresas\/","title":{"rendered":"Gesti\u00f3n contable, fiscal y laboral de peque\u00f1os negocios o microempresas"},"content":{"rendered":"<p><strong>UD1. Medios de cobro y pago en peque\u00f1os negocios o microempresas.<\/strong><UL>1.1. Legislaci\u00f3n mercantil b\u00e1sica.<br \/>1.2. La gesti\u00f3n de cobros en peque\u00f1os negocios o microempresas.<br \/>1.3. F\u00f3rmulas de reclamaci\u00f3n de impagados.<\/UL><\/p>\n<p><strong>UD2. Gesti\u00f3n de tesorer\u00eda en peque\u00f1os negocios o microempresas.<\/strong><UL>2.1. Ejecuci\u00f3n del presupuesto de tesorer\u00eda y m\u00e9todos de control.<br \/>2.2. T\u00e9cnicas para la detecci\u00f3n de desviaciones.<br \/>2.3. Aplicaciones inform\u00e1ticas y ofim\u00e1ticas en la gesti\u00f3n de tesorer\u00eda.<\/UL><\/p>\n<p><strong>UD3. Gesti\u00f3n contable, fiscal y laboral en peque\u00f1os negocios o microempresas.<\/strong><UL>3.1. Obligaciones contables en funci\u00f3n de la forma jur\u00eddica.<br \/>3.2. La gesti\u00f3n fiscal en peque\u00f1os negocios.<br \/>3.3. Obligaciones de car\u00e1cter laboral.<br \/>3.4. Aplicaciones inform\u00e1ticas y ofim\u00e1ticas de gesti\u00f3n contable, fiscal y laboral.<\/UL><\/p>\n","protected":false},"excerpt":{"rendered":"<ul>\n<li>Analizar los instrumentos y medios de cobro y pago m\u00e1s habituales en peque\u00f1os negocios seleccionando los mismos en funci\u00f3n de sus caracter\u00edsticas, de las necesidades y de posibles acuerdos, formalizando y tramitando la documentaci\u00f3n correspondiente.<\/li>\n<li>Aplicar los m\u00e9todos m\u00e1s habituales de control de tesorer\u00eda en peque\u00f1os negocios, realizando los c\u00e1lculos necesarios a trav\u00e9s de medios convencionales u ofim\u00e1ticos y resolviendo las principales incidencias.<\/li>\n<li>Aplicar la normativa contable, fiscal y laboral en la gesti\u00f3n habitual de peque\u00f1os negocios deduciendo las obligaciones peri\u00f3dicas exigidas.<\/li>\n<\/ul>\n","protected":false},"featured_media":597,"comment_status":"open","ping_status":"closed","template":"","meta":{"neve_meta_sidebar":"","neve_meta_container":"","neve_meta_enable_content_width":"","neve_meta_content_width":0,"neve_meta_title_alignment":"","neve_meta_author_avatar":"","neve_post_elements_order":"","neve_meta_disable_header":"","neve_meta_disable_footer":"","neve_meta_disable_title":""},"product_brand":[],"product_cat":[24,22,23],"product_tag":[],"class_list":{"0":"post-625","1":"product","2":"type-product","3":"status-publish","4":"has-post-thumbnail","6":"product_cat-administracion-y-gestion","7":"product_cat-cursos","8":"product_cat-cursos-de-especializacion","10":"first","11":"instock","12":"sold-individually","13":"shipping-taxable","14":"purchasable","15":"product-type-simple"},"_links":{"self":[{"href":"https:\/\/camonclass.com\/tienda\/wp-json\/wp\/v2\/product\/625","targetHints":{"allow":["GET"]}}],"collection":[{"href":"https:\/\/camonclass.com\/tienda\/wp-json\/wp\/v2\/product"}],"about":[{"href":"https:\/\/camonclass.com\/tienda\/wp-json\/wp\/v2\/types\/product"}],"replies":[{"embeddable":true,"href":"https:\/\/camonclass.com\/tienda\/wp-json\/wp\/v2\/comments?post=625"}],"wp:featuredmedia":[{"embeddable":true,"href":"https:\/\/camonclass.com\/tienda\/wp-json\/wp\/v2\/media\/597"}],"wp:attachment":[{"href":"https:\/\/camonclass.com\/tienda\/wp-json\/wp\/v2\/media?parent=625"}],"wp:term":[{"taxonomy":"product_brand","embeddable":true,"href":"https:\/\/camonclass.com\/tienda\/wp-json\/wp\/v2\/product_brand?post=625"},{"taxonomy":"product_cat","embeddable":true,"href":"https:\/\/camonclass.com\/tienda\/wp-json\/wp\/v2\/product_cat?post=625"},{"taxonomy":"product_tag","embeddable":true,"href":"https:\/\/camonclass.com\/tienda\/wp-json\/wp\/v2\/product_tag?post=625"}],"curies":[{"name":"wp","href":"https:\/\/api.w.org\/{rel}","templated":true}]}}