{"id":627,"date":"2022-07-25T16:38:11","date_gmt":"2022-07-25T16:38:11","guid":{"rendered":"https:\/\/camonclass.vertice.org\/formacion\/management-skills\/"},"modified":"2022-07-25T16:38:11","modified_gmt":"2022-07-25T16:38:11","slug":"management-skills","status":"publish","type":"product","link":"https:\/\/camonclass.com\/tienda\/formacion\/management-skills\/","title":{"rendered":"MANAGEMENT SKILLS"},"content":{"rendered":"<p><strong>UD1. Liderazgo y estilos de direcci\u00f3n.<\/strong><UL>1.1. Introducci\u00f3n.<br \/>1.2. Liderazgo y equipo.<br \/>1.3. Concepto y estilos de direcci\u00f3n.<\/UL><\/p>\n<p><strong>UD2. Gesti\u00f3n del Cambio.<\/strong><UL>2.1. El cambio organizativo: Conceptos B\u00e1sicos.<br \/>2.2. Resistencia individual al Cambio.<br \/>2.3. Resistencia organizativa al Cambio.<br \/>2.4. Tratamiento de la resistencia al Cambio.<br \/>2.5. Detalles de planificaci\u00f3n.<\/UL><\/p>\n<p><strong>UD3. Gesti\u00f3n de Conflictos.<\/strong><UL>3.1. Introducci\u00f3n.<br \/>3.2. Definici\u00f3n, tipos y antecedentes de un Conflicto.<br \/>3.3. Conflictos funcionales.<br \/>3.4. Conflictos disfuncionales.<br \/>3.5. Relaci\u00f3n entre tipolog\u00edas y estilos de Resoluci\u00f3n de Conflictos.<br \/>3.6. Cuestiones finales sobre el conflicto y su Gesti\u00f3n.<\/UL><\/p>\n<p><strong>UD4. Gesti\u00f3n de reuniones.<\/strong><UL>4.1. La reuni\u00f3n: definici\u00f3n y funciones.<br \/>4.2. Elementos de una reuni\u00f3n.<br \/>4.3. Tipos de reuniones.<br \/>4.4. Fases de una reuni\u00f3n.<\/UL><\/p>\n<p><strong>UD5. T\u00e9cnicas de negociaci\u00f3n.<\/strong><UL>5.1. Introducci\u00f3n.<br \/>5.2. Conceptos b\u00e1sicos.<br \/>5.3. Preparar la negociaci\u00f3n.<br \/>5.4. T\u00e1cticas en la negociaci\u00f3n.<br \/>5.5. Contingencias de la negociaci\u00f3n.<br \/>5.6. Cierre del acuerdo.<\/UL><\/p>\n<p><strong>UD6. La gesti\u00f3n del tiempo.<\/strong><UL>6.1. Introducci\u00f3n.<br \/>6.2. El tiempo como recurso.<br \/>6.3. La gesti\u00f3n eficaz del tiempo.<br \/>6.4. Las interrupciones y sus soluciones: Los Ladrones de Tiempo.<br \/>6.5. El programa diario: La Agenda.<\/UL><\/p>\n","protected":false},"excerpt":{"rendered":"<ul>\n<li>Comprender la relaci\u00f3n entre una gesti\u00f3n de \u00e9xito y el estilo directivo empleado.<\/li>\n<li>Aprender a gestionar eficientemente las reuniones y conocer\u00e1 las implicaciones de la delegaci\u00f3n de tareas, y ejecutarla adecuadamente.<\/li>\n<li>Analizar la implantaci\u00f3n del cambio tomando como base la identificaci\u00f3n de las resistencias que se le oponen en la organizaci\u00f3n.<\/li>\n<\/ul>\n","protected":false},"featured_media":597,"comment_status":"open","ping_status":"closed","template":"","meta":{"neve_meta_sidebar":"","neve_meta_container":"","neve_meta_enable_content_width":"","neve_meta_content_width":0,"neve_meta_title_alignment":"","neve_meta_author_avatar":"","neve_post_elements_order":"","neve_meta_disable_header":"","neve_meta_disable_footer":"","neve_meta_disable_title":""},"product_brand":[],"product_cat":[24,22,23],"product_tag":[],"class_list":{"0":"post-627","1":"product","2":"type-product","3":"status-publish","4":"has-post-thumbnail","6":"product_cat-administracion-y-gestion","7":"product_cat-cursos","8":"product_cat-cursos-de-especializacion","10":"first","11":"instock","12":"sold-individually","13":"shipping-taxable","14":"purchasable","15":"product-type-simple"},"_links":{"self":[{"href":"https:\/\/camonclass.com\/tienda\/wp-json\/wp\/v2\/product\/627","targetHints":{"allow":["GET"]}}],"collection":[{"href":"https:\/\/camonclass.com\/tienda\/wp-json\/wp\/v2\/product"}],"about":[{"href":"https:\/\/camonclass.com\/tienda\/wp-json\/wp\/v2\/types\/product"}],"replies":[{"embeddable":true,"href":"https:\/\/camonclass.com\/tienda\/wp-json\/wp\/v2\/comments?post=627"}],"wp:featuredmedia":[{"embeddable":true,"href":"https:\/\/camonclass.com\/tienda\/wp-json\/wp\/v2\/media\/597"}],"wp:attachment":[{"href":"https:\/\/camonclass.com\/tienda\/wp-json\/wp\/v2\/media?parent=627"}],"wp:term":[{"taxonomy":"product_brand","embeddable":true,"href":"https:\/\/camonclass.com\/tienda\/wp-json\/wp\/v2\/product_brand?post=627"},{"taxonomy":"product_cat","embeddable":true,"href":"https:\/\/camonclass.com\/tienda\/wp-json\/wp\/v2\/product_cat?post=627"},{"taxonomy":"product_tag","embeddable":true,"href":"https:\/\/camonclass.com\/tienda\/wp-json\/wp\/v2\/product_tag?post=627"}],"curies":[{"name":"wp","href":"https:\/\/api.w.org\/{rel}","templated":true}]}}