{"id":628,"date":"2022-07-25T16:38:11","date_gmt":"2022-07-25T16:38:11","guid":{"rendered":"https:\/\/camonclass.vertice.org\/formacion\/la-contratacion-y-la-extincion-del-contrato\/"},"modified":"2022-07-25T16:38:11","modified_gmt":"2022-07-25T16:38:11","slug":"la-contratacion-y-la-extincion-del-contrato","status":"publish","type":"product","link":"https:\/\/camonclass.com\/tienda\/formacion\/la-contratacion-y-la-extincion-del-contrato\/","title":{"rendered":"La Contrataci\u00f3n y la Extinci\u00f3n del Contrato"},"content":{"rendered":"<p><strong>UD1. Introducci\u00f3n.<\/strong><UL>1.1. Conceptos b\u00e1sicos del derecho laboral y sus fuentes.<br \/>1.2. La figura del trabajador: concepto.<br \/>1.3. La figura del empresario.<br \/>1.4. Modalidades de contrataci\u00f3n e incentivos a la Cotizaci\u00f3n.<\/UL><\/p>\n<p><strong>UD2. La contrataci\u00f3n laboral de Trabajadores Extranjeros.<\/strong><UL>2.1. Trabajadores extracomunitarios.<br \/>2.2. Trabajadores comunitarios.<\/UL><\/p>\n<p><strong>UD3. La contrataci\u00f3n a trav\u00e9s de empresas de Trabajo Temporal.<\/strong><UL>3.1. Normativa aplicable.<br \/>3.2. Las empresas de Trabajo Temporal.<\/UL><\/p>\n<p><strong>UD4. La extinci\u00f3n del contrato I.<\/strong><UL>4.1. Introducci\u00f3n.<br \/>4.2. Mutua acuerdo entre las partes.<br \/>4.3. Las causas consignadas en el contrato.<br \/>4.4. La resoluci\u00f3n unilateral por modificaci\u00f3n sustancial de las condiciones de Trabajo.<br \/>4.5. La extinci\u00f3n del contrato por voluntad del Trabajador.<br \/>4.6. La extinci\u00f3n del contrato por voluntad del Empresario.<\/UL><\/p>\n<p><strong>UD5. La extinci\u00f3n del contrato II.<\/strong><UL>5.1. Los despidos colectivos por causas econ\u00f3micas, t\u00e9cnicas, organizativas o de producci\u00f3n.<br \/>5.2. Los despidos por fuerza mayor.<br \/>5.3. La extinci\u00f3n del contrato por causas que afectan a la persona del trabajador.<br \/>5.4. La extinci\u00f3n del contrato por causas que afectan a la persona del empresario.<\/UL><\/p>\n","protected":false},"excerpt":{"rendered":"<ul>\n<li>Adquirir los conocimientos necesarios acerca de los principales conceptos de la contrataci\u00f3n laboral.<\/li>\n<li>Conocer los conceptos de contrato de trabajo y partes contratantes.<\/li>\n<li>Conocer las distintas modalidades contractuales y los motivos por los que se puede extinguir la relaci\u00f3n laboral.<\/li>\n<\/ul>\n","protected":false},"featured_media":597,"comment_status":"open","ping_status":"closed","template":"","meta":{"neve_meta_sidebar":"","neve_meta_container":"","neve_meta_enable_content_width":"","neve_meta_content_width":0,"neve_meta_title_alignment":"","neve_meta_author_avatar":"","neve_post_elements_order":"","neve_meta_disable_header":"","neve_meta_disable_footer":"","neve_meta_disable_title":""},"product_brand":[],"product_cat":[24,22,23],"product_tag":[],"class_list":{"0":"post-628","1":"product","2":"type-product","3":"status-publish","4":"has-post-thumbnail","6":"product_cat-administracion-y-gestion","7":"product_cat-cursos","8":"product_cat-cursos-de-especializacion","10":"first","11":"instock","12":"sold-individually","13":"shipping-taxable","14":"purchasable","15":"product-type-simple"},"_links":{"self":[{"href":"https:\/\/camonclass.com\/tienda\/wp-json\/wp\/v2\/product\/628","targetHints":{"allow":["GET"]}}],"collection":[{"href":"https:\/\/camonclass.com\/tienda\/wp-json\/wp\/v2\/product"}],"about":[{"href":"https:\/\/camonclass.com\/tienda\/wp-json\/wp\/v2\/types\/product"}],"replies":[{"embeddable":true,"href":"https:\/\/camonclass.com\/tienda\/wp-json\/wp\/v2\/comments?post=628"}],"wp:featuredmedia":[{"embeddable":true,"href":"https:\/\/camonclass.com\/tienda\/wp-json\/wp\/v2\/media\/597"}],"wp:attachment":[{"href":"https:\/\/camonclass.com\/tienda\/wp-json\/wp\/v2\/media?parent=628"}],"wp:term":[{"taxonomy":"product_brand","embeddable":true,"href":"https:\/\/camonclass.com\/tienda\/wp-json\/wp\/v2\/product_brand?post=628"},{"taxonomy":"product_cat","embeddable":true,"href":"https:\/\/camonclass.com\/tienda\/wp-json\/wp\/v2\/product_cat?post=628"},{"taxonomy":"product_tag","embeddable":true,"href":"https:\/\/camonclass.com\/tienda\/wp-json\/wp\/v2\/product_tag?post=628"}],"curies":[{"name":"wp","href":"https:\/\/api.w.org\/{rel}","templated":true}]}}