{"id":629,"date":"2022-07-25T16:38:11","date_gmt":"2022-07-25T16:38:11","guid":{"rendered":"https:\/\/camonclass.vertice.org\/formacion\/nominas-seguridad-social-y-contratacion-laboral\/"},"modified":"2022-07-25T16:38:11","modified_gmt":"2022-07-25T16:38:11","slug":"nominas-seguridad-social-y-contratacion-laboral","status":"publish","type":"product","link":"https:\/\/camonclass.com\/tienda\/formacion\/nominas-seguridad-social-y-contratacion-laboral\/","title":{"rendered":"N\u00f3minas, Seguridad Social y Contrataci\u00f3n Laboral"},"content":{"rendered":"<div>UD1. Introducci\u00f3n a la contrataci\u00f3n.<span style=\"white-space:pre\"> <\/span><\/div>\n<div>UD2. La contrataci\u00f3n laboral en trabajadores extranjeros<span style=\"white-space:pre\"> <\/span><\/div>\n<div>UD3. La contrataci\u00f3n a trav\u00e9s de empresas de trabajo temporal.<\/div>\n<div>UD4. El contrato de trabajo. Las partes contratantes y su relaci\u00f3n laboral.<span style=\"white-space:pre\"> <\/span><\/div>\n<div>UD5. Modalidades de contrataci\u00f3n laboral I: El contrato indefinido.<\/div>\n<div>UD6. Modalidades de Contrataci\u00f3n laboral II: El contrato temporal.<\/div>\n<div>UD7. Modalidades de Contrataci\u00f3n laboral III: Los contratos formativos.<\/div>\n<div>UD8. Modalidades de Contrataci\u00f3n laboral IV: Tiempo parcial, fijos discontinuos y de relevo.<span style=\"white-space:pre\"> <\/span><\/div>\n<div>UD9. Modalidades de Contrataci\u00f3n laboral V: Otros tipos.<\/div>\n<div>UD10. La extinci\u00f3n del contrato I.<\/div>\n<div>UD11. La extinci\u00f3n del contrato II.<\/div>\n<div>UD12. El sistema espa\u00f1ol de la Seguridad Social.<\/div>\n<div>UD13. La n\u00f3mina o recibo de salarios<\/div>\n<div>UD14. El Impuesto sobre la renta de las personas f\u00edsicas (I.R.P.F.).<\/div>\n","protected":false},"excerpt":{"rendered":"<ul>\n<li>Dotar a los trabajadores de la formaci\u00f3n necesaria que les capacite y prepare para desarrollar competencias y cualificaciones en puestos de trabajo que conlleven responsabilidades, por un lado de programaci\u00f3n con el fin de que los trabajadores adquieran los conocimientos necesarios para realizar una correcta y adecuada organizaci\u00f3n del trabajo y por otro lado, de direcci\u00f3n, ya que los encargados de organizar el trabajo deben tener una correcta formaci\u00f3n en la materia con el fin de maximizar los recursos, tanto materiales como humanos, de que dispone la empresa. <\/li>\n<li>Dotar a los alumnos de los conocimientos necesarios acerca de los principales conceptos de la contrataci\u00f3n laboral, con el objetivo de que sean conscientes de sus derechos as\u00ed como de sus obligaciones y deberes, aumentando sus conocimientos en la gesti\u00f3n de los recursos humanos. <\/li>\n<li>Favorecer el conocimiento de los empleados sobre los diferentes aspectos relacionados con la contrataci\u00f3n de personal para que afronten el mundo laboral en las condiciones m\u00e1s \u00f3ptimas posibles. <\/li>\n<li>Introducir al alumno en uno de los aspectos m\u00e1s importantes a la hora de ocupar un puesto en el departamento de RR.HH de una empresa o tener que realizar \u00e9stas funciones. <\/li>\n<li>Conocer los conceptos b\u00e1sicos asociados al sistema de gesti\u00f3n salarial.<\/li>\n<li>Familiarizar al alumnado con los elementos conformadores de la n\u00f3mina.<\/li>\n<li>Introducir al alumnado en los principales elementos necesarios para realizar el c\u00e1lculo de las retenciones a cuenta del IRPF y su desarrollo pr\u00e1ctico a trav\u00e9s de internet.<BR><\/li>\n<\/ul>\n","protected":false},"featured_media":597,"comment_status":"open","ping_status":"closed","template":"","meta":{"neve_meta_sidebar":"","neve_meta_container":"","neve_meta_enable_content_width":"","neve_meta_content_width":0,"neve_meta_title_alignment":"","neve_meta_author_avatar":"","neve_post_elements_order":"","neve_meta_disable_header":"","neve_meta_disable_footer":"","neve_meta_disable_title":""},"product_brand":[],"product_cat":[24,22,23],"product_tag":[],"class_list":{"0":"post-629","1":"product","2":"type-product","3":"status-publish","4":"has-post-thumbnail","6":"product_cat-administracion-y-gestion","7":"product_cat-cursos","8":"product_cat-cursos-de-especializacion","10":"first","11":"instock","12":"sold-individually","13":"shipping-taxable","14":"purchasable","15":"product-type-simple"},"_links":{"self":[{"href":"https:\/\/camonclass.com\/tienda\/wp-json\/wp\/v2\/product\/629","targetHints":{"allow":["GET"]}}],"collection":[{"href":"https:\/\/camonclass.com\/tienda\/wp-json\/wp\/v2\/product"}],"about":[{"href":"https:\/\/camonclass.com\/tienda\/wp-json\/wp\/v2\/types\/product"}],"replies":[{"embeddable":true,"href":"https:\/\/camonclass.com\/tienda\/wp-json\/wp\/v2\/comments?post=629"}],"wp:featuredmedia":[{"embeddable":true,"href":"https:\/\/camonclass.com\/tienda\/wp-json\/wp\/v2\/media\/597"}],"wp:attachment":[{"href":"https:\/\/camonclass.com\/tienda\/wp-json\/wp\/v2\/media?parent=629"}],"wp:term":[{"taxonomy":"product_brand","embeddable":true,"href":"https:\/\/camonclass.com\/tienda\/wp-json\/wp\/v2\/product_brand?post=629"},{"taxonomy":"product_cat","embeddable":true,"href":"https:\/\/camonclass.com\/tienda\/wp-json\/wp\/v2\/product_cat?post=629"},{"taxonomy":"product_tag","embeddable":true,"href":"https:\/\/camonclass.com\/tienda\/wp-json\/wp\/v2\/product_tag?post=629"}],"curies":[{"name":"wp","href":"https:\/\/api.w.org\/{rel}","templated":true}]}}