{"id":630,"date":"2022-07-25T16:38:12","date_gmt":"2022-07-25T16:38:12","guid":{"rendered":"https:\/\/camonclass.vertice.org\/formacion\/plan-de-empresa\/"},"modified":"2022-07-25T16:38:12","modified_gmt":"2022-07-25T16:38:12","slug":"plan-de-empresa","status":"publish","type":"product","link":"https:\/\/camonclass.com\/tienda\/formacion\/plan-de-empresa\/","title":{"rendered":"Plan de Empresa"},"content":{"rendered":"<p><strong>UD1. Introducci\u00f3n a la creaci\u00f3n de empresas.<\/strong><UL>1.1. Mitos y barreras sobre la creaci\u00f3n de empresas.<br \/>1.2. Ventajas e inconvenientes de la creaci\u00f3n de empresas.<br \/>1.3. Definici\u00f3n de la idea.<br \/>1.4. Emprendedores.<\/UL><\/p>\n<p><strong>UD2. Estudio o investigaci\u00f3n de mercado.<\/strong><UL>2.1. Estudio externo.<br \/>2.2. Estudio interno.<br \/>2.3. Fuentes de informaci\u00f3n y t\u00e9cnicas de investigaci\u00f3n de mercados.<br \/>2.4. Fichas s\u00edntesis de recogida de informaci\u00f3n.<br \/>2.5. An\u00e1lisis DAFO (Debilidades, Amenazas, Fortalezas, Oportunidades).<\/UL><\/p>\n<p><strong>UD3. Plan Comercial o de Marketing.<\/strong><UL>3.1. Producto o servicio.<br \/>3.2. El precio.<br \/>3.3. Distribuci\u00f3n.<br \/>3.4. Comunicaci\u00f3n del producto\/servicio.<br \/>3.5. Ficha s\u00edntesis global del plan de marketing.<\/UL><\/p>\n<p><strong>UD4. Plan de producci\u00f3n\/prestaci\u00f3n de servicios.<\/strong><UL>4.1. Estimaci\u00f3n del volumen de producci\u00f3n.<br \/>4.2. El m\u00e9todo o sistema de producci\u00f3n y sus fases.<br \/>4.3. Control de producci\u00f3n\/prestaci\u00f3n y de calidad.<br \/>4.4. Ficha s\u00edntesis global del plan de producci\u00f3n.<\/UL><\/p>\n<p><strong>UD5. Plan de recursos humanos.<\/strong><UL>5.1. La empresa como organizaci\u00f3n.<br \/>5.2. Descripci\u00f3n de puestos de trabajo.<br \/>5.3. La selecci\u00f3n de personal.<br \/>5.4. Motivaci\u00f3n y pol\u00edtica retributiva.<br \/>5.5. Fichas s\u00edntesis global del plan de RRHH.<\/UL><\/p>\n<p><strong>UD6. Plan econ\u00f3mico\/financiero.<\/strong><UL>6.1. Plan de inversiones iniciales.<br \/>6.2. Plan de financiaci\u00f3n.<br \/>6.3. Los estados contables.<br \/>6.4. An\u00e1lisis Econ\u00f3mico-Financiero (o de los estados contables).<br \/>6.5. Fichas s\u00edntesis global del plan Econ\u00f3mico-Financiero.<\/UL><\/p>\n<p><strong>UD7. Plan Jur\u00eddico\/Mercantil.<\/strong><UL>7.1. Elecci\u00f3n de la forma jur\u00eddica.<br \/>7.2. Tr\u00e1mites de constituci\u00f3n y puesta en marcha.<br \/>7.3. Fichas s\u00edntesis global del plan Jur\u00eddico-Mercantil.<\/UL><\/p>\n","protected":false},"excerpt":{"rendered":"<ul>\n<li>Identificar t\u00e9cnicas de investigaci\u00f3n de mercados.<\/li>\n<li>Aprender qu\u00e9 factores son imprescindibles en un plan comercial o de marketing.<\/li>\n<li>Conocer c\u00f3mo se organiza los recursos humanos de una empresa.<\/li>\n<li>Adquirir conocimientos acerca del plan econ\u00f3mico-financiero de una empresa.<\/li>\n<li>Determinar cu\u00e1les son las principales caracter\u00edsticas de las diferentes formas jur\u00eddicas.<\/li>\n<\/ul>\n","protected":false},"featured_media":597,"comment_status":"open","ping_status":"closed","template":"","meta":{"neve_meta_sidebar":"","neve_meta_container":"","neve_meta_enable_content_width":"","neve_meta_content_width":0,"neve_meta_title_alignment":"","neve_meta_author_avatar":"","neve_post_elements_order":"","neve_meta_disable_header":"","neve_meta_disable_footer":"","neve_meta_disable_title":""},"product_brand":[],"product_cat":[24,22,23],"product_tag":[],"class_list":{"0":"post-630","1":"product","2":"type-product","3":"status-publish","4":"has-post-thumbnail","6":"product_cat-administracion-y-gestion","7":"product_cat-cursos","8":"product_cat-cursos-de-especializacion","10":"first","11":"instock","12":"sold-individually","13":"shipping-taxable","14":"purchasable","15":"product-type-simple"},"_links":{"self":[{"href":"https:\/\/camonclass.com\/tienda\/wp-json\/wp\/v2\/product\/630","targetHints":{"allow":["GET"]}}],"collection":[{"href":"https:\/\/camonclass.com\/tienda\/wp-json\/wp\/v2\/product"}],"about":[{"href":"https:\/\/camonclass.com\/tienda\/wp-json\/wp\/v2\/types\/product"}],"replies":[{"embeddable":true,"href":"https:\/\/camonclass.com\/tienda\/wp-json\/wp\/v2\/comments?post=630"}],"wp:featuredmedia":[{"embeddable":true,"href":"https:\/\/camonclass.com\/tienda\/wp-json\/wp\/v2\/media\/597"}],"wp:attachment":[{"href":"https:\/\/camonclass.com\/tienda\/wp-json\/wp\/v2\/media?parent=630"}],"wp:term":[{"taxonomy":"product_brand","embeddable":true,"href":"https:\/\/camonclass.com\/tienda\/wp-json\/wp\/v2\/product_brand?post=630"},{"taxonomy":"product_cat","embeddable":true,"href":"https:\/\/camonclass.com\/tienda\/wp-json\/wp\/v2\/product_cat?post=630"},{"taxonomy":"product_tag","embeddable":true,"href":"https:\/\/camonclass.com\/tienda\/wp-json\/wp\/v2\/product_tag?post=630"}],"curies":[{"name":"wp","href":"https:\/\/api.w.org\/{rel}","templated":true}]}}