{"id":631,"date":"2022-07-25T16:38:12","date_gmt":"2022-07-25T16:38:12","guid":{"rendered":"https:\/\/camonclass.vertice.org\/formacion\/contabilidad-financiera\/"},"modified":"2022-07-25T16:38:12","modified_gmt":"2022-07-25T16:38:12","slug":"contabilidad-financiera","status":"publish","type":"product","link":"https:\/\/camonclass.com\/tienda\/formacion\/contabilidad-financiera\/","title":{"rendered":"Contabilidad Financiera"},"content":{"rendered":"<p><strong>UD1. Introducci\u00f3n a la contabilidad.<\/strong><UL>1.1. Concepto y objetivos de la Contabilidad.<br \/>1.2. El patrimonio de la empresa.<br \/>1.3. Los instrumentos contables.<br \/>1.4. El ciclo contable en la empresa.<\/UL><\/p>\n<p><strong>UD2. Compras y ventas de mercader\u00edas.<\/strong><UL>2.1. La contabilizaci\u00f3n de las existencias.<br \/>2.2. La contabilizaci\u00f3n de las compras de mercader\u00edas.<br \/>2.3. La contabilizaci\u00f3n de las ventas de mercader\u00edas.<br \/>2.4. La contabilizaci\u00f3n de los envases y embalajes.<\/UL><\/p>\n<p><strong>UD3. Ingresos y gastos en la empresa.<\/strong><UL>3.1. Gastos de personal.<br \/>3.2. Servicios exteriores.<br \/>3.3. Subvenciones.<br \/>3.4. Gastos financieros y excepcionales.<br \/>3.5. Ingresos financieros y excepcionales.<\/UL><\/p>\n<p><strong>UD4. Proveedores, acreedores, clientes y deudores del tr\u00e1fico.<\/strong><UL>4.1. Introducci\u00f3n.<br \/>4.2. Clientes y deudores.<br \/>4.3. An\u00e1lisis de efectos comerciales.<br \/>4.4. Aceptaci\u00f3n de los efectos comerciales.<\/UL><\/p>\n<p><strong>UD5. La periodificaci\u00f3n contable.<\/strong><UL>5.1. El principio de devengo.<br \/>5.2. Ingresos y gastos en situaciones anticipadas.<br \/>5.3. Ingresos y gastos en situaciones diferidas.<\/UL><\/p>\n<p><strong>UD6. Inmovilizado y amortizaci\u00f3n en la empresa.<\/strong><UL>6.1. Concepto y clases de inmovilizado.<br \/>6.2. Tipos de valores de inmovilizado.<br \/>6.3. El inmovilizado material.<br \/>6.4. El inmovilizado intangible.<br \/>6.5. Enajenaci\u00f3n de elementos de inmovilizado.<br \/>6.6. La amortizaci\u00f3n del inmovilizado.<\/UL><\/p>\n<p><strong>UD7. Las provisiones de la empresa.<\/strong><UL>7.1. Concepto y clasificaci\u00f3n de provisiones.<br \/>7.2. Las p\u00e9rdidas recuperables de partidas empresariales.<br \/>7.3. Tipolog\u00eda de provisiones.<\/UL><\/p>\n<p><strong>UD8. Los valores negociables.<\/strong><UL>8.1. Concepto y tipos de valores Negociables.<br \/>8.2. Adquisici\u00f3n y venta de valores Negociables.<br \/>8.3. Inversiones financieras de la Empresa.<br \/>8.4. Admisi\u00f3n de t\u00edtulos a Cotizaci\u00f3n.<br \/>8.5. Los derechos de Suscripci\u00f3n.<\/UL><\/p>\n","protected":false},"excerpt":{"rendered":"<ul>\n<li>Conocer la definici\u00f3n de patrimonio, los elementos patrimoniales y las masas patrimoniales.<\/li>\n<li>Conocer el concepto de balance y entender el funcionamiento de las cuentas.<\/li>\n<li>Aprender a diferenciar las cuentas del pgc relacionadas cada una de las \u00e1reas de la empresa.<\/li>\n<li>Aprender a contabilizar los aspectos m\u00e1s importantes de la vida diaria de una empresa.<\/li>\n<li>Comprender el concepto de periodificaci\u00f3n contable y su influencia en la cuenta de resultado de la empresa.<\/li>\n<li>Conocer el tratamiento contable de las operaciones de la empresa.<\/li>\n<li>Analizar las normas de valoraci\u00f3n que afectan al inmovilizado.<\/li>\n<li>Comprender el concepto de amortizaci\u00f3n contable, los diferentes m\u00e9todos y sistemas de amortizaci\u00f3n<\/li>\n<\/ul>\n","protected":false},"featured_media":597,"comment_status":"open","ping_status":"closed","template":"","meta":{"neve_meta_sidebar":"","neve_meta_container":"","neve_meta_enable_content_width":"","neve_meta_content_width":0,"neve_meta_title_alignment":"","neve_meta_author_avatar":"","neve_post_elements_order":"","neve_meta_disable_header":"","neve_meta_disable_footer":"","neve_meta_disable_title":""},"product_brand":[],"product_cat":[24,22,23],"product_tag":[],"class_list":{"0":"post-631","1":"product","2":"type-product","3":"status-publish","4":"has-post-thumbnail","6":"product_cat-administracion-y-gestion","7":"product_cat-cursos","8":"product_cat-cursos-de-especializacion","10":"first","11":"instock","12":"sold-individually","13":"shipping-taxable","14":"purchasable","15":"product-type-simple"},"_links":{"self":[{"href":"https:\/\/camonclass.com\/tienda\/wp-json\/wp\/v2\/product\/631","targetHints":{"allow":["GET"]}}],"collection":[{"href":"https:\/\/camonclass.com\/tienda\/wp-json\/wp\/v2\/product"}],"about":[{"href":"https:\/\/camonclass.com\/tienda\/wp-json\/wp\/v2\/types\/product"}],"replies":[{"embeddable":true,"href":"https:\/\/camonclass.com\/tienda\/wp-json\/wp\/v2\/comments?post=631"}],"wp:featuredmedia":[{"embeddable":true,"href":"https:\/\/camonclass.com\/tienda\/wp-json\/wp\/v2\/media\/597"}],"wp:attachment":[{"href":"https:\/\/camonclass.com\/tienda\/wp-json\/wp\/v2\/media?parent=631"}],"wp:term":[{"taxonomy":"product_brand","embeddable":true,"href":"https:\/\/camonclass.com\/tienda\/wp-json\/wp\/v2\/product_brand?post=631"},{"taxonomy":"product_cat","embeddable":true,"href":"https:\/\/camonclass.com\/tienda\/wp-json\/wp\/v2\/product_cat?post=631"},{"taxonomy":"product_tag","embeddable":true,"href":"https:\/\/camonclass.com\/tienda\/wp-json\/wp\/v2\/product_tag?post=631"}],"curies":[{"name":"wp","href":"https:\/\/api.w.org\/{rel}","templated":true}]}}