{"id":634,"date":"2022-07-25T16:38:12","date_gmt":"2022-07-25T16:38:12","guid":{"rendered":"https:\/\/camonclass.vertice.org\/formacion\/organizacion-de-procesos-de-venta\/"},"modified":"2022-07-25T16:38:12","modified_gmt":"2022-07-25T16:38:12","slug":"organizacion-de-procesos-de-venta","status":"publish","type":"product","link":"https:\/\/camonclass.com\/tienda\/formacion\/organizacion-de-procesos-de-venta\/","title":{"rendered":"Organizaci\u00f3n de procesos de venta"},"content":{"rendered":"<p><strong>UD1. Organizaci\u00f3n del Entorno Comercial.<\/strong><UL>1.1. Estructura del entorno comercial.<br \/>1.2. F\u00f3rmulas y formatos comerciales.<br \/>1.3. Evoluci\u00f3n y tendencias de la comercializaci\u00f3n y distribuci\u00f3n comercial. Fuentes de informaci\u00f3n y actualizaci\u00f3n comercial.<br \/>1.4. Estructura y proceso comercial en la empresa.<br \/>1.5. Posicionamiento e imagen de marca del producto servicio y los establecimientos comerciales.<br \/>1.6. Normativa general sobre comercio.<br \/>1.7. Derechos del consumidor.<\/UL><\/p>\n<p><strong>UD2. Gesti\u00f3n de la Venta Profesional.<\/strong><UL>2.1. El vendedor profesional.<br \/>2.2. Organizaci\u00f3n del trabajo del vendedor profesional.<br \/>2.3. Manejo de las herramientas de gesti\u00f3n de tareas y planificaci\u00f3n de visitas.<\/UL><\/p>\n<p><strong>UD3. Documentaci\u00f3n Propia de la Venta de Productos y Servicios.<\/strong><UL>3.1. Documentos comerciales.<br \/>3.2. Documentos propios de la compraventa.<br \/>3.3. Elaboraci\u00f3n de la documentaci\u00f3n.<br \/>3.4. Aplicaciones inform\u00e1ticas para la elaboraci\u00f3n y organizaci\u00f3n de la documentaci\u00f3n comercial.<\/UL><\/p>\n<p><strong>UD4. C\u00e1lculo y Aplicaciones Propias de la Venta.<\/strong><UL>4.1. Operativa b\u00e1sica de c\u00e1lculo aplicado a la venta.<br \/>4.2. C\u00e1lculo de PVP (Precio de venta al p\u00fablico).<br \/>4.3. Estimaci\u00f3n de costes de la actividad comercial.<br \/>4.4. Fiscalidad.<br \/>4.5. C\u00e1lculo de descuentos y recargos comerciales.<br \/>4.6. C\u00e1lculo de rentabilidad y margen comercial.<br \/>4.7. C\u00e1lculo de comisiones comerciales.<br \/>4.8. C\u00e1lculo de cuotas y pagos aplazados: intereses.<br \/>4.9. Aplicaciones de control y seguimiento de pedidos facturaci\u00f3n y cuentas de clientes.<br \/>4.10. Herramientas e instrumentos para el c\u00e1lculo aplicados a la venta.<\/UL><\/p>\n","protected":false},"excerpt":{"rendered":"<ul>\n<li>Programar la actuaci\u00f3n en la venta a partir de par\u00e1metros comerciales definidos y el posicionamiento de empresa\/entidad.<\/li>\n<li>Confeccionar los documentos b\u00e1sicos derivados de la actuaci\u00f3n en la venta aplicando la normativa vigente y de acuerdo con unos objetivos definidos.<\/li>\n<li>Realizar los c\u00e1lculos derivados de operaciones de venta definidas aplicando las f\u00f3rmulas comerciales adecuadas.<\/li>\n<\/ul>\n","protected":false},"featured_media":633,"comment_status":"open","ping_status":"closed","template":"","meta":{"neve_meta_sidebar":"","neve_meta_container":"","neve_meta_enable_content_width":"","neve_meta_content_width":0,"neve_meta_title_alignment":"","neve_meta_author_avatar":"","neve_post_elements_order":"","neve_meta_disable_header":"","neve_meta_disable_footer":"","neve_meta_disable_title":""},"product_brand":[],"product_cat":[25,22,23],"product_tag":[],"class_list":{"0":"post-634","1":"product","2":"type-product","3":"status-publish","4":"has-post-thumbnail","6":"product_cat-comercio-y-marketing","7":"product_cat-cursos","8":"product_cat-cursos-de-especializacion","10":"first","11":"instock","12":"sold-individually","13":"shipping-taxable","14":"purchasable","15":"product-type-simple"},"_links":{"self":[{"href":"https:\/\/camonclass.com\/tienda\/wp-json\/wp\/v2\/product\/634","targetHints":{"allow":["GET"]}}],"collection":[{"href":"https:\/\/camonclass.com\/tienda\/wp-json\/wp\/v2\/product"}],"about":[{"href":"https:\/\/camonclass.com\/tienda\/wp-json\/wp\/v2\/types\/product"}],"replies":[{"embeddable":true,"href":"https:\/\/camonclass.com\/tienda\/wp-json\/wp\/v2\/comments?post=634"}],"wp:featuredmedia":[{"embeddable":true,"href":"https:\/\/camonclass.com\/tienda\/wp-json\/wp\/v2\/media\/633"}],"wp:attachment":[{"href":"https:\/\/camonclass.com\/tienda\/wp-json\/wp\/v2\/media?parent=634"}],"wp:term":[{"taxonomy":"product_brand","embeddable":true,"href":"https:\/\/camonclass.com\/tienda\/wp-json\/wp\/v2\/product_brand?post=634"},{"taxonomy":"product_cat","embeddable":true,"href":"https:\/\/camonclass.com\/tienda\/wp-json\/wp\/v2\/product_cat?post=634"},{"taxonomy":"product_tag","embeddable":true,"href":"https:\/\/camonclass.com\/tienda\/wp-json\/wp\/v2\/product_tag?post=634"}],"curies":[{"name":"wp","href":"https:\/\/api.w.org\/{rel}","templated":true}]}}