{"id":639,"date":"2022-07-25T16:38:13","date_gmt":"2022-07-25T16:38:13","guid":{"rendered":"https:\/\/camonclass.vertice.org\/formacion\/medios-de-pago-internacionales\/"},"modified":"2022-07-25T16:38:13","modified_gmt":"2022-07-25T16:38:13","slug":"medios-de-pago-internacionales","status":"publish","type":"product","link":"https:\/\/camonclass.com\/tienda\/formacion\/medios-de-pago-internacionales\/","title":{"rendered":"Medios de pago internacionales"},"content":{"rendered":"<p><strong>UD1. Factores econ\u00f3micos y legales de los medios de cobro y pago en operaciones comerciales.<\/strong><UL>1.1. Obligaciones de las partes en la compraventa internacional.<br \/>1.2. Condiciones de pago.<br \/>1.3. Relaci\u00f3n entre la forma de pago y condiciones de entrega de la mercanc\u00eda (INCOTERMS).<br \/>1.4. Regulaci\u00f3n de los medios de pago internacionales.<\/UL><\/p>\n<p><strong>UD2. Gesti\u00f3n de los documentos e intervenci\u00f3n de las entidades financieras.<\/strong><UL>2.1. El papel de los bancos en los medios de cobro y pago.<br \/>2.2. Tipos de documentos: emisi\u00f3n cumplimentaci\u00f3n y legalizaci\u00f3n en su caso.<br \/>2.3. Diferentes funciones y compromisos de las entidades seg\u00fan medio de pago.<br \/>2.4. Gesti\u00f3n de la documentaci\u00f3n para el cobro \/ pago con clientes \/ proveedores.<\/UL><\/p>\n<p><strong>UD3. Selecci\u00f3n del medio de pago y cobro internacional.<\/strong><UL>3.1. Factores a considerar en la elecci\u00f3n.<br \/>3.2. Motivos de la elecci\u00f3n.<\/UL><\/p>\n<p><strong>UD4. Clasificaci\u00f3n de los medios de cobro y pago.<\/strong><UL>4.1. Clasificaci\u00f3n.<br \/>4.2. Cheque bancario.<br \/>4.3. Orden de pago simple.<br \/>4.4. Orden de pago documentaria.<\/UL><\/p>\n<p><strong>UD5. La remesa en las operaciones de compraventa internacionales.<\/strong><UL>5.1. Concepto.<br \/>5.2. Remesa simple.<br \/>5.3. Remesa documentaria.<\/UL><\/p>\n<p><strong>UD6. El cr\u00e9dito documentario en las operaciones de comercio internacional.<\/strong><UL>6.1. Concepto e importancia del cr\u00e9dito documentario.<br \/>6.2. Partes que intervienen.<br \/>6.3. Principales tipos de cr\u00e9dito documentario.<br \/>6.4. La carta de cr\u00e9dito.<br \/>6.5. Operativa del cr\u00e9dito documentario. Esquema de funcionamiento.<br \/>6.6. Potenciales riesgos del cr\u00e9dito documentario.<br \/>6.7. Ventajas.<br \/>6.8. Inconvenientes.<br \/>6.9. Coste.<br \/>6.10. Relaci\u00f3n entrega de la mercanc\u00eda &#8211; pago.<br \/>6.11. Las fechas en los cr\u00e9ditos documentarios.<br \/>6.12. Documentaci\u00f3n requerida por la entidad financiera.<br \/>6.13. Normativa. Reglas y Usos Uniformes de la C\u00e1mara de Comercio Internacional.<\/UL><\/p>\n<p><strong>UD7. Avales y garant\u00edas en operaciones de compraventainternacional.<\/strong><UL>7.1. Garant\u00edas bancarias: concepto.<br \/>7.2. Clasificaci\u00f3n atendiendo a su objeto.<br \/>7.3. Clasificaci\u00f3n atendiendo a la naturaleza de compromiso del.<br \/>7.4. Reglas Uniformes de la C\u00e1mara de Comercio Internacional.<\/UL><\/p>\n<p><strong>UD8. Utilizaci\u00f3n del comercio electr\u00f3nico en los medios de cobro y pago.<\/strong><UL>8.1. Legislaci\u00f3n sobre comercio electr\u00f3nico.<br \/>8.2. Seguridad de pagos y cobros en comercio electr\u00f3nico.<br \/>8.3. Tipos de pagos y cobros en Internet.<br \/>8.4. Sistemas de intercambio de datos en las operaciones internacionales.<\/UL><\/p>\n","protected":false},"excerpt":{"rendered":"<ul>\n<li>Una vez finalizado el M\u00f3dulo el alumno ser\u00e1 capaz de gestionar las operaciones de cobro y pago en las transacciones internacionales.<\/li>\n<li>En concreto el alumno ser\u00e1 capaz de: Analizar los distintos medios de pago para operaciones de compraventa internacional.<\/li>\n<li>Analizar las garant\u00edas asociadas al pago de operaciones de compraventa internacional.<\/li>\n<li>Analizar los procedimientos de gesti\u00f3n de los medios de pago en las transacciones internacionales.<\/li>\n<li>Elaborar la documentaci\u00f3n relativa a los medios de pago internacionales as\u00ed como la de las garant\u00edas asociadas a los mismos.<\/li>\n<\/ul>\n","protected":false},"featured_media":633,"comment_status":"open","ping_status":"closed","template":"","meta":{"neve_meta_sidebar":"","neve_meta_container":"","neve_meta_enable_content_width":"","neve_meta_content_width":0,"neve_meta_title_alignment":"","neve_meta_author_avatar":"","neve_post_elements_order":"","neve_meta_disable_header":"","neve_meta_disable_footer":"","neve_meta_disable_title":""},"product_brand":[],"product_cat":[25,22,23],"product_tag":[],"class_list":{"0":"post-639","1":"product","2":"type-product","3":"status-publish","4":"has-post-thumbnail","6":"product_cat-comercio-y-marketing","7":"product_cat-cursos","8":"product_cat-cursos-de-especializacion","10":"first","11":"instock","12":"sold-individually","13":"shipping-taxable","14":"purchasable","15":"product-type-simple"},"_links":{"self":[{"href":"https:\/\/camonclass.com\/tienda\/wp-json\/wp\/v2\/product\/639","targetHints":{"allow":["GET"]}}],"collection":[{"href":"https:\/\/camonclass.com\/tienda\/wp-json\/wp\/v2\/product"}],"about":[{"href":"https:\/\/camonclass.com\/tienda\/wp-json\/wp\/v2\/types\/product"}],"replies":[{"embeddable":true,"href":"https:\/\/camonclass.com\/tienda\/wp-json\/wp\/v2\/comments?post=639"}],"wp:featuredmedia":[{"embeddable":true,"href":"https:\/\/camonclass.com\/tienda\/wp-json\/wp\/v2\/media\/633"}],"wp:attachment":[{"href":"https:\/\/camonclass.com\/tienda\/wp-json\/wp\/v2\/media?parent=639"}],"wp:term":[{"taxonomy":"product_brand","embeddable":true,"href":"https:\/\/camonclass.com\/tienda\/wp-json\/wp\/v2\/product_brand?post=639"},{"taxonomy":"product_cat","embeddable":true,"href":"https:\/\/camonclass.com\/tienda\/wp-json\/wp\/v2\/product_cat?post=639"},{"taxonomy":"product_tag","embeddable":true,"href":"https:\/\/camonclass.com\/tienda\/wp-json\/wp\/v2\/product_tag?post=639"}],"curies":[{"name":"wp","href":"https:\/\/api.w.org\/{rel}","templated":true}]}}