{"id":641,"date":"2022-07-25T16:38:14","date_gmt":"2022-07-25T16:38:14","guid":{"rendered":"https:\/\/camonclass.vertice.org\/formacion\/planificacion-y-gestion-de-la-demanda\/"},"modified":"2022-07-25T16:38:14","modified_gmt":"2022-07-25T16:38:14","slug":"planificacion-y-gestion-de-la-demanda","status":"publish","type":"product","link":"https:\/\/camonclass.com\/tienda\/formacion\/planificacion-y-gestion-de-la-demanda\/","title":{"rendered":"Planificaci\u00f3n y gesti\u00f3n de la demanda"},"content":{"rendered":"<p><strong>UD1. Log\u00edstica interna de la empresa.<\/strong><UL>1.1. La empresa como unidad log\u00edstica.<br \/>1.2. Organizaci\u00f3n funcional de la empresa.<br \/>1.3. Actividades log\u00edsticas.<br \/>1.4. El plan log\u00edstico seg\u00fan tipos de empresas.<br \/>1.5. La cadena de suministro de la empresa. Eslabones.<br \/>1.6. Externalizaci\u00f3n de la funci\u00f3n log\u00edstica: ventajas e inconvenientes.<\/UL><\/p>\n<p><strong>UD2. Previsi\u00f3n de demanda.<\/strong><UL>2.1. Definici\u00f3n de la demanda seg\u00fan tipos de empresa y procesos de producci\u00f3n.<br \/>2.2. Tipos de demanda y necesidades de producci\u00f3n.<br \/>2.3. Previsi\u00f3n de demanda y plan de ventas.<br \/>2.4. Previsi\u00f3n de la actividad y de los costes.<\/UL><\/p>\n<p><strong>UD3. Planificaci\u00f3n y organizaci\u00f3n de la producci\u00f3n\/distribuci\u00f3n.<\/strong><UL>3.1. La funci\u00f3n productiva de la empresa y el aprovisionamiento.<br \/>3.2. Elementos que intervienen en la planificaci\u00f3n de la producci\u00f3n.<br \/>3.3. Clasificaci\u00f3n de la producci\u00f3n\/distribuci\u00f3n.<br \/>3.4. Nivel de producci\u00f3n y capacidad productiva: Concepto y niveles.<br \/>3.5. Estrategias actuales de organizaci\u00f3n de la producci\u00f3n: procesos flexibles r\u00e1pidos y adaptados a la variabilidad de la demanda y necesidades.<\/UL><\/p>\n<p><strong>UD4. T\u00e9cnicas de planificaci\u00f3n y control de proyectos.<\/strong><UL>4.1. Introducci\u00f3n a los sistemas de planificaci\u00f3n programaci\u00f3n y control de proyectos.<br \/>4.2. Definici\u00f3n de actividades.<br \/>4.3. Representaci\u00f3n gr\u00e1fica de un plan de producci\u00f3n.<br \/>4.4. Teor\u00eda de las restricciones (cuello de botella).<br \/>4.5. Calculo de tiempos y holguras.<br \/>4.6. Calendario de ejecuci\u00f3n y nivelaci\u00f3n de recursos.<br \/>4.7. M\u00e9todos de control de planes de producci\u00f3n.<br \/>4.8. Ejemplos pr\u00e1cticos sobre la aplicaci\u00f3n de los m\u00e9todos de control.<br \/>4.9. Aplicaciones inform\u00e1ticas de planificaci\u00f3n y control de proyectos.<\/UL><\/p>\n<p><strong>UD5. Gesti\u00f3n de la producci\u00f3n y aprovisionamiento.<\/strong><UL>5.1. Concepto e importancia de la gesti\u00f3n de la producci\u00f3n y aprovisionamiento.<br \/>5.2. La pol\u00edtica del aprovisionamiento en el marco de la empresa.<br \/>5.3. M\u00e9todos de gesti\u00f3n de la producci\u00f3n.<br \/>5.4. Niveles de gesti\u00f3n de la producci\u00f3n.<br \/>5.5. Variables de influencia en las necesidades de aprovisionamiento.<\/UL><\/p>\n<p><strong>UD6. Planificaci\u00f3n de requerimientos y necesidades de producci\u00f3n.<\/strong><UL>6.1. Fundamentos y conceptos de un sistema MRP(Material Requirement Planning).<br \/>6.2. Estructura b\u00e1sica de un sistema MRP.<br \/>6.3. Funcionalidades b\u00e1sicas de un MRP.<br \/>6.4. Requerimientos de recursos productivos (MRP II).<br \/>6.5. Aplicaciones de gesti\u00f3n de la producci\u00f3n inform\u00e1tica.<br \/>6.6. Otros m\u00e9todos.<br \/>6.6. Optimizaci\u00f3n de la cadena de suministro.<\/UL><\/p>\n<p><strong>UD7. Planificaci\u00f3n de recursos de distribuci\u00f3n.<\/strong><UL>7.1. Planificaci\u00f3n del DRP (Distribution Requirement Planning).<br \/>7.2. Estructura del DRP.<br \/>7.3. Fases integrantes de un proceso DRP.<br \/>7.4. T\u00e9cnicas de DRP.<br \/>7.5. Flujo de los procesos.<br \/>7.6. C\u00e1lculo de necesidades de distribuci\u00f3n.<br \/>7.7. Implementaci\u00f3n del DRP.<\/UL><\/p>\n","protected":false},"excerpt":{"rendered":"<ul>\n<li>Determinar la demanda y necesidades de los planes de producci\u00f3n\/distribuci\u00f3n en base a los plazos de entrega comprometidos.<\/li>\n<li>Utilizar las t\u00e9cnicas de planificaci\u00f3n y control de proyectos identificando las fases y\/o actividades teniendo en cuenta la estimaci\u00f3n de los tiempos programados.<\/li>\n<li>Elaborar programas de requerimientos y listas de materiales\/productos de aprovisionamiento que se ajusten a objetivos plazos y criterios de calidad de los procesos de producci\u00f3n.<\/li>\n<li>Elaborar programas de requerimientos de distribuci\u00f3n que se ajusten a objetivos plazos y criterios de calidad de los procesos.<\/li>\n<li>Controlar el nivel de aprovisionamiento y de producci\u00f3n\/distribuci\u00f3n que permita solucionar los problemas surgidos ante factores cr\u00edticos.<\/li>\n<\/ul>\n","protected":false},"featured_media":633,"comment_status":"open","ping_status":"closed","template":"","meta":{"neve_meta_sidebar":"","neve_meta_container":"","neve_meta_enable_content_width":"","neve_meta_content_width":0,"neve_meta_title_alignment":"","neve_meta_author_avatar":"","neve_post_elements_order":"","neve_meta_disable_header":"","neve_meta_disable_footer":"","neve_meta_disable_title":""},"product_brand":[],"product_cat":[25,22,23],"product_tag":[],"class_list":{"0":"post-641","1":"product","2":"type-product","3":"status-publish","4":"has-post-thumbnail","6":"product_cat-comercio-y-marketing","7":"product_cat-cursos","8":"product_cat-cursos-de-especializacion","10":"first","11":"instock","12":"sold-individually","13":"shipping-taxable","14":"purchasable","15":"product-type-simple"},"_links":{"self":[{"href":"https:\/\/camonclass.com\/tienda\/wp-json\/wp\/v2\/product\/641","targetHints":{"allow":["GET"]}}],"collection":[{"href":"https:\/\/camonclass.com\/tienda\/wp-json\/wp\/v2\/product"}],"about":[{"href":"https:\/\/camonclass.com\/tienda\/wp-json\/wp\/v2\/types\/product"}],"replies":[{"embeddable":true,"href":"https:\/\/camonclass.com\/tienda\/wp-json\/wp\/v2\/comments?post=641"}],"wp:featuredmedia":[{"embeddable":true,"href":"https:\/\/camonclass.com\/tienda\/wp-json\/wp\/v2\/media\/633"}],"wp:attachment":[{"href":"https:\/\/camonclass.com\/tienda\/wp-json\/wp\/v2\/media?parent=641"}],"wp:term":[{"taxonomy":"product_brand","embeddable":true,"href":"https:\/\/camonclass.com\/tienda\/wp-json\/wp\/v2\/product_brand?post=641"},{"taxonomy":"product_cat","embeddable":true,"href":"https:\/\/camonclass.com\/tienda\/wp-json\/wp\/v2\/product_cat?post=641"},{"taxonomy":"product_tag","embeddable":true,"href":"https:\/\/camonclass.com\/tienda\/wp-json\/wp\/v2\/product_tag?post=641"}],"curies":[{"name":"wp","href":"https:\/\/api.w.org\/{rel}","templated":true}]}}