{"id":642,"date":"2022-07-25T16:38:14","date_gmt":"2022-07-25T16:38:14","guid":{"rendered":"https:\/\/camonclass.vertice.org\/formacion\/implantacion-de-espacios-comerciales\/"},"modified":"2022-07-25T16:38:14","modified_gmt":"2022-07-25T16:38:14","slug":"implantacion-de-espacios-comerciales","status":"publish","type":"product","link":"https:\/\/camonclass.com\/tienda\/formacion\/implantacion-de-espacios-comerciales\/","title":{"rendered":"Implantaci\u00f3n de espacios comerciales"},"content":{"rendered":"<p><strong>UD1. Organizaci\u00f3n del Punto de Venta Orientado al Cliente.<\/strong><UL>1.1. El punto de venta y la superficie comercial.<br \/>1.2. Marketing en el punto de venta: el merchandising.<br \/>1.3. Relaciones entre fabricante y superficies comerciales.<br \/>1.4. Normativa aplicable a las superficies comerciales.<br \/>1.5. Espacios m\u00ednimos n\u00famero y dimensi\u00f3n de los pasillos.<br \/>1.6. Acceso. Barreras de acceso y derecho de admisi\u00f3n.<br \/>1.7. Protecci\u00f3n al consumidor: informaci\u00f3n y publicidad en el punto de venta.<br \/>1.8. Consumidores con necesidades especiales o sensibles.<br \/>1.9. Seguridad e higiene aplicada a las sala de ventas. Secciones especiales.<\/UL><\/p>\n<p><strong>UD2. An\u00e1lisis B\u00e1sico del Comportamiento del Consumidor en el Punto de Venta.<\/strong><UL>2.1. El comportamiento del consumidor: \u00bfqu\u00e9 qui\u00e9n por qu\u00e9 c\u00f3mo cu\u00e1ndo d\u00f3nde cu\u00e1nto c\u00f3mo se utiliza la compra?.<br \/>2.2. Diferencias entre el comprador y el consumidor.<br \/>2.3. Tipos de clientes y unidades de consumo.<br \/>2.4. Determinantes internos del comportamiento del consumidor.<br \/>2.5. Determinantes externos del comportamiento del consumidor.<br \/>2.6. La segmentaci\u00f3n de mercados y los puntos de venta. Especializaci\u00f3n de los establecimientos comerciales.<br \/>2.7. Impacto del merchandising en el proceso de decisi\u00f3n de compra y el comportamiento del consumidor.<br \/>2.8. Aplicaci\u00f3n de la teor\u00eda del comportamiento del consumidor a la implantaci\u00f3n de espacios comerciales. Puntos calientes y fr\u00edos.<\/UL><\/p>\n<p><strong>UD3. Dise\u00f1o Interior del Establecimiento Comercial.<\/strong><UL>3.1. Distribuci\u00f3n del espacio interior.<br \/>3.2. Dimensi\u00f3n del espacio comercial interior.<br \/>3.3. Elementos interiores del establecimiento comercial.<br \/>3.4. Ambiente del establecimiento.<br \/>3.5. Distribuci\u00f3n de pasillos. Situaci\u00f3n.<br \/>3.6. Implantaci\u00f3n de las secciones.<br \/>3.7. Disposici\u00f3n del mobiliario.<br \/>3.8. Utilizaci\u00f3n de aplicaciones inform\u00e1ticas de dise\u00f1o interior del espacio comercial.<\/UL><\/p>\n<p><strong>UD4. Dise\u00f1o Exterior del Establecimiento Comercial.<\/strong><UL>4.1. Promoci\u00f3n visual del establecimiento.<br \/>4.2. Tratamiento promocional del espacio exterior al Establecimiento.<br \/>4.3. Elementos externos del establecimiento comercial.<br \/>4.4. Tipos de r\u00f3tulos exteriores.<br \/>4.5. Iluminaci\u00f3n exterior.<br \/>4.6. El toldo y su colocaci\u00f3n.<br \/>4.7. El escaparate.<br \/>4.8. El hall del establecimiento.<br \/>4.9. Normativa y tr\u00e1mites administrativos en la implantaci\u00f3n externa de espacios comerciales abiertos. Normativa municipal.<\/UL><\/p>\n<p><strong>UD5. Organizaci\u00f3n del Trabajo de Implantaci\u00f3n del Punto de Venta.<\/strong><UL>5.1. Recursos humanos y materiales en la organizaci\u00f3n del punto de venta.<br \/>5.2. Planificaci\u00f3n del trabajo a realizar.<br \/>5.3. Presupuestos de implantaci\u00f3n.<\/UL><\/p>\n<p><strong>UD6. La Implantaci\u00f3n de Espacios Comerciales y el Desarrollo Virtual.<\/strong><UL>6.1. Marketing y comercializaci\u00f3n online de bienes y servicios.<br \/>6.2. Diferencias y complementariedad entre la implantaci\u00f3n f\u00edsica e implantaci\u00f3n virtual de un negocio.<br \/>6.3. Caracter\u00edsticas de internet como canal de comunicaci\u00f3n y comercializaci\u00f3n de productos.<br \/>6.4. Objetivos de la tienda y el supermercado virtual.<br \/>6.5. La venta electr\u00f3nica frente a las webs informacionales.<br \/>6.6. An\u00e1lisis del espacio comercial virtual.<\/UL><\/p>\n","protected":false},"excerpt":{"rendered":"<ul>\n<li>Una vez finalizado el M\u00f3dulo el alumno ser\u00e1 capaz de establecer la implantaci\u00f3n de espacios comerciales.<\/li>\n<li>En concreto el alumno ser\u00e1 capaz de: Interpretar la informaci\u00f3n que define la distribuci\u00f3n y organizaci\u00f3n de un espacio comercial.<\/li>\n<li>Analizar los elementos interiores que determinan la implantaci\u00f3n del espacio comercial a partir de la definici\u00f3n de un espacio y de una informaci\u00f3n determinada.<\/li>\n<li>Analizar los elementos exteriores que determinen la implantaci\u00f3n del espacio comercial a partir de la definici\u00f3n de un espacio y de una informaci\u00f3n determinada.<\/li>\n<li>Elaborar un proyecto de implantaci\u00f3n de un establecimiento comercial a partir de distinta informaci\u00f3n de base sobre elementos internos y externos determinados de acuerdo a la normativa local para establecimientos comerciales.<\/li>\n<li>Estimar la organizaci\u00f3n de los recursos humanos y materiales as\u00ed como la distribuci\u00f3n interna de un establecimiento teniendo en cuenta los procesos de implantaci\u00f3n de un espacio comercial.<\/li>\n<li>Analizar diferentes tiendas o supermercados virtuales para identificar los elementos que configuran el escaparate virtual en una implantaci\u00f3n comercial.<\/li>\n<\/ul>\n","protected":false},"featured_media":633,"comment_status":"open","ping_status":"closed","template":"","meta":{"neve_meta_sidebar":"","neve_meta_container":"","neve_meta_enable_content_width":"","neve_meta_content_width":0,"neve_meta_title_alignment":"","neve_meta_author_avatar":"","neve_post_elements_order":"","neve_meta_disable_header":"","neve_meta_disable_footer":"","neve_meta_disable_title":""},"product_brand":[],"product_cat":[25,22,23],"product_tag":[],"class_list":{"0":"post-642","1":"product","2":"type-product","3":"status-publish","4":"has-post-thumbnail","6":"product_cat-comercio-y-marketing","7":"product_cat-cursos","8":"product_cat-cursos-de-especializacion","10":"first","11":"instock","12":"sold-individually","13":"shipping-taxable","14":"purchasable","15":"product-type-simple"},"_links":{"self":[{"href":"https:\/\/camonclass.com\/tienda\/wp-json\/wp\/v2\/product\/642","targetHints":{"allow":["GET"]}}],"collection":[{"href":"https:\/\/camonclass.com\/tienda\/wp-json\/wp\/v2\/product"}],"about":[{"href":"https:\/\/camonclass.com\/tienda\/wp-json\/wp\/v2\/types\/product"}],"replies":[{"embeddable":true,"href":"https:\/\/camonclass.com\/tienda\/wp-json\/wp\/v2\/comments?post=642"}],"wp:featuredmedia":[{"embeddable":true,"href":"https:\/\/camonclass.com\/tienda\/wp-json\/wp\/v2\/media\/633"}],"wp:attachment":[{"href":"https:\/\/camonclass.com\/tienda\/wp-json\/wp\/v2\/media?parent=642"}],"wp:term":[{"taxonomy":"product_brand","embeddable":true,"href":"https:\/\/camonclass.com\/tienda\/wp-json\/wp\/v2\/product_brand?post=642"},{"taxonomy":"product_cat","embeddable":true,"href":"https:\/\/camonclass.com\/tienda\/wp-json\/wp\/v2\/product_cat?post=642"},{"taxonomy":"product_tag","embeddable":true,"href":"https:\/\/camonclass.com\/tienda\/wp-json\/wp\/v2\/product_tag?post=642"}],"curies":[{"name":"wp","href":"https:\/\/api.w.org\/{rel}","templated":true}]}}