{"id":643,"date":"2022-07-25T16:38:14","date_gmt":"2022-07-25T16:38:14","guid":{"rendered":"https:\/\/camonclass.vertice.org\/formacion\/implantacion-de-productos-y-servicios\/"},"modified":"2022-07-25T16:38:14","modified_gmt":"2022-07-25T16:38:14","slug":"implantacion-de-productos-y-servicios","status":"publish","type":"product","link":"https:\/\/camonclass.com\/tienda\/formacion\/implantacion-de-productos-y-servicios\/","title":{"rendered":"Implantaci\u00f3n de productos y servicios"},"content":{"rendered":"<p><strong>UD1. Gesti\u00f3n de Productos y Surtido en el Punto de Venta.<\/strong><UL>1.1. Clasificaci\u00f3n de los productos en el punto de venta.<br \/>1.2. Identificaci\u00f3n del producto.<br \/>1.3. Posicionamiento de los productos: productos atractivos y primeras marcas.<br \/>1.4. Acondicionamiento del producto.<br \/>1.5. Trazabilidad del producto en el punto de venta.<br \/>1.6. El surtido en el punto de venta.<br \/>1.7. M\u00e9todos de determinaci\u00f3n del surtido.<br \/>1.8. Elecci\u00f3n de las referencias.<br \/>1.9. Aplicaci\u00f3n de programas inform\u00e1ticos de gesti\u00f3n del surtido.<\/UL><\/p>\n<p><strong>UD2. Organizaci\u00f3n del Lineal.<\/strong><UL>2.1. El lineal.<br \/>2.2. Reparto del lineal.<br \/>2.3. Lineal \u00f3ptimo seg\u00fan producto y tiempo de exposici\u00f3n.<br \/>2.4. Los facings y su gesti\u00f3n. Informaci\u00f3n del cliente en el lineal.<br \/>2.5. Reglas de implantaci\u00f3n.<br \/>2.6. Organizaci\u00f3n del trabajo: determinaci\u00f3n de tareas c\u00e1lculo de tiempos recursos humanos y presupuesto.<br \/>2.7. Sistemas de reposici\u00f3n de lineales.<br \/>2.8. Normativa aplicable a la implantaci\u00f3n de productos.<br \/>2.9. Aplicaciones inform\u00e1ticas para la optimizaci\u00f3n del lineal y distribuci\u00f3n de lineales.<\/UL><\/p>\n<p><strong>UD3. Control de la Implantaci\u00f3n de Productos.<\/strong><UL>3.1. Instrumentos de control cuantitativos y cualitativos.<br \/>3.2. Par\u00e1metros de gesti\u00f3n de categor\u00edas.<br \/>3.3. C\u00e1lculo de ratios econ\u00f3mico-financieros.<br \/>3.4. An\u00e1lisis e interpretaci\u00f3n de los ratios para la gesti\u00f3n de productos.<br \/>3.5. Introducci\u00f3n de medidas correctoras.<br \/>3.6. Utilizaci\u00f3n de hojas de c\u00e1lculo y aplicaciones inform\u00e1ticas en la gesti\u00f3n de productos y surtidos lineal.<\/UL><\/p>\n","protected":false},"excerpt":{"rendered":"<ul>\n<li>Una vez finalizado el M\u00f3dulo el alumno ser\u00e1 capaz de organizar la implantaci\u00f3n de productos\/servicios en la superficie de venta.<\/li>\n<li>En concreto el alumno ser\u00e1 capaz de: Definir distintos tipos de surtido y categor\u00eda de productos o categor\u00edas de productos para optimizar un espacio de venta Analizar la determinaci\u00f3n y organizaci\u00f3n de un plan de implantaci\u00f3n de productos Aplicar m\u00e9todos de control de la implantaci\u00f3n de productos.<\/li>\n<\/ul>\n","protected":false},"featured_media":633,"comment_status":"open","ping_status":"closed","template":"","meta":{"neve_meta_sidebar":"","neve_meta_container":"","neve_meta_enable_content_width":"","neve_meta_content_width":0,"neve_meta_title_alignment":"","neve_meta_author_avatar":"","neve_post_elements_order":"","neve_meta_disable_header":"","neve_meta_disable_footer":"","neve_meta_disable_title":""},"product_brand":[],"product_cat":[25,22,23],"product_tag":[],"class_list":{"0":"post-643","1":"product","2":"type-product","3":"status-publish","4":"has-post-thumbnail","6":"product_cat-comercio-y-marketing","7":"product_cat-cursos","8":"product_cat-cursos-de-especializacion","10":"first","11":"instock","12":"sold-individually","13":"shipping-taxable","14":"purchasable","15":"product-type-simple"},"_links":{"self":[{"href":"https:\/\/camonclass.com\/tienda\/wp-json\/wp\/v2\/product\/643","targetHints":{"allow":["GET"]}}],"collection":[{"href":"https:\/\/camonclass.com\/tienda\/wp-json\/wp\/v2\/product"}],"about":[{"href":"https:\/\/camonclass.com\/tienda\/wp-json\/wp\/v2\/types\/product"}],"replies":[{"embeddable":true,"href":"https:\/\/camonclass.com\/tienda\/wp-json\/wp\/v2\/comments?post=643"}],"wp:featuredmedia":[{"embeddable":true,"href":"https:\/\/camonclass.com\/tienda\/wp-json\/wp\/v2\/media\/633"}],"wp:attachment":[{"href":"https:\/\/camonclass.com\/tienda\/wp-json\/wp\/v2\/media?parent=643"}],"wp:term":[{"taxonomy":"product_brand","embeddable":true,"href":"https:\/\/camonclass.com\/tienda\/wp-json\/wp\/v2\/product_brand?post=643"},{"taxonomy":"product_cat","embeddable":true,"href":"https:\/\/camonclass.com\/tienda\/wp-json\/wp\/v2\/product_cat?post=643"},{"taxonomy":"product_tag","embeddable":true,"href":"https:\/\/camonclass.com\/tienda\/wp-json\/wp\/v2\/product_tag?post=643"}],"curies":[{"name":"wp","href":"https:\/\/api.w.org\/{rel}","templated":true}]}}