{"id":645,"date":"2022-07-25T16:38:14","date_gmt":"2022-07-25T16:38:14","guid":{"rendered":"https:\/\/camonclass.vertice.org\/formacion\/escaparatismo-comercial\/"},"modified":"2022-07-25T16:38:14","modified_gmt":"2022-07-25T16:38:14","slug":"escaparatismo-comercial","status":"publish","type":"product","link":"https:\/\/camonclass.com\/tienda\/formacion\/escaparatismo-comercial\/","title":{"rendered":"Escaparatismo comercial"},"content":{"rendered":"<p><strong>UD1. An\u00e1lisis del Escaparate.<\/strong><UL>1.1. El escaparate y la comunicaci\u00f3n.<br \/>1.2. La percepci\u00f3n y la memoria selectiva.<br \/>1.3. La imagen a proyectar del escaparate.<br \/>1.4. Asimetr\u00eda y la simetr\u00eda del escaparate.<br \/>1.5. La geometr\u00eda del escaparate.<br \/>1.6. Eficacia del escaparate.<\/UL><\/p>\n<p><strong>UD2. Dise\u00f1o e Imagen del Escaparate Comercial.<\/strong><UL>2.1. Principios b\u00e1sicos del escaparatismo.<br \/>2.2. An\u00e1lisis del color en la definici\u00f3n del escaparate.<br \/>2.3. An\u00e1lisis de la iluminaci\u00f3n en el escaparatismo.<br \/>2.4. Elementos estructurales del escaparate.<br \/>2.5. M\u00f3dulos carteles se\u00f1alizaciones entre otras.<br \/>2.6. Aplicaci\u00f3n del color e iluminaci\u00f3n al escaparate.<br \/>2.7. Valoraci\u00f3n de un escaparate.<br \/>2.8. Materiales.<br \/>2.9. Realizaci\u00f3n de bocetos de escaparates.<br \/>2.10. Utilizaci\u00f3n de programas inform\u00e1ticos de dibujo dise\u00f1o y distribuci\u00f3n del escaparate.<\/UL><\/p>\n<p><strong>UD3. Organizaci\u00f3n del Montaje del Escaparate Comercial.<\/strong><UL>3.1. Planificaci\u00f3n de actividades.<br \/>3.2. Organizaci\u00f3n de la preparaci\u00f3n de los materiales y herramientas.<br \/>3.3. Cronograma y ejecuci\u00f3n de tareas y montaje.<br \/>3.4. Elaboraci\u00f3n del presupuesto del escaparate comercial.<br \/>3.5. Seguridad e higiene en el montaje de escaparate.<br \/>3.6. Simulaci\u00f3n de la supervisi\u00f3n y organizaci\u00f3n del montaje de escaparate\/s comercial\/es.<\/UL><\/p>\n","protected":false},"excerpt":{"rendered":"<ul>\n<li>Una vez finalizado el M\u00f3dulo el alumno ser\u00e1 capaz de organizar y supervisar el montaje de escaparates en el establecimiento comercial.<\/li>\n<li>En concreto el alumno ser\u00e1 capaz de: Analizar la informaci\u00f3n esencial que se maneja en el dise\u00f1o de escaparates.<\/li>\n<li>Dise\u00f1ar distintos tipos de escaparate en funci\u00f3n de unos objetivos t\u00e9cnicos comerciales y est\u00e9ticos previamente definidos.<\/li>\n<li>Analizar los procesos de montaje de un escaparate valorando la organizaci\u00f3n normativa de prevenci\u00f3n y t\u00e9cnicas aplicables.<\/li>\n<\/ul>\n","protected":false},"featured_media":633,"comment_status":"open","ping_status":"closed","template":"","meta":{"neve_meta_sidebar":"","neve_meta_container":"","neve_meta_enable_content_width":"","neve_meta_content_width":0,"neve_meta_title_alignment":"","neve_meta_author_avatar":"","neve_post_elements_order":"","neve_meta_disable_header":"","neve_meta_disable_footer":"","neve_meta_disable_title":""},"product_brand":[],"product_cat":[25,22,23],"product_tag":[],"class_list":{"0":"post-645","1":"product","2":"type-product","3":"status-publish","4":"has-post-thumbnail","6":"product_cat-comercio-y-marketing","7":"product_cat-cursos","8":"product_cat-cursos-de-especializacion","10":"first","11":"instock","12":"sold-individually","13":"shipping-taxable","14":"purchasable","15":"product-type-simple"},"_links":{"self":[{"href":"https:\/\/camonclass.com\/tienda\/wp-json\/wp\/v2\/product\/645","targetHints":{"allow":["GET"]}}],"collection":[{"href":"https:\/\/camonclass.com\/tienda\/wp-json\/wp\/v2\/product"}],"about":[{"href":"https:\/\/camonclass.com\/tienda\/wp-json\/wp\/v2\/types\/product"}],"replies":[{"embeddable":true,"href":"https:\/\/camonclass.com\/tienda\/wp-json\/wp\/v2\/comments?post=645"}],"wp:featuredmedia":[{"embeddable":true,"href":"https:\/\/camonclass.com\/tienda\/wp-json\/wp\/v2\/media\/633"}],"wp:attachment":[{"href":"https:\/\/camonclass.com\/tienda\/wp-json\/wp\/v2\/media?parent=645"}],"wp:term":[{"taxonomy":"product_brand","embeddable":true,"href":"https:\/\/camonclass.com\/tienda\/wp-json\/wp\/v2\/product_brand?post=645"},{"taxonomy":"product_cat","embeddable":true,"href":"https:\/\/camonclass.com\/tienda\/wp-json\/wp\/v2\/product_cat?post=645"},{"taxonomy":"product_tag","embeddable":true,"href":"https:\/\/camonclass.com\/tienda\/wp-json\/wp\/v2\/product_tag?post=645"}],"curies":[{"name":"wp","href":"https:\/\/api.w.org\/{rel}","templated":true}]}}