{"id":646,"date":"2022-07-25T16:38:14","date_gmt":"2022-07-25T16:38:14","guid":{"rendered":"https:\/\/camonclass.vertice.org\/formacion\/organizacion-operativa-del-trafico-de-mercancias-por-carretera\/"},"modified":"2022-07-25T16:38:14","modified_gmt":"2022-07-25T16:38:14","slug":"organizacion-operativa-del-trafico-de-mercancias-por-carretera","status":"publish","type":"product","link":"https:\/\/camonclass.com\/tienda\/formacion\/organizacion-operativa-del-trafico-de-mercancias-por-carretera\/","title":{"rendered":"Organizaci\u00f3n operativa del tr\u00e1fico de mercancias por carretera"},"content":{"rendered":"<p><strong>UD1. An\u00e1lisis del sector y mercado del transporte.<\/strong><UL>1.1. Datos generales del sector y la actividad de los transportes.<br \/>1.2. Aspectos b\u00e1sicos de la pol\u00edtica comunitaria y nacional en materia de transportes y los objetivos estrat\u00e9gicos del sector.<br \/>1.3. Organismos reguladores del sector.<br \/>1.4. Infraestructuras y la clasificaci\u00f3n de los distintos tipos de centros log\u00edsticos y de transporte.<br \/>1.5. An\u00e1lisis de la estructura empresarial: empresas figuras y agentes econ\u00f3micos caracter\u00edsticos en las distintas modalidades de transporte.<br \/>1.6. Asociaciones y otras entidades de representaci\u00f3n en el sector del transporte.<br \/>1.7. Fuentes de informaci\u00f3n de car\u00e1cter sectorial.<br \/>1.8. An\u00e1lisis comparativo de las distintas modalidades de transporte: terrestre a\u00e9reo mar\u00edtimo e intermodal.<br \/>1.9. Factores y variables diferenciadores (f\u00edsicos econ\u00f3micos de accesibilidad e itinerario reglamentarios contractuales entre otros).<br \/>1.10. Principales caracter\u00edsticas ventajas y desventajas de cada modalidad.<br \/>1.11. Tipolog\u00eda de mercanc\u00edas transportadas en cada modalidad.<br \/>1.12. Limitaciones t\u00e9cnicas y operativas.<br \/>1.13. Intermodalidad.<\/UL><\/p>\n<p><strong>UD2. Clasificaci\u00f3n configuraci\u00f3n de las empresas y servicios de transporte por carretera.<\/strong><UL>2.1. Composici\u00f3n y cuota de mercado de los distintos tipos de transporte por carretera.<br \/>2.2. Configuraci\u00f3n jur\u00eddica de la empresa de transporte.<br \/>2.3. An\u00e1lisis comparativo de las diferentes formas jur\u00eddicas.<\/UL><\/p>\n<p><strong>UD3. Organizaci\u00f3n de la empresa y departamento de operaciones de transporte y tr\u00e1fico.<\/strong><UL>3.1. Conceptos de organizaci\u00f3n de la empresa aplicados a la empresa de transporte.<br \/>3.2. Organizaci\u00f3n operativa del departamento de flotas.<br \/>3.3. Organizaci\u00f3n operativa del departamento de tr\u00e1fico.<br \/>3.4. Organizaci\u00f3n operativa del almac\u00e9n y las bases log\u00edsticas.<\/UL><\/p>\n<p><strong>UD4. Actividad y acceso al mercado de transporte de mercanc\u00edas por carretera.<\/strong><UL>4.1. Marco legislativo del transporte por carretera.<br \/>4.2. Acceso a la profesi\u00f3n para actividades de transporte de mercanc\u00edas por carretera.<\/UL><\/p>\n<p><strong>UD5. Transportes bajo r\u00e9gimen de autorizaci\u00f3n especial.<\/strong><UL>5.1. El transporte de mercanc\u00edas peligrosas.<br \/>5.2. El transporte de producto perecedero.<br \/>5.3. Transportes con exceso de peso o dimensiones.<br \/>5.4. Transporte de animales vivos.<br \/>5.5. Transporte internacional y cabotaje.<\/UL><\/p>\n<p><strong>UD6. Inspecci\u00f3n de operaciones de transporte y el r\u00e9gimen sancionador.<\/strong><UL>6.1. El control de los transportes y la labor inspectora de las instituciones.<br \/>6.2. Baremo sancionador para la legislaci\u00f3n de los transportes de mercanc\u00edas por carretera.<br \/>6.3. Tac\u00f3grafo e instrumentos de control.<br \/>6.4. Caracter\u00edsticas y aplicaci\u00f3n de la normativa.<\/UL><\/p>\n","protected":false},"excerpt":{"rendered":"<ul>\n<li>Analizar los elementos que caracterizan el sector del transporte por carretera, sus infraestructuras, datos del mercado y de los distintos agentes prestatarios de servicios de transporte y del sector log\u00edstico tanto en el contexto interior e internacional <\/li>\n<li>Distinguir las distintas configuraciones jur\u00eddicas y estructuras en empresas de transporte y las principales funciones que asume el departamento responsable de la operativa de tr\u00e1fico <\/li>\n<li>Establecer m\u00e9todos de planificaci\u00f3n del servicio y de organizaci\u00f3n del trabajo en el departamento de tr\u00e1fico <\/li>\n<li>Identificar y aplicar la normativa vigente en referencia a las autorizaciones y permisos requeridos para el ejercicio de la actividad y que afectan a la empresa de transporte, los veh\u00edculos, el personal m\u00f3vil y las mercanc\u00edas transportadas <\/li>\n<\/ul>\n","protected":false},"featured_media":633,"comment_status":"open","ping_status":"closed","template":"","meta":{"neve_meta_sidebar":"","neve_meta_container":"","neve_meta_enable_content_width":"","neve_meta_content_width":0,"neve_meta_title_alignment":"","neve_meta_author_avatar":"","neve_post_elements_order":"","neve_meta_disable_header":"","neve_meta_disable_footer":"","neve_meta_disable_title":""},"product_brand":[],"product_cat":[25,22,23],"product_tag":[],"class_list":{"0":"post-646","1":"product","2":"type-product","3":"status-publish","4":"has-post-thumbnail","6":"product_cat-comercio-y-marketing","7":"product_cat-cursos","8":"product_cat-cursos-de-especializacion","10":"first","11":"instock","12":"sold-individually","13":"shipping-taxable","14":"purchasable","15":"product-type-simple"},"_links":{"self":[{"href":"https:\/\/camonclass.com\/tienda\/wp-json\/wp\/v2\/product\/646","targetHints":{"allow":["GET"]}}],"collection":[{"href":"https:\/\/camonclass.com\/tienda\/wp-json\/wp\/v2\/product"}],"about":[{"href":"https:\/\/camonclass.com\/tienda\/wp-json\/wp\/v2\/types\/product"}],"replies":[{"embeddable":true,"href":"https:\/\/camonclass.com\/tienda\/wp-json\/wp\/v2\/comments?post=646"}],"wp:featuredmedia":[{"embeddable":true,"href":"https:\/\/camonclass.com\/tienda\/wp-json\/wp\/v2\/media\/633"}],"wp:attachment":[{"href":"https:\/\/camonclass.com\/tienda\/wp-json\/wp\/v2\/media?parent=646"}],"wp:term":[{"taxonomy":"product_brand","embeddable":true,"href":"https:\/\/camonclass.com\/tienda\/wp-json\/wp\/v2\/product_brand?post=646"},{"taxonomy":"product_cat","embeddable":true,"href":"https:\/\/camonclass.com\/tienda\/wp-json\/wp\/v2\/product_cat?post=646"},{"taxonomy":"product_tag","embeddable":true,"href":"https:\/\/camonclass.com\/tienda\/wp-json\/wp\/v2\/product_tag?post=646"}],"curies":[{"name":"wp","href":"https:\/\/api.w.org\/{rel}","templated":true}]}}