{"id":647,"date":"2022-07-25T16:38:15","date_gmt":"2022-07-25T16:38:15","guid":{"rendered":"https:\/\/camonclass.vertice.org\/formacion\/gestion-de-costes-y-calidad-del-servicio-de-transporte-por-carretera\/"},"modified":"2022-07-25T16:38:15","modified_gmt":"2022-07-25T16:38:15","slug":"gestion-de-costes-y-calidad-del-servicio-de-transporte-por-carretera","status":"publish","type":"product","link":"https:\/\/camonclass.com\/tienda\/formacion\/gestion-de-costes-y-calidad-del-servicio-de-transporte-por-carretera\/","title":{"rendered":"Gesti\u00f3n de costes y calidad del servicio de transporte por carretera"},"content":{"rendered":"<p><strong>UD1. Gesti\u00f3n de costes en la actividad del transporte de mercanc\u00edas por carretera y log\u00edstica.<\/strong><UL>1.1. Introducci\u00f3n al control anal\u00edtico de costes.<br \/>1.2. Costes fijos de explotaci\u00f3n de veh\u00edculos.<br \/>1.3. Costes variables de explotaci\u00f3n de veh\u00edculos.<br \/>1.4. Otros costes asociados a las actividades auxiliares y operaciones log\u00edsticas.<br \/>1.5. Observatorio de costes del transporte de mercanc\u00edas por carretera.<\/UL><\/p>\n<p><strong>UD2. La previsi\u00f3n y el control presupuestario en servicios de transporte.<\/strong><UL>2.1. El presupuesto y an\u00e1lisis previsional.<br \/>2.2. El presupuesto como herramienta de control de gesti\u00f3n.<br \/>2.3. Formaci\u00f3n de precios del servicio de transporte.<br \/>2.4. Aplicaci\u00f3n inform\u00e1tica de gesti\u00f3n de costes ACOTRAM.<\/UL><\/p>\n<p><strong>UD3. Calidad del servicio de transporte por carretera.<\/strong><UL>3.1. Concepto y caracter\u00edsticas de la calidad aplicada al servicio en el transporte por carretera.<br \/>3.2. Implantaci\u00f3n de sistemas de calidad en empresas de transporte por carretera.<br \/>3.3. Calidad en los procesos internos.<br \/>3.4. Calidad y proveedores.<br \/>3.5. Calidad y clientes.<\/UL><\/p>\n<p><strong>UD4. Control del servicio de transporte por carretera.<\/strong><UL>4.1. Aspectos relativos a la gesti\u00f3n y control de los tr\u00e1ficos.<br \/>4.2. Aspectos relativos a la ejecuci\u00f3n del transporte.<br \/>4.3. Trazabilidad de la informaci\u00f3n.<br \/>4.4. Gesti\u00f3n de imprevistos e incidencias.<\/UL><\/p>\n<p><strong>UD5. Evaluaci\u00f3n de la calidad del servicio de transporte.<\/strong><UL>5.1. Sistemas de localizaci\u00f3n y telecomunicaci\u00f3n en flotas de transporte.<br \/>5.2. Utilizaci\u00f3n de aplicaciones inform\u00e1ticas de gesti\u00f3n y control de flotas de transporte.<br \/>5.3. Consulta descarga y capacidad operativa de procesamiento de informaci\u00f3n y archivos utilizando exploradores de Internet y herramientas de correo electr\u00f3nico.<br \/>5.4. Otras aplicaciones de internet: servicios de las bolsas de carga en Internet.<br \/>5.5. Control estad\u00edstico de servicios.<br \/>5.6. C\u00e1lculo de indicadores de gesti\u00f3n y cuadro de control de calidad.<\/UL><\/p>\n<p><strong>UD6. Gesti\u00f3n de residuos y normativa medioambiental aplicable a la actividad del transporte por carretera.<\/strong><UL>6.1. Aspectos e impactos ambientales del transporte por carretera&#8211; Medidas de previsi\u00f3n y gesti\u00f3n ambiental en el sector.<br \/>6.2. Sistemas de gesti\u00f3n ambiental ISO 14000.<\/UL><\/p>\n","protected":false},"excerpt":{"rendered":"<ul>\n<li>Analizar los costes de explotaci\u00f3n de los servicios de transporte de mercanc\u00edas por carretera, y aquellos relativos a las operaciones log\u00edsticas asociadas para la optimizaci\u00f3n y calidad del servicio <\/li>\n<li>Determinar las caracter\u00edsticas y variables para la implantaci\u00f3n de sistemas de calidad y mejora continua del servicio de transporte por carretera y log\u00edsticos <\/li>\n<li>Calcular indicadores y est\u00e1ndares de tiempo para la mejora de la calidad del servicio de transporte y la optimizaci\u00f3n de tiempos y recursos humanos y t\u00e9cnicos <\/li>\n<li>Aplicar sistemas para la gesti\u00f3n y el control de la calidad en la prestaci\u00f3n de los servicios de transporte y las distintas t\u00e9cnicas para la trazabilidad de los env\u00edos y operaciones <\/li>\n<\/ul>\n","protected":false},"featured_media":633,"comment_status":"open","ping_status":"closed","template":"","meta":{"neve_meta_sidebar":"","neve_meta_container":"","neve_meta_enable_content_width":"","neve_meta_content_width":0,"neve_meta_title_alignment":"","neve_meta_author_avatar":"","neve_post_elements_order":"","neve_meta_disable_header":"","neve_meta_disable_footer":"","neve_meta_disable_title":""},"product_brand":[],"product_cat":[25,22,23],"product_tag":[],"class_list":{"0":"post-647","1":"product","2":"type-product","3":"status-publish","4":"has-post-thumbnail","6":"product_cat-comercio-y-marketing","7":"product_cat-cursos","8":"product_cat-cursos-de-especializacion","10":"first","11":"instock","12":"sold-individually","13":"shipping-taxable","14":"purchasable","15":"product-type-simple"},"_links":{"self":[{"href":"https:\/\/camonclass.com\/tienda\/wp-json\/wp\/v2\/product\/647","targetHints":{"allow":["GET"]}}],"collection":[{"href":"https:\/\/camonclass.com\/tienda\/wp-json\/wp\/v2\/product"}],"about":[{"href":"https:\/\/camonclass.com\/tienda\/wp-json\/wp\/v2\/types\/product"}],"replies":[{"embeddable":true,"href":"https:\/\/camonclass.com\/tienda\/wp-json\/wp\/v2\/comments?post=647"}],"wp:featuredmedia":[{"embeddable":true,"href":"https:\/\/camonclass.com\/tienda\/wp-json\/wp\/v2\/media\/633"}],"wp:attachment":[{"href":"https:\/\/camonclass.com\/tienda\/wp-json\/wp\/v2\/media?parent=647"}],"wp:term":[{"taxonomy":"product_brand","embeddable":true,"href":"https:\/\/camonclass.com\/tienda\/wp-json\/wp\/v2\/product_brand?post=647"},{"taxonomy":"product_cat","embeddable":true,"href":"https:\/\/camonclass.com\/tienda\/wp-json\/wp\/v2\/product_cat?post=647"},{"taxonomy":"product_tag","embeddable":true,"href":"https:\/\/camonclass.com\/tienda\/wp-json\/wp\/v2\/product_tag?post=647"}],"curies":[{"name":"wp","href":"https:\/\/api.w.org\/{rel}","templated":true}]}}