{"id":648,"date":"2022-07-25T16:38:15","date_gmt":"2022-07-25T16:38:15","guid":{"rendered":"https:\/\/camonclass.vertice.org\/formacion\/planificacion-de-rutas-y-operaciones-de-transporte-por-carretera\/"},"modified":"2022-07-25T16:38:15","modified_gmt":"2022-07-25T16:38:15","slug":"planificacion-de-rutas-y-operaciones-de-transporte-por-carretera","status":"publish","type":"product","link":"https:\/\/camonclass.com\/tienda\/formacion\/planificacion-de-rutas-y-operaciones-de-transporte-por-carretera\/","title":{"rendered":"Planificaci\u00f3n de rutas y operaciones de transporte por carretera"},"content":{"rendered":"<p><strong>UD1. Organizaci\u00f3n y planificaci\u00f3n de los servicios de transporte por carretera.<\/strong><UL>1.1. Organizaci\u00f3n de los servicios de transporte por carretera.<br \/>1.2. Determinaci\u00f3n de la demanda de servicios de transporte.<br \/>1.3. Dimensionamiento de flota.<br \/>1.4. Criterios de selecci\u00f3n de veh\u00edculos.<br \/>1.5. Planificaci\u00f3n de rutas.<br \/>1.6. Circuitos regulares y circuitos t\u00e9cnicos de transporte.<br \/>1.7. Organizaci\u00f3n de la red de colaboradores delegaciones y centros operativos.<\/UL><\/p>\n<p><strong>UD2. Programaci\u00f3n y ejecuci\u00f3n de actividades de transporte.<\/strong><UL>2.1. Planificaci\u00f3n de operaciones de tr\u00e1fico.<br \/>2.2. Colaboraciones con operadores de transporte.<\/UL><\/p>\n<p><strong>UD3. Planificaci\u00f3n de rutas de recogida o distribuci\u00f3n.<\/strong><UL>3.1. Distribuci\u00f3n capilar y reparto urbano.<br \/>3.2. Actividades de grupaje almacenamiento y reexpedici\u00f3n.<br \/>3.3. Servicios de corta media y larga distancia.<br \/>3.4. Planificaci\u00f3n de rutas de larga distancia.<br \/>3.5. Circuitos t\u00e9cnicos de transporte.<br \/>3.6. Programaci\u00f3n horaria de servicios de cargas completas.<br \/>3.7. Conexi\u00f3n y centros de distribuci\u00f3n de cargas.<\/UL><\/p>\n<p><strong>UD4. Documentos de gesti\u00f3n de la operativa de tr\u00e1fico.<\/strong><UL>4.1. Libro de cargas pendientes y registros de la carga de trabajos a realizar.<br \/>4.2. Parte de disponibilidad de veh\u00edculos y conductores.<br \/>4.3. Parte diario de operaciones y movimiento de veh\u00edculos.<br \/>4.4. Planning semanal de seguimiento del movimiento de tractoras.<\/UL><\/p>\n<p><strong>UD5. Procedimiento operativo de planificaci\u00f3n.<\/strong><UL>5.1. Recepci\u00f3n de los pedidos.<br \/>5.2. Agrupaci\u00f3n y consolidaci\u00f3n de las cargas.<br \/>5.3. Control de disponibilidad de los recursos.<br \/>5.4. Subcontrataci\u00f3n de cargas.<br \/>5.5. Comercializaci\u00f3n del excedente de capacidad de flota.<br \/>5.6. Asignaci\u00f3n de las cargas a los veh\u00edculos.<br \/>5.7. Transmisi\u00f3n de la orden de carga al transportista.<br \/>5.8. Generaci\u00f3n de documentaci\u00f3n y expedientes de viaje.<br \/>5.9. Seguimiento de la actividad de los veh\u00edculos.<\/UL><\/p>\n","protected":false},"excerpt":{"rendered":"<ul>\n<li>Analizar las caracter\u00edsticas t\u00e9cnicas de los veh\u00edculos, posibilidades operativas y requisitos para su puesta en circulaci\u00f3n, as\u00ed como las exigencias de mantenimiento de la flota de veh\u00edculos <\/li>\n<li>Organizar la actividad del personal de conducci\u00f3n a partir del conocimiento de los requisitos legales y los procedimientos de control de la actividad de los servicios de inspecci\u00f3n en el desarrollo de las operaciones <\/li>\n<li>Determinar los recursos necesarios para la planificaci\u00f3n de los servicios de transporte terrestre, en el marco de los servicios ofertados y respetando las responsabilidades asumidas <\/li>\n<li>Elaborar la documentaci\u00f3n propia de la planificaci\u00f3n de servicios de transporte en distintos casos y periodos <\/li>\n<\/ul>\n","protected":false},"featured_media":633,"comment_status":"open","ping_status":"closed","template":"","meta":{"neve_meta_sidebar":"","neve_meta_container":"","neve_meta_enable_content_width":"","neve_meta_content_width":0,"neve_meta_title_alignment":"","neve_meta_author_avatar":"","neve_post_elements_order":"","neve_meta_disable_header":"","neve_meta_disable_footer":"","neve_meta_disable_title":""},"product_brand":[],"product_cat":[25,22,23],"product_tag":[],"class_list":{"0":"post-648","1":"product","2":"type-product","3":"status-publish","4":"has-post-thumbnail","6":"product_cat-comercio-y-marketing","7":"product_cat-cursos","8":"product_cat-cursos-de-especializacion","10":"first","11":"instock","12":"sold-individually","13":"shipping-taxable","14":"purchasable","15":"product-type-simple"},"_links":{"self":[{"href":"https:\/\/camonclass.com\/tienda\/wp-json\/wp\/v2\/product\/648","targetHints":{"allow":["GET"]}}],"collection":[{"href":"https:\/\/camonclass.com\/tienda\/wp-json\/wp\/v2\/product"}],"about":[{"href":"https:\/\/camonclass.com\/tienda\/wp-json\/wp\/v2\/types\/product"}],"replies":[{"embeddable":true,"href":"https:\/\/camonclass.com\/tienda\/wp-json\/wp\/v2\/comments?post=648"}],"wp:featuredmedia":[{"embeddable":true,"href":"https:\/\/camonclass.com\/tienda\/wp-json\/wp\/v2\/media\/633"}],"wp:attachment":[{"href":"https:\/\/camonclass.com\/tienda\/wp-json\/wp\/v2\/media?parent=648"}],"wp:term":[{"taxonomy":"product_brand","embeddable":true,"href":"https:\/\/camonclass.com\/tienda\/wp-json\/wp\/v2\/product_brand?post=648"},{"taxonomy":"product_cat","embeddable":true,"href":"https:\/\/camonclass.com\/tienda\/wp-json\/wp\/v2\/product_cat?post=648"},{"taxonomy":"product_tag","embeddable":true,"href":"https:\/\/camonclass.com\/tienda\/wp-json\/wp\/v2\/product_tag?post=648"}],"curies":[{"name":"wp","href":"https:\/\/api.w.org\/{rel}","templated":true}]}}