{"id":654,"date":"2022-07-25T16:38:16","date_gmt":"2022-07-25T16:38:16","guid":{"rendered":"https:\/\/camonclass.vertice.org\/formacion\/distribucion-capilar\/"},"modified":"2022-07-25T16:38:16","modified_gmt":"2022-07-25T16:38:16","slug":"distribucion-capilar","status":"publish","type":"product","link":"https:\/\/camonclass.com\/tienda\/formacion\/distribucion-capilar\/","title":{"rendered":"Distribuci\u00f3n capilar"},"content":{"rendered":"<p><strong>UD1. Reparto y capilaridad en la actividad del Transporte por Carretera.<\/strong><UL>1.1. Definici\u00f3n y Caracter\u00edsticas espec\u00edficas de la Distribuci\u00f3n Capilar de Mercanc\u00edas.<br \/>1.2. Sistemas de Organizaci\u00f3n gesti\u00f3n y control en la Distribuci\u00f3n Capilar de Mercanc\u00edas.<br \/>1.3. La empresa\/departamento de distribuci\u00f3n capilar de mercanc\u00edas.<br \/>1.4. Funciones caracter\u00edsticas y organizaci\u00f3n.<br \/>1.5. Normativa administrativa auton\u00f3mica y local aplicable al reparto de mercanc\u00edas.<\/UL><\/p>\n<p><strong>UD2. Gesti\u00f3n Operativa de la Distribuci\u00f3n Capilar.<\/strong><UL>2.1. Conceptos b\u00e1sicos de coste gasto pago inversi\u00f3n y fondo de explotaci\u00f3n.<br \/>2.2. An\u00e1lisis de costos en el reparto de Mercanc\u00edas.<br \/>2.3. Aplicaciones inform\u00e1ticas para el c\u00e1lculo de costes.<br \/>2.4. Determinaci\u00f3n de tarifas o precios en el transporte.<\/UL><\/p>\n<p><strong>UD3. Clasificaci\u00f3n de los veh\u00edculos para el reparto de Mercanc\u00edas.<\/strong><UL>3.1. Tipos de veh\u00edculos y caracter\u00edsticas t\u00e9cnicas.<br \/>3.2. Normativa sobre masas y dimensiones.<br \/>3.3. Homologaci\u00f3n y matriculaci\u00f3n de veh\u00edculos.<br \/>3.4. Documentaci\u00f3n relativa al conductor veh\u00edculo y mercanc\u00eda.<br \/>3.5. Distintivos equipamiento y mantenimiento de veh\u00edculos.<br \/>3.6. Normativa reguladora sobre circulaci\u00f3n y Seguridad vial.<br \/>3.7. Medios de Carga y Descarga.<\/UL><\/p>\n<p><strong>UD4. Planificaci\u00f3n de Cargas y Programaci\u00f3n de Rutas de Reparto.<\/strong><UL>4.1. Definici\u00f3n y caracter\u00edsticas de la planificaci\u00f3n de cargas en el Reparto.<br \/>4.2. Programaci\u00f3n de Rutas de Transporte.<br \/>4.3. Aplicaciones Inform\u00e1ticas para la planificaci\u00f3n de cargas.<br \/>4.4. Seguridad y salud laboral en la organizaci\u00f3n y la distribuci\u00f3n capilar de Mercanc\u00edas.<\/UL><\/p>\n<p><strong>UD5. La contrataci\u00f3n del transporte capilar de mercanc\u00edas.<\/strong><UL>5.1. Normativa mercantil aplicable al contrato de transporte.<br \/>5.2. El contrato de transporte de mercanc\u00edas: Definici\u00f3n caracteres regulaci\u00f3n elementos personales reales y formales.<br \/>5.3. Contenido del Contrato de Transportes de Mercanc\u00edas: Obligaciones de las Partes.<br \/>5.4. Responsabilidades. El l\u00edmite de responsabilidad del Transportista.<br \/>5.5. Las reclamaciones. Las Juntas Arbitrales de Transporte.<br \/>5.6. La contrataci\u00f3n a trav\u00e9s de operadores de Transporte.<br \/>5.7. La contrataci\u00f3n de seguro y el seguro de transporte terrestre: Tipos coberturas e indemnizaciones.<br \/>5.8. Inspecci\u00f3n y r\u00e9gimen sancionador en el transporte capilar de mercanc\u00edas.<\/UL><\/p>\n<p><strong>UD6. Calidad de servicio y Atenci\u00f3n al Cliente.<\/strong><UL>6.1. Pautas de calidad de servicio y atenci\u00f3n y satisfacci\u00f3n al Cliente.<br \/>6.2. Tratamiento de las quejas y reclamaciones.<br \/>6.3. Factores que pueden originar distintos tipos de incidencias.<br \/>6.4. Soluciones externas e internas de la empresa.<br \/>6.5. Procedimiento de reclamaci\u00f3n de siniestros.<br \/>6.6. Responsabilidad e indemnizaciones cubiertas por la p\u00f3liza de Seguro.<br \/>6.7. Medio Ambiente en la Organizaci\u00f3n y la distribuci\u00f3n capilar de Mercanc\u00edas. Tratamiento y gesti\u00f3n de Residuos.<\/UL><\/p>\n","protected":false},"excerpt":{"rendered":"<ul>\n<li>Una vez finalizado el m\u00f3dulo el alumno ser\u00e1 capaz de organizar gestionar y controlar la distribuci\u00f3n capilar de mercanc\u00edas.<\/li>\n<li>En concreto el alumno ser\u00e1 capaz de: Definir un sistema de distribuci\u00f3n capilar analizando las necesidades de recursos para garantizar el servicio de reparto de mercanc\u00edas Interpretar las normas permisos autorizaciones y documentaci\u00f3n necesaria para el reparto de mercanc\u00edas as\u00ed como las sanciones en caso de incumplimiento Interpretar las normas permisos autorizaciones y documentaci\u00f3n necesaria para el reparto de mercanc\u00edas as\u00ed como las sanciones en caso de incumplimiento <\/li>\n<\/ul>\n","protected":false},"featured_media":633,"comment_status":"open","ping_status":"closed","template":"","meta":{"neve_meta_sidebar":"","neve_meta_container":"","neve_meta_enable_content_width":"","neve_meta_content_width":0,"neve_meta_title_alignment":"","neve_meta_author_avatar":"","neve_post_elements_order":"","neve_meta_disable_header":"","neve_meta_disable_footer":"","neve_meta_disable_title":""},"product_brand":[],"product_cat":[25,22,23],"product_tag":[],"class_list":{"0":"post-654","1":"product","2":"type-product","3":"status-publish","4":"has-post-thumbnail","6":"product_cat-comercio-y-marketing","7":"product_cat-cursos","8":"product_cat-cursos-de-especializacion","10":"first","11":"instock","12":"sold-individually","13":"shipping-taxable","14":"purchasable","15":"product-type-simple"},"_links":{"self":[{"href":"https:\/\/camonclass.com\/tienda\/wp-json\/wp\/v2\/product\/654","targetHints":{"allow":["GET"]}}],"collection":[{"href":"https:\/\/camonclass.com\/tienda\/wp-json\/wp\/v2\/product"}],"about":[{"href":"https:\/\/camonclass.com\/tienda\/wp-json\/wp\/v2\/types\/product"}],"replies":[{"embeddable":true,"href":"https:\/\/camonclass.com\/tienda\/wp-json\/wp\/v2\/comments?post=654"}],"wp:featuredmedia":[{"embeddable":true,"href":"https:\/\/camonclass.com\/tienda\/wp-json\/wp\/v2\/media\/633"}],"wp:attachment":[{"href":"https:\/\/camonclass.com\/tienda\/wp-json\/wp\/v2\/media?parent=654"}],"wp:term":[{"taxonomy":"product_brand","embeddable":true,"href":"https:\/\/camonclass.com\/tienda\/wp-json\/wp\/v2\/product_brand?post=654"},{"taxonomy":"product_cat","embeddable":true,"href":"https:\/\/camonclass.com\/tienda\/wp-json\/wp\/v2\/product_cat?post=654"},{"taxonomy":"product_tag","embeddable":true,"href":"https:\/\/camonclass.com\/tienda\/wp-json\/wp\/v2\/product_tag?post=654"}],"curies":[{"name":"wp","href":"https:\/\/api.w.org\/{rel}","templated":true}]}}