{"id":655,"date":"2022-07-25T16:38:16","date_gmt":"2022-07-25T16:38:16","guid":{"rendered":"https:\/\/camonclass.vertice.org\/formacion\/informacion-y-gestion-operativa-de-la-compraventa-internacional\/"},"modified":"2022-07-25T16:38:16","modified_gmt":"2022-07-25T16:38:16","slug":"informacion-y-gestion-operativa-de-la-compraventa-internacional","status":"publish","type":"product","link":"https:\/\/camonclass.com\/tienda\/formacion\/informacion-y-gestion-operativa-de-la-compraventa-internacional\/","title":{"rendered":"Informaci\u00f3n y gesti\u00f3n operativa de la compraventa internacional"},"content":{"rendered":"<p><strong>UD1. Marco econ\u00f3mico, pol\u00edtico y jur\u00eddico del Comercio Internacional.<\/strong><UL>1.1. Comercio interior, exterior e internacional.<br \/>1.2. El sector exterior espa\u00f1ol.<br \/>1.3. Balanza de Pagos y otras magnitTemaes macroecon\u00f3micas.<br \/>1.4. Organismos Internacionales.<br \/>1.5. La integraci\u00f3n econ\u00f3mica regional. Principales bloques econ\u00f3micos.<br \/>1.6. La Uni\u00f3n Europea.<\/UL><\/p>\n<p><strong>UD2. Barreras y obst\u00e1culos a los intercambios Comerciales Internacionales.<\/strong><UL>2.1. Barreras arancelarias.<br \/>2.2. Barreras no arancelarias.<br \/>2.3. Medidas de defensa comercial.<\/UL><\/p>\n<p><strong>UD3. Fuentes de informaci\u00f3n en el Comercio Internacional.<\/strong><UL>3.1. Informaci\u00f3n de comercio internacional.<br \/>3.2. Canales y fuentes de informaci\u00f3n en el comercio internacional.<br \/>3.3. Buscadores y bases de datos online en el comercio internacional.<br \/>3.4. Gesti\u00f3n de la informaci\u00f3n de comercio internacional.<\/UL><\/p>\n<p><strong>UD4. B\u00fasqueda y gesti\u00f3n de clientes y proveedores en Comercio Internacional.<\/strong><UL>4.1. Localizaci\u00f3n y b\u00fasqueda de clientes\/proveedores internacionales.<br \/>4.2. Clasificaci\u00f3n de los clientes\/proveedores y criterios de organizaci\u00f3n.<br \/>4.3. Tipos de archivos de los clientes\/proveedores.<br \/>4.4. Confecci\u00f3n de fichas y bases de datos de clientes y proveedores.<br \/>4.5. Control de clientes\/proveedores internacionales.<br \/>4.6. Creaci\u00f3n de sistema de alertas de nuevos clientes\/proveedores.<br \/>4.7. Reclamaciones en las operaciones de compraventa internacional.<\/UL><\/p>\n<p><strong>UD5. Condiciones de la compraventa Internacional.<\/strong><UL>5.1. Operaciones de compraventa internacional.<br \/>5.2. Cl\u00e1usulas generales del contrato de compraventa internacional.<br \/>5.3. Condiciones de entrega en el comercio internacional, INCOTERMS.<br \/>5.4. Interpretaci\u00f3n pr\u00e1ctica de cada INCOTERM.<\/UL><\/p>\n<p><strong>UD6. Elaboraci\u00f3n de ofertas en Comercio Internacional.<\/strong><UL>6.1. Proceso comercial en las operaciones de compraventa internacional.<br \/>6.2. Oferta internacional.<br \/>6.3. Elementos de la tarifa de precios.<br \/>6.4. Presentaci\u00f3n de la tarifa.<\/UL><\/p>\n<p><strong>UD7. Gesti\u00f3n de pedidos y facturaci\u00f3n en el Comercio Internacional.<\/strong><UL>7.1. Proceso documental de la operaci\u00f3n comercial.<br \/>7.2. Orden de pedido.<br \/>7.3. Preparaci\u00f3n del pedido. Lista de contenido.<br \/>7.4. Factura proforma.<br \/>7.5. Factura comercial.<\/UL><\/p>\n<p><strong>UD8. Aplicaciones inform\u00e1ticas en la gesti\u00f3n administrativa del Comercio Internacional.<\/strong><UL>8.1. Aplicaciones generales, funci\u00f3n y utilidades.<br \/>8.2. Aplicaciones espec\u00edficas: descripci\u00f3n, funciones y utilizaci\u00f3n.<\/UL><\/p>\n","protected":false},"excerpt":{"rendered":"<ul>\n<li>Obtener informaci\u00f3n del marco legal y fiscal internacional en el que se realizan las operaciones de comercio internacional habitual de las empresas.<\/li>\n<li>Definir y utilizar sistemas para el tratamiento de la informaci\u00f3n-documentaci\u00f3n relativos a las operaciones de comercio internacional.<\/li>\n<li>Realizar la gesti\u00f3n operativa de la compraventa internacional confeccionando la documentaci\u00f3n requerida conforme a la legislaci\u00f3n aplicable.<\/li>\n<li>Efectuar el control de la gesti\u00f3n operativa y documental de la compraventa internacional, mediante la utilizaci\u00f3n de medios f\u00edsicos e inform\u00e1ticos.<\/li>\n<\/ul>\n","protected":false},"featured_media":633,"comment_status":"open","ping_status":"closed","template":"","meta":{"neve_meta_sidebar":"","neve_meta_container":"","neve_meta_enable_content_width":"","neve_meta_content_width":0,"neve_meta_title_alignment":"","neve_meta_author_avatar":"","neve_post_elements_order":"","neve_meta_disable_header":"","neve_meta_disable_footer":"","neve_meta_disable_title":""},"product_brand":[],"product_cat":[25,22,23],"product_tag":[],"class_list":{"0":"post-655","1":"product","2":"type-product","3":"status-publish","4":"has-post-thumbnail","6":"product_cat-comercio-y-marketing","7":"product_cat-cursos","8":"product_cat-cursos-de-especializacion","10":"first","11":"instock","12":"sold-individually","13":"shipping-taxable","14":"purchasable","15":"product-type-simple"},"_links":{"self":[{"href":"https:\/\/camonclass.com\/tienda\/wp-json\/wp\/v2\/product\/655","targetHints":{"allow":["GET"]}}],"collection":[{"href":"https:\/\/camonclass.com\/tienda\/wp-json\/wp\/v2\/product"}],"about":[{"href":"https:\/\/camonclass.com\/tienda\/wp-json\/wp\/v2\/types\/product"}],"replies":[{"embeddable":true,"href":"https:\/\/camonclass.com\/tienda\/wp-json\/wp\/v2\/comments?post=655"}],"wp:featuredmedia":[{"embeddable":true,"href":"https:\/\/camonclass.com\/tienda\/wp-json\/wp\/v2\/media\/633"}],"wp:attachment":[{"href":"https:\/\/camonclass.com\/tienda\/wp-json\/wp\/v2\/media?parent=655"}],"wp:term":[{"taxonomy":"product_brand","embeddable":true,"href":"https:\/\/camonclass.com\/tienda\/wp-json\/wp\/v2\/product_brand?post=655"},{"taxonomy":"product_cat","embeddable":true,"href":"https:\/\/camonclass.com\/tienda\/wp-json\/wp\/v2\/product_cat?post=655"},{"taxonomy":"product_tag","embeddable":true,"href":"https:\/\/camonclass.com\/tienda\/wp-json\/wp\/v2\/product_tag?post=655"}],"curies":[{"name":"wp","href":"https:\/\/api.w.org\/{rel}","templated":true}]}}