{"id":656,"date":"2022-07-25T16:38:16","date_gmt":"2022-07-25T16:38:16","guid":{"rendered":"https:\/\/camonclass.vertice.org\/formacion\/gestion-aduanera-del-comercio-internacional\/"},"modified":"2022-07-25T16:38:16","modified_gmt":"2022-07-25T16:38:16","slug":"gestion-aduanera-del-comercio-internacional","status":"publish","type":"product","link":"https:\/\/camonclass.com\/tienda\/formacion\/gestion-aduanera-del-comercio-internacional\/","title":{"rendered":"Gesti\u00f3n aduanera del comercio internacional"},"content":{"rendered":"<p><strong>UD1. El sistema aduanero y la normativa de Comercio Internacional.<\/strong><UL>1.1. Concepto y funci\u00f3n de las aduanas.<br \/>1.2. Territorio aduanero. Territorio Aduanero Comunitario.<br \/>1.3. Operadores.<br \/>1.4. Mercanc\u00edas comunitarias y no comunitarias.<br \/>1.5. Derecho Aduanero.<br \/>1.6. Reg\u00edmenes comerciales y administrativos.<\/UL><\/p>\n<p><strong>UD2. Clasificaci\u00f3n arancelaria de las mercanc\u00edas.<\/strong><UL>2.1. La tarifa aduanera.<br \/>2.2. La nomenclatura.<br \/>2.3. Arancel Integrado Comunitario. TARIC.<\/UL><\/p>\n<p><strong>UD3. Atribuci\u00f3n del origen de las mercanc\u00edas.<\/strong><UL>3.1. Concepto de origen en el C\u00f3digo Aduanero Comunitario.<br \/>3.2. Criterios de atribuci\u00f3n del origen en la Uni\u00f3n Europea.<br \/>3.3. Documentos.<\/UL><\/p>\n<p><strong>UD4. C\u00e1lculo y declaraci\u00f3n del valor en aduana de las mercanc\u00edas.<\/strong><UL>4.1. Concepto de valor en aduana.<br \/>4.2. Condicionantes al valor en aduana de las mercanc\u00edas.<br \/>4.3. M\u00e9todos de valoraci\u00f3n.<br \/>4.4. C\u00e1lculo del valor en aduana en importaciones por v\u00eda a\u00e9rea.<br \/>4.5. Documentos de declaraci\u00f3n de valor en aduana.<\/UL><\/p>\n<p><strong>UD5. Identificaci\u00f3n y procedimiento de los destinos aduaneros.<\/strong><UL>5.1. Importaci\u00f3n. Despacho a libre pr\u00e1ctica.<br \/>5.2. Despacho a consumo.<br \/>5.3. Exportaci\u00f3n.<br \/>5.4. Reg\u00edmenes econ\u00f3micos y\/o suspensivos: concepto, concesi\u00f3n y funcionamiento.<br \/>5.5. Tr\u00e1nsito: concepto, regulaci\u00f3n legal y funcionamiento.<br \/>5.6. Dep\u00f3sitos y zonas francas.<br \/>5.7. Reexportaci\u00f3n, destrucci\u00f3n y abandono de las mercanc\u00edas.<\/UL><\/p>\n<p><strong>UD6. La deTemaa aduanera.<\/strong><UL>6.1. Composici\u00f3n.<br \/>6.2. Normativa aplicable.<br \/>6.3. Exigibilidad de la deTemaa aduanera.<br \/>6.4. Contracci\u00f3n y extinci\u00f3n de la deTemaa aduanera.<\/UL><\/p>\n<p><strong>UD7. Gesti\u00f3n de documentos aduaneros.<\/strong><UL>7.1. Documento \u00danico Administrativo, DUA.<br \/>7.2. Cumplimentaci\u00f3n del DUA.<br \/>7.3. Presentaci\u00f3n.<br \/>7.4. Documentos que deben presentarse junto al DUA.<br \/>7.5. Rectificaci\u00f3n e invalidaci\u00f3n de declaraciones.<br \/>7.6. Comprobaci\u00f3n de las declaraciones.<br \/>7.7. Sistema estad\u00edstico, INTRASTAT.<br \/>7.8. Aplicaci\u00f3n de Internet y del sistema de transmisi\u00f3n electr\u00f3nica de datos.<\/UL><\/p>\n","protected":false},"excerpt":{"rendered":"<ul>\n<li>Analizar los procedimientos aduaneros relativos al comercio internacional de mercanc\u00edas, seg\u00fan la normativa vigente.<\/li>\n<li>Elaborar la documentaci\u00f3n necesaria para la gesti\u00f3n de las operaciones de importaci\u00f3n\/ exportaci\u00f3n e introducci\u00f3n\/expedici\u00f3n de mercanc\u00edas.<\/li>\n<li>Analizar el cumplimiento de la operativa aduanera de la operaci\u00f3n, realizando las comprobaciones precisas.<\/li>\n<\/ul>\n","protected":false},"featured_media":633,"comment_status":"open","ping_status":"closed","template":"","meta":{"neve_meta_sidebar":"","neve_meta_container":"","neve_meta_enable_content_width":"","neve_meta_content_width":0,"neve_meta_title_alignment":"","neve_meta_author_avatar":"","neve_post_elements_order":"","neve_meta_disable_header":"","neve_meta_disable_footer":"","neve_meta_disable_title":""},"product_brand":[],"product_cat":[25,22,23],"product_tag":[],"class_list":{"0":"post-656","1":"product","2":"type-product","3":"status-publish","4":"has-post-thumbnail","6":"product_cat-comercio-y-marketing","7":"product_cat-cursos","8":"product_cat-cursos-de-especializacion","10":"first","11":"instock","12":"sold-individually","13":"shipping-taxable","14":"purchasable","15":"product-type-simple"},"_links":{"self":[{"href":"https:\/\/camonclass.com\/tienda\/wp-json\/wp\/v2\/product\/656","targetHints":{"allow":["GET"]}}],"collection":[{"href":"https:\/\/camonclass.com\/tienda\/wp-json\/wp\/v2\/product"}],"about":[{"href":"https:\/\/camonclass.com\/tienda\/wp-json\/wp\/v2\/types\/product"}],"replies":[{"embeddable":true,"href":"https:\/\/camonclass.com\/tienda\/wp-json\/wp\/v2\/comments?post=656"}],"wp:featuredmedia":[{"embeddable":true,"href":"https:\/\/camonclass.com\/tienda\/wp-json\/wp\/v2\/media\/633"}],"wp:attachment":[{"href":"https:\/\/camonclass.com\/tienda\/wp-json\/wp\/v2\/media?parent=656"}],"wp:term":[{"taxonomy":"product_brand","embeddable":true,"href":"https:\/\/camonclass.com\/tienda\/wp-json\/wp\/v2\/product_brand?post=656"},{"taxonomy":"product_cat","embeddable":true,"href":"https:\/\/camonclass.com\/tienda\/wp-json\/wp\/v2\/product_cat?post=656"},{"taxonomy":"product_tag","embeddable":true,"href":"https:\/\/camonclass.com\/tienda\/wp-json\/wp\/v2\/product_tag?post=656"}],"curies":[{"name":"wp","href":"https:\/\/api.w.org\/{rel}","templated":true}]}}