{"id":657,"date":"2022-07-25T16:38:16","date_gmt":"2022-07-25T16:38:16","guid":{"rendered":"https:\/\/camonclass.vertice.org\/formacion\/gestion-de-las-operaciones-de-financiacion-internacional\/"},"modified":"2022-07-25T16:38:16","modified_gmt":"2022-07-25T16:38:16","slug":"gestion-de-las-operaciones-de-financiacion-internacional","status":"publish","type":"product","link":"https:\/\/camonclass.com\/tienda\/formacion\/gestion-de-las-operaciones-de-financiacion-internacional\/","title":{"rendered":"Gesti\u00f3n de las operaciones de financiaci\u00f3n internacional"},"content":{"rendered":"<p><strong>UD1. Aspectos b\u00e1sicos del sistema financiero y de las operaciones financieras.<\/strong><UL>1.1. Definici\u00f3n y funciones del sistema financiero.<br \/>1.2. Los mercados financieros.<br \/>1.3. Los intermediarios financieros.<br \/>1.4. Los activos financieros.<br \/>1.5. An\u00e1lisis de la Uni\u00f3n Econ\u00f3mica y Monetaria de la Uni\u00f3n Europea.<\/UL><\/p>\n<p><strong>UD2. Operaciones y c\u00e1lculo financiero.<\/strong><UL>2.1. Equivalencia financiera de capitales: leyes financieras de capitalizaci\u00f3n y descuento.<br \/>2.2. Capitalizaci\u00f3n simple y capitalizaci\u00f3n compuesta.<br \/>2.3. C\u00e1lculo de: Tasa Anual Equivalente (TAE), Valor Actual Neto (VAN), Tasa Interna de Rendimiento (TIR).<br \/>2.4. Rentas financieras: concepto, elementos que intervienen, valor actual y valor final y aplicaci\u00f3n.<br \/>2.5. Aplicaciones inform\u00e1ticas de gesti\u00f3n financiera.<\/UL><\/p>\n<p><strong>UD3. Instrumentos de financiaci\u00f3n de operaciones de comercio internacional.<\/strong><UL>3.1. Tipos de instrumentos: diferencias y similitudes.<br \/>3.2. Pr\u00e9stamo.<br \/>3.3. Sistemas de amortizaci\u00f3n de los pr\u00e9stamos.<br \/>3.4. Cr\u00e9dito.<\/UL><\/p>\n<p><strong>UD4. Financiaci\u00f3n de las operaciones de exportaci\u00f3n.<\/strong><UL>4.1. Cr\u00e9ditos de pre-financiaci\u00f3n.<br \/>4.2. Cr\u00e9ditos de post-financiaci\u00f3n: financiaci\u00f3n del aplazamiento de pago.<br \/>4.3. Financiaci\u00f3n de las exportaciones facturadas y financiadas en moneda dom\u00e9stica.<br \/>4.4. Financiaci\u00f3n de las exportaciones facturadas en moneda dom\u00e9stica y financiada en divisa.<br \/>4.5. Financiaci\u00f3n de las exportaciones facturadas en divisa y financiadas en moneda dom\u00e9stica.<br \/>4.6. Financiaci\u00f3n de las exportaciones facturadas y financiadas en divisas.<br \/>4.7. Documentaci\u00f3n.<br \/>4.8. B\u00fasqueda de informaci\u00f3n sobre financiaci\u00f3n de exportaciones: fuentes f\u00edsicas e inform\u00e1ticas.<\/UL><\/p>\n<p><strong>UD5. Financiaci\u00f3n de las operaciones de importaci\u00f3n.<\/strong><UL>5.1. Financiaci\u00f3n de las importaciones facturadas y financiadas en moneda dom\u00e9stica.<br \/>5.2. Financiaci\u00f3n de las importaciones facturadas en moneda dom\u00e9stica y financiada en divisa.<br \/>5.3. Financiaci\u00f3n de las importaciones facturadas en divisa y financiadas en moneda dom\u00e9stica.<br \/>5.4. Financiaci\u00f3n de las operaciones de importaci\u00f3n facturadas y financiadas en divisas.<br \/>5.5. Documentaci\u00f3n.<br \/>5.6. B\u00fasqueda de informaci\u00f3n sobre financiaci\u00f3n de importaciones: fuentes f\u00edsicas e inform\u00e1ticas.<\/UL><\/p>\n<p><strong>UD6. Otras formas de financiaci\u00f3n de las operaciones de comercio internacional.<\/strong><UL>6.1. Factoring.<br \/>6.2. Forfaiting.<br \/>6.3. Operaciones de compensaci\u00f3n.<br \/>6.4. Financiaci\u00f3n de operaciones triangulares.<\/UL><\/p>\n<p><strong>UD7. Financiaci\u00f3n de las operaciones de comercio internacional con apoyo oficial.<\/strong><UL>7.1. Programas de apoyo a la internacionalizaci\u00f3n.<br \/>7.2. Programas de apoyo a las inversiones exteriores.<br \/>7.3. Programas de apoyo de la Uni\u00f3n Europea.<br \/>7.4. El Cr\u00e9dito Oficial a la Exportaci\u00f3n.<br \/>7.5. Apoyo financiero oficial de las Administraciones auton\u00f3micas y locales.<br \/>7.6. C\u00e1maras de Comercio: Plan Cameral. Comit\u00e9s de cooperaci\u00f3n empresarial.<\/UL><\/p>\n","protected":false},"excerpt":{"rendered":"<ul>\n<li>Definir y analizar las operaciones de c\u00e1lculo financiero en la toma de decisiones de financiaci\u00f3n en operaciones de compraventa internacional.<\/li>\n<li>Definir y utilizar sistemas para el tratamiento de la informaci\u00f3n-documentaci\u00f3n relativas a las operaciones de financiaci\u00f3n del comercio internacional.<\/li>\n<li>Analizar las distintas modalidades de cr\u00e9dito para financiar operaciones de importaci\u00f3n y de exportaci\u00f3n, realizando una adecuada elecci\u00f3n Elaborar la documentaci\u00f3n necesaria para la gesti\u00f3n de los cr\u00e9ditos a las exportaciones e importaciones con el fin de facilitar las operaciones de compraventa internacional <\/li>\n<\/ul>\n","protected":false},"featured_media":633,"comment_status":"open","ping_status":"closed","template":"","meta":{"neve_meta_sidebar":"","neve_meta_container":"","neve_meta_enable_content_width":"","neve_meta_content_width":0,"neve_meta_title_alignment":"","neve_meta_author_avatar":"","neve_post_elements_order":"","neve_meta_disable_header":"","neve_meta_disable_footer":"","neve_meta_disable_title":""},"product_brand":[],"product_cat":[25,22,23],"product_tag":[],"class_list":{"0":"post-657","1":"product","2":"type-product","3":"status-publish","4":"has-post-thumbnail","6":"product_cat-comercio-y-marketing","7":"product_cat-cursos","8":"product_cat-cursos-de-especializacion","10":"first","11":"instock","12":"sold-individually","13":"shipping-taxable","14":"purchasable","15":"product-type-simple"},"_links":{"self":[{"href":"https:\/\/camonclass.com\/tienda\/wp-json\/wp\/v2\/product\/657","targetHints":{"allow":["GET"]}}],"collection":[{"href":"https:\/\/camonclass.com\/tienda\/wp-json\/wp\/v2\/product"}],"about":[{"href":"https:\/\/camonclass.com\/tienda\/wp-json\/wp\/v2\/types\/product"}],"replies":[{"embeddable":true,"href":"https:\/\/camonclass.com\/tienda\/wp-json\/wp\/v2\/comments?post=657"}],"wp:featuredmedia":[{"embeddable":true,"href":"https:\/\/camonclass.com\/tienda\/wp-json\/wp\/v2\/media\/633"}],"wp:attachment":[{"href":"https:\/\/camonclass.com\/tienda\/wp-json\/wp\/v2\/media?parent=657"}],"wp:term":[{"taxonomy":"product_brand","embeddable":true,"href":"https:\/\/camonclass.com\/tienda\/wp-json\/wp\/v2\/product_brand?post=657"},{"taxonomy":"product_cat","embeddable":true,"href":"https:\/\/camonclass.com\/tienda\/wp-json\/wp\/v2\/product_cat?post=657"},{"taxonomy":"product_tag","embeddable":true,"href":"https:\/\/camonclass.com\/tienda\/wp-json\/wp\/v2\/product_tag?post=657"}],"curies":[{"name":"wp","href":"https:\/\/api.w.org\/{rel}","templated":true}]}}