{"id":658,"date":"2022-07-25T16:38:16","date_gmt":"2022-07-25T16:38:16","guid":{"rendered":"https:\/\/camonclass.vertice.org\/formacion\/analisis-de-riesgos-y-medios-de-cobertura-en-las-operaciones-de-comercio-internacional\/"},"modified":"2022-07-25T16:38:16","modified_gmt":"2022-07-25T16:38:16","slug":"analisis-de-riesgos-y-medios-de-cobertura-en-las-operaciones-de-comercio-internacional","status":"publish","type":"product","link":"https:\/\/camonclass.com\/tienda\/formacion\/analisis-de-riesgos-y-medios-de-cobertura-en-las-operaciones-de-comercio-internacional\/","title":{"rendered":"An\u00e1lisis de riesgos y medios de cobertura en las operaciones de comercio internacional"},"content":{"rendered":"<p><strong>UD1. Organizaci\u00f3n del mercado de divisas.<\/strong><UL>1.1. Concepto y funci\u00f3n del mercado de divisas.<br \/>1.2. Funcionamiento del mercado de divisas y operaciones m\u00e1s comunes.<br \/>1.3. Referencias normativas sobre operaciones de compraventa de divisas y transacciones con el exterior.<br \/>1.4. El tipo de cambio.<br \/>1.5. El tipo de inter\u00e9s de la divisa.<\/UL><\/p>\n<p><strong>UD2. An\u00e1lisis del riesgo de cambio e inter\u00e9s en operaciones de comercio internacional y su cobertura.<\/strong><UL>2.1. El riesgo de cambio.<br \/>2.2. El Seguro de cambio.<br \/>2.3. Opciones sobre divisas.<br \/>2.4. Futuros sobre divisas.<br \/>2.5. Otros instrumentos de cobertura: Cuentas en divisas. Otros.<br \/>2.6. El riesgo de inter\u00e9s. Cobertura.<br \/>2.7. Utilizaci\u00f3n de herramientas inform\u00e1ticas de tramitaci\u00f3n y gesti\u00f3n integrada de riesgos de cambio e inter\u00e9s.<\/UL><\/p>\n<p><strong>UD3. Otros riesgos en operaciones de comercio internacional y su cobertura.<\/strong><UL>3.1. Tipos de riesgo.<br \/>3.2. Seguro de cr\u00e9dito a la exportaci\u00f3n.<br \/>3.3. Factoring como instrumento de cobertura de riesgos.<br \/>3.4. Forfaiting como instrumento de cobertura de riesgos.<br \/>3.5. Aplicaciones inform\u00e1ticas de tramitaci\u00f3n y gesti\u00f3n integrada de riesgos.<\/UL><\/p>\n","protected":false},"excerpt":{"rendered":"<ul>\n<li>Analizar la informaci\u00f3n relacionada con el mercado de divisas y las implicaciones en el comercio internacional.<\/li>\n<li>Analizar el riesgo de cambio y las modalidades de cobertura de \u00e9ste en las operaciones de comercio internacional en divisas Determinar la cobertura adecuada de los posibles riesgos en operaciones comerciales internacionales <\/li>\n<\/ul>\n","protected":false},"featured_media":633,"comment_status":"open","ping_status":"closed","template":"","meta":{"neve_meta_sidebar":"","neve_meta_container":"","neve_meta_enable_content_width":"","neve_meta_content_width":0,"neve_meta_title_alignment":"","neve_meta_author_avatar":"","neve_post_elements_order":"","neve_meta_disable_header":"","neve_meta_disable_footer":"","neve_meta_disable_title":""},"product_brand":[],"product_cat":[25,22,23],"product_tag":[],"class_list":{"0":"post-658","1":"product","2":"type-product","3":"status-publish","4":"has-post-thumbnail","6":"product_cat-comercio-y-marketing","7":"product_cat-cursos","8":"product_cat-cursos-de-especializacion","10":"first","11":"instock","12":"sold-individually","13":"shipping-taxable","14":"purchasable","15":"product-type-simple"},"_links":{"self":[{"href":"https:\/\/camonclass.com\/tienda\/wp-json\/wp\/v2\/product\/658","targetHints":{"allow":["GET"]}}],"collection":[{"href":"https:\/\/camonclass.com\/tienda\/wp-json\/wp\/v2\/product"}],"about":[{"href":"https:\/\/camonclass.com\/tienda\/wp-json\/wp\/v2\/types\/product"}],"replies":[{"embeddable":true,"href":"https:\/\/camonclass.com\/tienda\/wp-json\/wp\/v2\/comments?post=658"}],"wp:featuredmedia":[{"embeddable":true,"href":"https:\/\/camonclass.com\/tienda\/wp-json\/wp\/v2\/media\/633"}],"wp:attachment":[{"href":"https:\/\/camonclass.com\/tienda\/wp-json\/wp\/v2\/media?parent=658"}],"wp:term":[{"taxonomy":"product_brand","embeddable":true,"href":"https:\/\/camonclass.com\/tienda\/wp-json\/wp\/v2\/product_brand?post=658"},{"taxonomy":"product_cat","embeddable":true,"href":"https:\/\/camonclass.com\/tienda\/wp-json\/wp\/v2\/product_cat?post=658"},{"taxonomy":"product_tag","embeddable":true,"href":"https:\/\/camonclass.com\/tienda\/wp-json\/wp\/v2\/product_tag?post=658"}],"curies":[{"name":"wp","href":"https:\/\/api.w.org\/{rel}","templated":true}]}}