{"id":659,"date":"2022-07-25T16:38:17","date_gmt":"2022-07-25T16:38:17","guid":{"rendered":"https:\/\/camonclass.vertice.org\/formacion\/ingles-oral-y-escrito-en-el-comercio-internacional\/"},"modified":"2022-07-25T16:38:17","modified_gmt":"2022-07-25T16:38:17","slug":"ingles-oral-y-escrito-en-el-comercio-internacional","status":"publish","type":"product","link":"https:\/\/camonclass.com\/tienda\/formacion\/ingles-oral-y-escrito-en-el-comercio-internacional\/","title":{"rendered":"Ingl\u00e9s oral y escrito en el comercio internacional"},"content":{"rendered":"<p><strong>UD1. Gesti\u00f3n de operaciones de Comercio Internacional en ingl\u00e9s.<\/strong><UL>1.1. Estructuras ling\u00fc\u00edsticas y l\u00e9xico relacionado con las operaciones de comercio internacional:.<br \/>1.2. Estructuras ling\u00fc\u00edsticas y l\u00e9xico relacionado con la contrataci\u00f3n y condiciones de la compraventa internacional:.<br \/>1.3. L\u00e9xico y fon\u00e9tica de las condiciones de entrega:.<\/UL><\/p>\n<p><strong>UD2. Presentaciones comerciales en ingl\u00e9s.<\/strong><UL>2.1. Estructuras ling\u00fc\u00edsticas y l\u00e9xico habitual en las presentaciones comerciales en ingl\u00e9s.<br \/>2.2. Redacci\u00f3n y documentaci\u00f3n complementaria para reforzar los argumentos de la presentaci\u00f3n:.<br \/>2.3. Simulaci\u00f3n de presentaciones comerciales orales en ingl\u00e9s.<\/UL><\/p>\n<p><strong>UD3. Negociaci\u00f3n de operaciones de Comercio Internacional en ingl\u00e9s.<\/strong><UL>3.1. Estructuras ling\u00fc\u00edsticas y l\u00e9xico habitual en procesos de negociaci\u00f3n del comercio internacional.<br \/>3.2. Interacci\u00f3n entre las partes de una negociaci\u00f3n comercial.<br \/>3.3. Solicitud de concesiones, reclamaciones y formulaci\u00f3n de expresiones en situaciones de negociaci\u00f3n.<br \/>3.4. F\u00f3rmulas de persuasi\u00f3n en una negociaci\u00f3n internacional.<br \/>3.5. Simulaci\u00f3n de procesos de negociaci\u00f3n de exportaciones e importaciones de productos.<\/UL><\/p>\n<p><strong>UD4. Contexto socioprofesional de las operaciones Comercio Internacional.<\/strong><UL>4.1. Contenidos socioculturales y socioling\u00fc\u00edsticos en entornos profesionales internacionales.<br \/>4.2. Elementos significativos en las relaciones comerciales y profesionales.<br \/>4.3. Diferenciaci\u00f3n de usos, convenciones y pautas de comportamiento seg\u00fan aspectos culturales de los interlocutores.<br \/>4.4. Giros.<br \/>4.5. Aspectos de comunicaci\u00f3n no verbal seg\u00fan el contexto cultural del interlocutor.<\/UL><\/p>\n","protected":false},"excerpt":{"rendered":"<ul>\n<li>Interpretar la informaci\u00f3n, l\u00edneas y argumentos de un discurso oral en ingl\u00e9s, formal e informal, presencial y retransmitido, de una operaci\u00f3n comercial internacional definida <\/li>\n<li>Interpretar los datos e informaci\u00f3n espec\u00edfica de distintos documentos, informes comerciales y fuentes de informaci\u00f3n de comercio internacional escritos en ingl\u00e9s extrayendo la informaci\u00f3n relevante para una exportaci\u00f3n y\/o importaci\u00f3n de bienes\/servicios <\/li>\n<li>Producir mensajes orales complejos en ingl\u00e9s con fluidez, detalle y claridad, en situaciones-tipo del comercio internacional <\/li>\n<li>Interactuar oralmente, en ingl\u00e9s, con fluidez y espontaneidad, con uno y al menos dos interlocutores, manifestando opiniones diversas, en distintas situaciones, formales e informales, propias de comercio internacional: visitas a ferias, gestiones y negociaci\u00f3n de operaciones con clientes\/proveedores <\/li>\n<\/ul>\n","protected":false},"featured_media":633,"comment_status":"open","ping_status":"closed","template":"","meta":{"neve_meta_sidebar":"","neve_meta_container":"","neve_meta_enable_content_width":"","neve_meta_content_width":0,"neve_meta_title_alignment":"","neve_meta_author_avatar":"","neve_post_elements_order":"","neve_meta_disable_header":"","neve_meta_disable_footer":"","neve_meta_disable_title":""},"product_brand":[],"product_cat":[25,22,23],"product_tag":[],"class_list":{"0":"post-659","1":"product","2":"type-product","3":"status-publish","4":"has-post-thumbnail","6":"product_cat-comercio-y-marketing","7":"product_cat-cursos","8":"product_cat-cursos-de-especializacion","10":"first","11":"instock","12":"sold-individually","13":"shipping-taxable","14":"purchasable","15":"product-type-simple"},"_links":{"self":[{"href":"https:\/\/camonclass.com\/tienda\/wp-json\/wp\/v2\/product\/659","targetHints":{"allow":["GET"]}}],"collection":[{"href":"https:\/\/camonclass.com\/tienda\/wp-json\/wp\/v2\/product"}],"about":[{"href":"https:\/\/camonclass.com\/tienda\/wp-json\/wp\/v2\/types\/product"}],"replies":[{"embeddable":true,"href":"https:\/\/camonclass.com\/tienda\/wp-json\/wp\/v2\/comments?post=659"}],"wp:featuredmedia":[{"embeddable":true,"href":"https:\/\/camonclass.com\/tienda\/wp-json\/wp\/v2\/media\/633"}],"wp:attachment":[{"href":"https:\/\/camonclass.com\/tienda\/wp-json\/wp\/v2\/media?parent=659"}],"wp:term":[{"taxonomy":"product_brand","embeddable":true,"href":"https:\/\/camonclass.com\/tienda\/wp-json\/wp\/v2\/product_brand?post=659"},{"taxonomy":"product_cat","embeddable":true,"href":"https:\/\/camonclass.com\/tienda\/wp-json\/wp\/v2\/product_cat?post=659"},{"taxonomy":"product_tag","embeddable":true,"href":"https:\/\/camonclass.com\/tienda\/wp-json\/wp\/v2\/product_tag?post=659"}],"curies":[{"name":"wp","href":"https:\/\/api.w.org\/{rel}","templated":true}]}}