{"id":660,"date":"2022-07-25T16:38:17","date_gmt":"2022-07-25T16:38:17","guid":{"rendered":"https:\/\/camonclass.vertice.org\/formacion\/politicas-de-marketing-internacional\/"},"modified":"2022-07-25T16:38:17","modified_gmt":"2022-07-25T16:38:17","slug":"politicas-de-marketing-internacional","status":"publish","type":"product","link":"https:\/\/camonclass.com\/tienda\/formacion\/politicas-de-marketing-internacional\/","title":{"rendered":"Pol\u00edticas de marketing internacional"},"content":{"rendered":"<p><strong>UD1. Internacionalizaci\u00f3n de la empresa.<\/strong><UL>1.1. La decisi\u00f3n de internacionalizaci\u00f3n de la empresa.<br \/>1.2. Etapas del proceso de internacionalizaci\u00f3n.<br \/>1.3. Las variables de marketing en la internacionalizaci\u00f3n de la empresa.<\/UL><\/p>\n<p><strong>UD2. Pol\u00edtica de producto en el marketing internacional.<\/strong><UL>2.1. Atributos del producto.<br \/>2.2. El ciclo de vida del producto.<br \/>2.3. Estandarizaci\u00f3n\/adaptaci\u00f3n de los productos en los mercados internacionales.<br \/>2.4. La cartera de productos internacional.<br \/>2.5. La marca.<br \/>2.6. La pol\u00edtica de producto en los mercados online.<\/UL><\/p>\n<p><strong>UD3. Pol\u00edtica de precio en el marketing internacional.<\/strong><UL>3.1. An\u00e1lisis de la variable \u00abprecio\u00bb como instrumento del marketing internacional.<br \/>3.2. Estandarizaci\u00f3n\/adaptaci\u00f3n de precios internacionales.<br \/>3.3. Factores que influyen en la determinaci\u00f3n de precios internacionales.<br \/>3.4. An\u00e1lisis de rentabilidad.<br \/>3.5. Estrategias de precios.<br \/>3.6. Cotizaci\u00f3n de precios internacionales.<\/UL><\/p>\n<p><strong>UD4. Pol\u00edtica de comunicaci\u00f3n de marketing internacional.<\/strong><UL>4.1. La comunicaci\u00f3n en el marketing: concepto y funciones.<br \/>4.2. La publicidad.<br \/>4.3. La promoci\u00f3n de ventas.<br \/>4.4. Las relaciones p\u00fablicas.<br \/>4.5. Otras herramientas de la pol\u00edtica de comunicaci\u00f3n.<br \/>4.6. Factores que influyen en las decisiones de pol\u00edtica internacional de comunicaci\u00f3n.<br \/>4.7. Las ferias internacionales y las misiones comerciales.<\/UL><\/p>\n<p><strong>UD5. Pol\u00edtica de distribuci\u00f3n en el marketing internacional.<\/strong><UL>5.1. Canales de distribuci\u00f3n.<br \/>5.2. Aspectos a considerar en el dise\u00f1o y selecci\u00f3n de los canales de distribuci\u00f3n internacionales.<br \/>5.3. Determinaci\u00f3n de la localizaci\u00f3n y tipolog\u00eda de los puntos de venta.<br \/>5.4. Las relaciones internas del canal.<br \/>5.5. Aspectos a considerar en la adaptaci\u00f3n de la funci\u00f3n de distribuci\u00f3n en diferentes entornos internacionales.<br \/>5.6. Internet como canal de distribuci\u00f3n internacional.<\/UL><\/p>\n<p><strong>UD6. Herramientas inform\u00e1ticas para el c\u00e1lculo de valores y tendencias de mercado.<\/strong><UL>6.1. Herramientas para el c\u00e1lculo de valores estad\u00edsticos.<br \/>6.2. Herramientas para el an\u00e1lisis de tendencias y series de datos.<br \/>6.3. Hojas de c\u00e1lculo.<\/UL><\/p>\n","protected":false},"excerpt":{"rendered":"<ul>\n<li>Identificar las variables de marketing para la toma de decisiones en la internacionalizaci\u00f3n de la empresa.<\/li>\n<li>Analizar las caracter\u00edsticas de los productos y\/o servicios de la empresa y los competidores para proponer estrategias y acciones relacionadas con la pol\u00edtica internacional de producto.<\/li>\n<li>Analizar las variables que influyen en el precio de los productos y\/o servicios en los mercados internacionales, con el objeto de dise\u00f1ar la pol\u00edtica internacional de precios adecuada a las estrategias y objetivos de la empresa.<\/li>\n<li>Identificar las variables que influyen en la pol\u00edtica internacional de comunicaci\u00f3n, con el fin de dise\u00f1ar y ejecutar las acciones necesarias para la consecuci\u00f3n de los objetivos y el desarrollo de las estrategias de la organizaci\u00f3n.<\/li>\n<li>Analizar la estructura de la distribuci\u00f3n en los mercados internacionales, para seleccionar las formas de acceso y los canales de distribuci\u00f3n m\u00e1s adecuados a las pol\u00edticas y estrategias de la empresa <\/li>\n<\/ul>\n","protected":false},"featured_media":633,"comment_status":"open","ping_status":"closed","template":"","meta":{"neve_meta_sidebar":"","neve_meta_container":"","neve_meta_enable_content_width":"","neve_meta_content_width":0,"neve_meta_title_alignment":"","neve_meta_author_avatar":"","neve_post_elements_order":"","neve_meta_disable_header":"","neve_meta_disable_footer":"","neve_meta_disable_title":""},"product_brand":[],"product_cat":[25,22,23],"product_tag":[],"class_list":{"0":"post-660","1":"product","2":"type-product","3":"status-publish","4":"has-post-thumbnail","6":"product_cat-comercio-y-marketing","7":"product_cat-cursos","8":"product_cat-cursos-de-especializacion","10":"first","11":"instock","12":"sold-individually","13":"shipping-taxable","14":"purchasable","15":"product-type-simple"},"_links":{"self":[{"href":"https:\/\/camonclass.com\/tienda\/wp-json\/wp\/v2\/product\/660","targetHints":{"allow":["GET"]}}],"collection":[{"href":"https:\/\/camonclass.com\/tienda\/wp-json\/wp\/v2\/product"}],"about":[{"href":"https:\/\/camonclass.com\/tienda\/wp-json\/wp\/v2\/types\/product"}],"replies":[{"embeddable":true,"href":"https:\/\/camonclass.com\/tienda\/wp-json\/wp\/v2\/comments?post=660"}],"wp:featuredmedia":[{"embeddable":true,"href":"https:\/\/camonclass.com\/tienda\/wp-json\/wp\/v2\/media\/633"}],"wp:attachment":[{"href":"https:\/\/camonclass.com\/tienda\/wp-json\/wp\/v2\/media?parent=660"}],"wp:term":[{"taxonomy":"product_brand","embeddable":true,"href":"https:\/\/camonclass.com\/tienda\/wp-json\/wp\/v2\/product_brand?post=660"},{"taxonomy":"product_cat","embeddable":true,"href":"https:\/\/camonclass.com\/tienda\/wp-json\/wp\/v2\/product_cat?post=660"},{"taxonomy":"product_tag","embeddable":true,"href":"https:\/\/camonclass.com\/tienda\/wp-json\/wp\/v2\/product_tag?post=660"}],"curies":[{"name":"wp","href":"https:\/\/api.w.org\/{rel}","templated":true}]}}