{"id":661,"date":"2022-07-25T16:38:17","date_gmt":"2022-07-25T16:38:17","guid":{"rendered":"https:\/\/camonclass.vertice.org\/formacion\/negociacion-y-contratacion-internacional\/"},"modified":"2022-07-25T16:38:17","modified_gmt":"2022-07-25T16:38:17","slug":"negociacion-y-contratacion-internacional","status":"publish","type":"product","link":"https:\/\/camonclass.com\/tienda\/formacion\/negociacion-y-contratacion-internacional\/","title":{"rendered":"Negociaci\u00f3n y contrataci\u00f3n internacional"},"content":{"rendered":"<p><strong>UD1. Negociaci\u00f3n de operaciones de comercio Internacional.<\/strong><UL>1.1. Preparaci\u00f3n de la negociaci\u00f3n internacional.<br \/>1.2. Desarrollo de la negociaci\u00f3n internacional.<br \/>1.3. T\u00e9cnicas de la negociaci\u00f3n internacional.<br \/>1.4. Consolidaci\u00f3n de la negociaci\u00f3n internacional.<br \/>1.5. Estilos de negociaci\u00f3n comercial.<\/UL><\/p>\n<p><strong>UD2. T\u00e9cnicas de comunicaci\u00f3n y relaciones comerciales Internacionales.<\/strong><UL>2.1. Los procesos de comunicaci\u00f3n y las relaciones comerciales.<br \/>2.2. Tipos de comunicaci\u00f3n.<br \/>2.3. Actitudes y t\u00e9cnicas en la comunicaci\u00f3n.<br \/>2.4. La informaci\u00f3n telef\u00f3nica y presencial. Transmisi\u00f3n y recepci\u00f3n de mensajes.<br \/>2.5. La comunicaci\u00f3n oral en las relaciones comerciales internacionales.<br \/>2.6. La comunicaci\u00f3n escrita en el comercio internacional.<br \/>2.7. Relaciones p\u00fablicas en el comercio internacional.<br \/>2.8. Internet como instrumento de comunicaci\u00f3n.<\/UL><\/p>\n<p><strong>UD3. El contrato de compraventa Internacional.<\/strong><UL>3.1. Regulaci\u00f3n de la compraventa internacional.<br \/>3.2. Reglas de la C\u00e1mara de Comercio Internacional de Par\u00eds.<br \/>3.3. El contrato de compraventa internacional.<\/UL><\/p>\n<p><strong>UD4. Los contratos de intermediaci\u00f3n comercial.<\/strong><UL>4.1. Intermediaci\u00f3n comercial internacional.<br \/>4.2. Contrato de agencia.<br \/>4.3. Contrato de distribuci\u00f3n.<br \/>4.4. Selecci\u00f3n de agentes y\/o distribuidores en el exterior.<br \/>4.5. M\u00e9todos de motivaci\u00f3n, perfeccionamiento y temporalizaci\u00f3n de la red de ventas internacional: agentes comerciales, distribuidores y proveedores.<\/UL><\/p>\n<p><strong>UD5. Otras modalidades contractuales en el comercio internacional.<\/strong><UL>5.1. Contrato de transferencia tecnol\u00f3gica.<br \/>5.2. Contrato de Joint venture.<br \/>5.3. Contrato de franquicia.<\/UL><\/p>\n<p><strong>UD6. El arbitraje comercial internacional.<\/strong><UL>6.1. V\u00edas de prevenci\u00f3n y resoluci\u00f3n conflictos derivados del contrato.<br \/>6.2. Principales organismos arbitrales.<br \/>6.3. El procedimiento arbitral internacional.<\/UL><\/p>\n","protected":false},"excerpt":{"rendered":"<ul>\n<li>Interpretar la normativa y usos habituales que regulan las operaciones de compra y venta internacional.<\/li>\n<li>Elaborar el precontrato y\/o contrato asociado a operaciones de compraventa internacional y concursos o procesos de licitaci\u00f3n internacional de acuerdo con la normativa y usos habituales en el comercio internacional.<\/li>\n<li>Aplicar t\u00e9cnicas de negociaci\u00f3n adecuadas en la determinaci\u00f3n de las condiciones de operaciones de compra y venta internacional.<\/li>\n<li>Aplicar t\u00e9cnicas de comunicaci\u00f3n adecuadas en la preparaci\u00f3n y desarrollo de relaciones comerciales internacionales.<\/li>\n<\/ul>\n","protected":false},"featured_media":633,"comment_status":"open","ping_status":"closed","template":"","meta":{"neve_meta_sidebar":"","neve_meta_container":"","neve_meta_enable_content_width":"","neve_meta_content_width":0,"neve_meta_title_alignment":"","neve_meta_author_avatar":"","neve_post_elements_order":"","neve_meta_disable_header":"","neve_meta_disable_footer":"","neve_meta_disable_title":""},"product_brand":[],"product_cat":[25,22,23],"product_tag":[],"class_list":{"0":"post-661","1":"product","2":"type-product","3":"status-publish","4":"has-post-thumbnail","6":"product_cat-comercio-y-marketing","7":"product_cat-cursos","8":"product_cat-cursos-de-especializacion","10":"first","11":"instock","12":"sold-individually","13":"shipping-taxable","14":"purchasable","15":"product-type-simple"},"_links":{"self":[{"href":"https:\/\/camonclass.com\/tienda\/wp-json\/wp\/v2\/product\/661","targetHints":{"allow":["GET"]}}],"collection":[{"href":"https:\/\/camonclass.com\/tienda\/wp-json\/wp\/v2\/product"}],"about":[{"href":"https:\/\/camonclass.com\/tienda\/wp-json\/wp\/v2\/types\/product"}],"replies":[{"embeddable":true,"href":"https:\/\/camonclass.com\/tienda\/wp-json\/wp\/v2\/comments?post=661"}],"wp:featuredmedia":[{"embeddable":true,"href":"https:\/\/camonclass.com\/tienda\/wp-json\/wp\/v2\/media\/633"}],"wp:attachment":[{"href":"https:\/\/camonclass.com\/tienda\/wp-json\/wp\/v2\/media?parent=661"}],"wp:term":[{"taxonomy":"product_brand","embeddable":true,"href":"https:\/\/camonclass.com\/tienda\/wp-json\/wp\/v2\/product_brand?post=661"},{"taxonomy":"product_cat","embeddable":true,"href":"https:\/\/camonclass.com\/tienda\/wp-json\/wp\/v2\/product_cat?post=661"},{"taxonomy":"product_tag","embeddable":true,"href":"https:\/\/camonclass.com\/tienda\/wp-json\/wp\/v2\/product_tag?post=661"}],"curies":[{"name":"wp","href":"https:\/\/api.w.org\/{rel}","templated":true}]}}