{"id":665,"date":"2022-07-25T16:38:18","date_gmt":"2022-07-25T16:38:18","guid":{"rendered":"https:\/\/camonclass.vertice.org\/formacion\/programacion-del-trabajo-de-campo-de-la-investigacion\/"},"modified":"2022-07-25T16:38:18","modified_gmt":"2022-07-25T16:38:18","slug":"programacion-del-trabajo-de-campo-de-la-investigacion","status":"publish","type":"product","link":"https:\/\/camonclass.com\/tienda\/formacion\/programacion-del-trabajo-de-campo-de-la-investigacion\/","title":{"rendered":"Programaci\u00f3n del trabajo de campo de la investigaci\u00f3n"},"content":{"rendered":"<p><strong>UD1. Planificaci\u00f3n y organizaci\u00f3n del trabajo de campo de una investigaci\u00f3n de mercados.<\/strong><UL>1.1. Definici\u00f3n del plan de trabajo de campo en una investigaci\u00f3n de mercados.<br \/>1.2. Fases del trabajo de campo en una investigaci\u00f3n de mercados.<br \/>1.3. Planificaci\u00f3n de los medios necesarios para el trabajo de campo.<br \/>1.4. La red de campo.<br \/>1.5. Localizaci\u00f3n f\u00edsica de la muestra.<br \/>1.6. Simulaci\u00f3n de la planificaci\u00f3n del trabajo de campo en una investigaci\u00f3n de mercados. Caso pr\u00e1ctico.<\/UL><\/p>\n<p><strong>UD2. Control y evaluaci\u00f3n del desempe\u00f1o del trabajo de campo de una investigaci\u00f3n de mercados.<\/strong><UL>2.1. M\u00e9todos de evaluaci\u00f3n del desempe\u00f1o del trabajo de campo.<br \/>2.2. Edici\u00f3n y control de calidad.<br \/>2.3. Control de la muestra.<br \/>2.4. Control de la informaci\u00f3n falseada.<br \/>2.5. Conceptos b\u00e1sicos, ventajas e inconvenientes de la evaluaci\u00f3n del desempe\u00f1ode encuestadores.<br \/>2.6. Verificaci\u00f3n de los cuestionarios: edici\u00f3n, codificaci\u00f3n y transferencia de datos.<br \/>2.7. Sistemas de control telef\u00f3nico de los cuestionarios reacci\u00f3n ante el entrevistador.<br \/>2.8. Aplicaciones inform\u00e1ticas para la recogida de informaci\u00f3n por ordenador (CAPI y CATI) en el control del trabajo de campo.<\/UL><\/p>\n","protected":false},"excerpt":{"rendered":"<ul>\n<li>Aplicar t\u00e9cnicas de organizaci\u00f3n del trabajo de campo a realizar por un equipo de encuestadores a partir de un plan de investigaci\u00f3n de mercados <\/li>\n<li>Aplicar m\u00e9todos de control y evaluaci\u00f3n del trabajo de campo en el seguimiento de las actividades y desempe\u00f1o del trabajo de campo <\/li>\n<li>Elaborar informes en las diferentes fases de organizaci\u00f3n y control de la actividad y desempe\u00f1o de los encuestadores<\/li>\n<\/ul>\n","protected":false},"featured_media":633,"comment_status":"open","ping_status":"closed","template":"","meta":{"neve_meta_sidebar":"","neve_meta_container":"","neve_meta_enable_content_width":"","neve_meta_content_width":0,"neve_meta_title_alignment":"","neve_meta_author_avatar":"","neve_post_elements_order":"","neve_meta_disable_header":"","neve_meta_disable_footer":"","neve_meta_disable_title":""},"product_brand":[],"product_cat":[25,22,23],"product_tag":[],"class_list":{"0":"post-665","1":"product","2":"type-product","3":"status-publish","4":"has-post-thumbnail","6":"product_cat-comercio-y-marketing","7":"product_cat-cursos","8":"product_cat-cursos-de-especializacion","10":"first","11":"instock","12":"sold-individually","13":"shipping-taxable","14":"purchasable","15":"product-type-simple"},"_links":{"self":[{"href":"https:\/\/camonclass.com\/tienda\/wp-json\/wp\/v2\/product\/665","targetHints":{"allow":["GET"]}}],"collection":[{"href":"https:\/\/camonclass.com\/tienda\/wp-json\/wp\/v2\/product"}],"about":[{"href":"https:\/\/camonclass.com\/tienda\/wp-json\/wp\/v2\/types\/product"}],"replies":[{"embeddable":true,"href":"https:\/\/camonclass.com\/tienda\/wp-json\/wp\/v2\/comments?post=665"}],"wp:featuredmedia":[{"embeddable":true,"href":"https:\/\/camonclass.com\/tienda\/wp-json\/wp\/v2\/media\/633"}],"wp:attachment":[{"href":"https:\/\/camonclass.com\/tienda\/wp-json\/wp\/v2\/media?parent=665"}],"wp:term":[{"taxonomy":"product_brand","embeddable":true,"href":"https:\/\/camonclass.com\/tienda\/wp-json\/wp\/v2\/product_brand?post=665"},{"taxonomy":"product_cat","embeddable":true,"href":"https:\/\/camonclass.com\/tienda\/wp-json\/wp\/v2\/product_cat?post=665"},{"taxonomy":"product_tag","embeddable":true,"href":"https:\/\/camonclass.com\/tienda\/wp-json\/wp\/v2\/product_tag?post=665"}],"curies":[{"name":"wp","href":"https:\/\/api.w.org\/{rel}","templated":true}]}}