{"id":666,"date":"2022-07-25T16:38:18","date_gmt":"2022-07-25T16:38:18","guid":{"rendered":"https:\/\/camonclass.vertice.org\/formacion\/gestion-y-direccion-de-equipos-de-encuestadores\/"},"modified":"2022-07-25T16:38:18","modified_gmt":"2022-07-25T16:38:18","slug":"gestion-y-direccion-de-equipos-de-encuestadores","status":"publish","type":"product","link":"https:\/\/camonclass.com\/tienda\/formacion\/gestion-y-direccion-de-equipos-de-encuestadores\/","title":{"rendered":"Gesti\u00f3n y direcci\u00f3n de equipos de encuestadores"},"content":{"rendered":"<p><strong>UD1. Gesti\u00f3n del equipo de encuestadores.<\/strong><UL>1.1. Definici\u00f3n de perfiles profesionales de encuestador\/entrevistador.<br \/>1.2. Elementos personales y profesionales.<br \/>1.3. Captaci\u00f3n y selecci\u00f3n de encuestadores.<br \/>1.4. Formaci\u00f3n y habilidades del equipo de encuestadores: desarrollo de competencias individuales y en grupo.<br \/>1.5. Salud y prevenci\u00f3n de riesgos en el trabajo de campo.<\/UL><\/p>\n<p><strong>UD2. Dinamizaci\u00f3n y liderazgo del equipo de encuestadores.<\/strong><UL>2.1. Estilos de mando y liderazgo.<br \/>2.2. Motivaci\u00f3n del equipo de encuestadores.<br \/>2.3. T\u00e9cnicas de trabajo en equipo.<br \/>2.4. Gesti\u00f3n de conflictos en el trabajo de campo.<br \/>2.5. \u00c9tica de los encuestadores.<\/UL><\/p>\n","protected":false},"excerpt":{"rendered":"<ul>\n<li>Aplicar t\u00e9cnicas de selecci\u00f3n de personal en situaciones de reclutamiento de equipos de encuestadores <\/li>\n<li>Definir planes de formaci\u00f3n y reciclaje de un equipo de encuestadores para distintos objetivos y requerimientos <\/li>\n<li>Determinar estilos de liderazgo y motivaci\u00f3n del equipo de encuestadores de acuerdo con distintos tipos de trabajo de campo y objetivos de la organizaci\u00f3n <\/li>\n<li>Aplicar estrategias de resoluci\u00f3n de conflictos y negociaci\u00f3n en distintas soluciones de conflicto habituales en equipos de trabajo de campo<\/li>\n<\/ul>\n","protected":false},"featured_media":633,"comment_status":"open","ping_status":"closed","template":"","meta":{"neve_meta_sidebar":"","neve_meta_container":"","neve_meta_enable_content_width":"","neve_meta_content_width":0,"neve_meta_title_alignment":"","neve_meta_author_avatar":"","neve_post_elements_order":"","neve_meta_disable_header":"","neve_meta_disable_footer":"","neve_meta_disable_title":""},"product_brand":[],"product_cat":[25,22,23],"product_tag":[],"class_list":{"0":"post-666","1":"product","2":"type-product","3":"status-publish","4":"has-post-thumbnail","6":"product_cat-comercio-y-marketing","7":"product_cat-cursos","8":"product_cat-cursos-de-especializacion","10":"first","11":"instock","12":"sold-individually","13":"shipping-taxable","14":"purchasable","15":"product-type-simple"},"_links":{"self":[{"href":"https:\/\/camonclass.com\/tienda\/wp-json\/wp\/v2\/product\/666","targetHints":{"allow":["GET"]}}],"collection":[{"href":"https:\/\/camonclass.com\/tienda\/wp-json\/wp\/v2\/product"}],"about":[{"href":"https:\/\/camonclass.com\/tienda\/wp-json\/wp\/v2\/types\/product"}],"replies":[{"embeddable":true,"href":"https:\/\/camonclass.com\/tienda\/wp-json\/wp\/v2\/comments?post=666"}],"wp:featuredmedia":[{"embeddable":true,"href":"https:\/\/camonclass.com\/tienda\/wp-json\/wp\/v2\/media\/633"}],"wp:attachment":[{"href":"https:\/\/camonclass.com\/tienda\/wp-json\/wp\/v2\/media?parent=666"}],"wp:term":[{"taxonomy":"product_brand","embeddable":true,"href":"https:\/\/camonclass.com\/tienda\/wp-json\/wp\/v2\/product_brand?post=666"},{"taxonomy":"product_cat","embeddable":true,"href":"https:\/\/camonclass.com\/tienda\/wp-json\/wp\/v2\/product_cat?post=666"},{"taxonomy":"product_tag","embeddable":true,"href":"https:\/\/camonclass.com\/tienda\/wp-json\/wp\/v2\/product_tag?post=666"}],"curies":[{"name":"wp","href":"https:\/\/api.w.org\/{rel}","templated":true}]}}