{"id":668,"date":"2022-07-25T16:38:18","date_gmt":"2022-07-25T16:38:18","guid":{"rendered":"https:\/\/camonclass.vertice.org\/formacion\/metodologias-de-analisis-para-la-investigacion-de-mercados\/"},"modified":"2022-07-25T16:38:18","modified_gmt":"2022-07-25T16:38:18","slug":"metodologias-de-analisis-para-la-investigacion-de-mercados","status":"publish","type":"product","link":"https:\/\/camonclass.com\/tienda\/formacion\/metodologias-de-analisis-para-la-investigacion-de-mercados\/","title":{"rendered":"Metodolog\u00edas de an\u00e1lisis para la investigaci\u00f3n de mercados"},"content":{"rendered":"<p><strong>UD1. An\u00e1lisis y tratamiento de datos en la investigaci\u00f3n de mercados.<\/strong><UL>1.1. Tipos de datos e informaci\u00f3n obtenida de la investigaci\u00f3n de mercados.<br \/>1.2. T\u00e9cnicas de an\u00e1lisis de informaci\u00f3n cuantitativa y cualitativa.<br \/>1.3. Representaci\u00f3n de datos.<br \/>1.4. Aplicaciones inform\u00e1ticas aplicadas al tratamiento de datos.<\/UL><\/p>\n<p><strong>UD2. T\u00e9cnicas de an\u00e1lisis estad\u00edstico aplicable a la investigaci\u00f3n de mercados.<\/strong><UL>2.1. Estad\u00edstica descriptiva b\u00e1sica.<br \/>2.2. T\u00e9cnicas de regresi\u00f3n lineal y correlaci\u00f3n simple.<br \/>2.3. T\u00e9cnicas de regresi\u00f3n y correlaci\u00f3n m\u00faltiple.<br \/>2.4. Series temporales.<br \/>2.5. M\u00e9todos de estimaci\u00f3n de tendencias.<br \/>2.6. T\u00e9cnicas de an\u00e1lisis probabil\u00edstico.<br \/>2.7. An\u00e1lisis factorial.<br \/>2.8. An\u00e1lisis cl\u00faster.<br \/>2.9. Aplicaciones inform\u00e1ticas aplicadas a la investigaci\u00f3n de mercados.<\/UL><\/p>\n<p><strong>UD3. Bases de datos aplicables a la investigaci\u00f3n de mercados.<\/strong><UL>3.1. Estructura y funciones de las bases de datos.<br \/>3.2. Gesti\u00f3n de bases de datos para la investigaci\u00f3n de mercados.<\/UL><\/p>\n","protected":false},"excerpt":{"rendered":"<ul>\n<li>Dise\u00f1ar bases de datos relacionales b\u00e1sicas y no complejas, de acuerdo con los objetivos de la investigaci\u00f3n <\/li>\n<li>Analizar las utilidades de las aplicaciones inform\u00e1ticas de gesti\u00f3n de bases de datos determinando los formatos m\u00e1s adecuados para la introducci\u00f3n, recuperaci\u00f3n y presentaci\u00f3n de la informaci\u00f3n con rapidez y precisi\u00f3n <\/li>\n<li>Aplicar t\u00e9cnicas de an\u00e1lisis estad\u00edstico a los datos obtenidos de las encuestas, entrevistas o din\u00e1micas de grupo, utilizando aplicaciones inform\u00e1ticas<\/li>\n<\/ul>\n","protected":false},"featured_media":633,"comment_status":"open","ping_status":"closed","template":"","meta":{"neve_meta_sidebar":"","neve_meta_container":"","neve_meta_enable_content_width":"","neve_meta_content_width":0,"neve_meta_title_alignment":"","neve_meta_author_avatar":"","neve_post_elements_order":"","neve_meta_disable_header":"","neve_meta_disable_footer":"","neve_meta_disable_title":""},"product_brand":[],"product_cat":[25,22,23],"product_tag":[],"class_list":{"0":"post-668","1":"product","2":"type-product","3":"status-publish","4":"has-post-thumbnail","6":"product_cat-comercio-y-marketing","7":"product_cat-cursos","8":"product_cat-cursos-de-especializacion","10":"first","11":"instock","12":"sold-individually","13":"shipping-taxable","14":"purchasable","15":"product-type-simple"},"_links":{"self":[{"href":"https:\/\/camonclass.com\/tienda\/wp-json\/wp\/v2\/product\/668","targetHints":{"allow":["GET"]}}],"collection":[{"href":"https:\/\/camonclass.com\/tienda\/wp-json\/wp\/v2\/product"}],"about":[{"href":"https:\/\/camonclass.com\/tienda\/wp-json\/wp\/v2\/types\/product"}],"replies":[{"embeddable":true,"href":"https:\/\/camonclass.com\/tienda\/wp-json\/wp\/v2\/comments?post=668"}],"wp:featuredmedia":[{"embeddable":true,"href":"https:\/\/camonclass.com\/tienda\/wp-json\/wp\/v2\/media\/633"}],"wp:attachment":[{"href":"https:\/\/camonclass.com\/tienda\/wp-json\/wp\/v2\/media?parent=668"}],"wp:term":[{"taxonomy":"product_brand","embeddable":true,"href":"https:\/\/camonclass.com\/tienda\/wp-json\/wp\/v2\/product_brand?post=668"},{"taxonomy":"product_cat","embeddable":true,"href":"https:\/\/camonclass.com\/tienda\/wp-json\/wp\/v2\/product_cat?post=668"},{"taxonomy":"product_tag","embeddable":true,"href":"https:\/\/camonclass.com\/tienda\/wp-json\/wp\/v2\/product_tag?post=668"}],"curies":[{"name":"wp","href":"https:\/\/api.w.org\/{rel}","templated":true}]}}