{"id":669,"date":"2022-07-25T16:38:19","date_gmt":"2022-07-25T16:38:19","guid":{"rendered":"https:\/\/camonclass.vertice.org\/formacion\/plan-de-marketing-empresarial\/"},"modified":"2022-07-25T16:38:19","modified_gmt":"2022-07-25T16:38:19","slug":"plan-de-marketing-empresarial","status":"publish","type":"product","link":"https:\/\/camonclass.com\/tienda\/formacion\/plan-de-marketing-empresarial\/","title":{"rendered":"Plan de marketing empresarial"},"content":{"rendered":"<p><strong>UD1. Planificaci\u00f3n de Marketing.<\/strong><UL>1.1. Concepto y contenido del Marketing.<br \/>1.2. Estrategias y tipos de marketing.<br \/>1.3. Marketing Mix.<br \/>1.4. Elaboraci\u00f3n del Plan de Marketing.<br \/>1.5. An\u00e1lisis DAFO y estrategias de Marketing.<\/UL><\/p>\n<p><strong>UD2. Pol\u00edtica de producto.<\/strong><UL>2.1. Definici\u00f3n de la pol\u00edtica de producto.<br \/>2.2. Atributos y caracter\u00edsticas de productos y servicios de la empresa.<br \/>2.3. Concepto de gama y l\u00ednea de productos.<br \/>2.4. La teor\u00eda del ciclo de vida del producto (CVP) y su aplicaci\u00f3n al Marketing.<br \/>2.5. Mapas de posicionamiento.<br \/>2.6. Matriz BCG y creaci\u00f3n de nuevos productos.<br \/>2.7. An\u00e1lisis del envase y de la marca como elementos diferenciadores.<br \/>2.8. Elaboraci\u00f3n de informes sobre producto.<\/UL><\/p>\n<p><strong>UD3. Pol\u00edtica de precios.<\/strong><UL>3.1. Definici\u00f3n de la pol\u00edtica de precios.<br \/>3.2. Caracter\u00edsticas y variables de decisi\u00f3n.<br \/>3.3. Concepto de elasticidad de precio.<br \/>3.4. Normativa vigente en materia de precios.<br \/>3.5. M\u00e9todos para la determinaci\u00f3n de los precios.<br \/>3.6. C\u00e1lculo del punto muerto.<br \/>3.7. Estrategias comerciales en la pol\u00edtica de precios.<br \/>3.8. Elaboraci\u00f3n de informes sobre precios.<\/UL><\/p>\n<p><strong>UD4. Pol\u00edtica de distribuci\u00f3n.<\/strong><UL>4.1. Definici\u00f3n de la pol\u00edtica de distribuci\u00f3n.<br \/>4.2. Canales y f\u00f3rmulas de distribuci\u00f3n.<br \/>4.3. Estrategias en la pol\u00edtica de distribuci\u00f3n.<br \/>4.4. Relaciones con la red y puntos de ventas.<br \/>4.5. Marketing en la distribuci\u00f3n.<br \/>4.6. Comercializaci\u00f3n \u00abon line\u00bb de productos y servicios.<br \/>4.7. Elaboraci\u00f3n de informes sobre distribuci\u00f3n.<\/UL><\/p>\n<p><strong>UD5. Pol\u00edtica de comunicaci\u00f3n.<\/strong><UL>5.1. Definici\u00f3n de la pol\u00edtica de comunicaci\u00f3n en la Empresa.<br \/>5.2. Tipos de comunicaci\u00f3n en la empresa.<br \/>5.3. El Mix de comunicaci\u00f3n: tipos y formas.<br \/>5.4. Medios de comunicaci\u00f3n.<br \/>5.5. Elaboraci\u00f3n del Briefing de productos, servicios y marcas.<\/UL><\/p>\n","protected":false},"excerpt":{"rendered":"<ul>\n<li>Analizar la situaci\u00f3n de mercado de productos y servicios, a partir de los datos comerciales, cuantitativos y cualitativos, e informes y estudios de mercado, extrayendo conclusiones respecto a las oportunidades, amenazas, debilidades y fortalezas de la organizaci\u00f3n, en el mercado.<\/li>\n<li>Analizar los factores que intervienen en la pol\u00edtica de producto de planes de marketing a partir de diferentes carteras de productos utilizando distintos instrumentos como mapas de posicionamiento y matriz BCG entre otros.<\/li>\n<li>Calcular los precios de los productos y servicios, as\u00ed como las variables que componen e influyen en la pol\u00edtica de precios de un producto o servicio utilizando herramientas de c\u00e1lculo.<\/li>\n<li>Analizar los factores que intervienen en la pol\u00edtica de distribuci\u00f3n seg\u00fan diferentes tipos de productos y servicios, clientes y sectores.<\/li>\n<li>Definir acciones de comunicaci\u00f3n de marketing, en relaci\u00f3n con los factores que intervienen en el dise\u00f1o de pol\u00edticas y campa\u00f1as de comunicaci\u00f3n, considerando los instrumentos habituales y los distintos tipos de objetivos y p\u00fablicos a los que pretenda dirigirse.<\/li>\n<li>Elaborar el briefing de distintos tipos de productos o marcas para la ejecuci\u00f3n y contrataci\u00f3n de distintos tipos de acciones e comunicaci\u00f3n definidas en un plan de marketing.<\/li>\n<li>Relacionar entre s\u00ed las variables que intervienen en las pol\u00edticas de marketing, obteniendo conclusiones relevantes para la definici\u00f3n de planes de marketing<\/li>\n<\/ul>\n","protected":false},"featured_media":633,"comment_status":"open","ping_status":"closed","template":"","meta":{"neve_meta_sidebar":"","neve_meta_container":"","neve_meta_enable_content_width":"","neve_meta_content_width":0,"neve_meta_title_alignment":"","neve_meta_author_avatar":"","neve_post_elements_order":"","neve_meta_disable_header":"","neve_meta_disable_footer":"","neve_meta_disable_title":""},"product_brand":[],"product_cat":[25,22,23],"product_tag":[],"class_list":{"0":"post-669","1":"product","2":"type-product","3":"status-publish","4":"has-post-thumbnail","6":"product_cat-comercio-y-marketing","7":"product_cat-cursos","8":"product_cat-cursos-de-especializacion","10":"first","11":"instock","12":"sold-individually","13":"shipping-taxable","14":"purchasable","15":"product-type-simple"},"_links":{"self":[{"href":"https:\/\/camonclass.com\/tienda\/wp-json\/wp\/v2\/product\/669","targetHints":{"allow":["GET"]}}],"collection":[{"href":"https:\/\/camonclass.com\/tienda\/wp-json\/wp\/v2\/product"}],"about":[{"href":"https:\/\/camonclass.com\/tienda\/wp-json\/wp\/v2\/types\/product"}],"replies":[{"embeddable":true,"href":"https:\/\/camonclass.com\/tienda\/wp-json\/wp\/v2\/comments?post=669"}],"wp:featuredmedia":[{"embeddable":true,"href":"https:\/\/camonclass.com\/tienda\/wp-json\/wp\/v2\/media\/633"}],"wp:attachment":[{"href":"https:\/\/camonclass.com\/tienda\/wp-json\/wp\/v2\/media?parent=669"}],"wp:term":[{"taxonomy":"product_brand","embeddable":true,"href":"https:\/\/camonclass.com\/tienda\/wp-json\/wp\/v2\/product_brand?post=669"},{"taxonomy":"product_cat","embeddable":true,"href":"https:\/\/camonclass.com\/tienda\/wp-json\/wp\/v2\/product_cat?post=669"},{"taxonomy":"product_tag","embeddable":true,"href":"https:\/\/camonclass.com\/tienda\/wp-json\/wp\/v2\/product_tag?post=669"}],"curies":[{"name":"wp","href":"https:\/\/api.w.org\/{rel}","templated":true}]}}