{"id":671,"date":"2022-07-25T16:38:19","date_gmt":"2022-07-25T16:38:19","guid":{"rendered":"https:\/\/camonclass.vertice.org\/formacion\/organizacion-de-eventos-de-marketing-y-comunicacion\/"},"modified":"2022-07-25T16:38:19","modified_gmt":"2022-07-25T16:38:19","slug":"organizacion-de-eventos-de-marketing-y-comunicacion","status":"publish","type":"product","link":"https:\/\/camonclass.com\/tienda\/formacion\/organizacion-de-eventos-de-marketing-y-comunicacion\/","title":{"rendered":"Organizaci\u00f3n de eventos de marketing y comunicaci\u00f3n"},"content":{"rendered":"<p><strong>UD1. Planificaci\u00f3n de eventos de Marketing y Comunicaci\u00f3n.<\/strong><UL>1.1. Imagen y de comunicaci\u00f3n de la empresa.<br \/>1.2. Eventos en marketing y comunicaci\u00f3n.<br \/>1.3. Documentaci\u00f3n interna de planificaci\u00f3n.<br \/>1.4. Atenci\u00f3n especial a autoridades.<br \/>1.5. Comunicaci\u00f3n de eventos entre otros.<\/UL><\/p>\n<p><strong>UD2. Gesti\u00f3n y contrataci\u00f3n de espacios, medios y personas para eventos.<\/strong><UL>2.1. Selecci\u00f3n y negociaci\u00f3n de ofertas.<br \/>2.2. Contrataci\u00f3n de prestaci\u00f3n de lugares o alquiler de medios.<br \/>2.3. Organizaci\u00f3n de recursos humanos y materiales para el desarrollo de eventos.<br \/>2.4. Pr\u00e1cticas habituales en la organizaci\u00f3n y gesti\u00f3n de eventos de Marketing y Comunicaci\u00f3n.<\/UL><\/p>\n<p><strong>UD3. Control y seguimiento de eventos de marketing y comunicaci\u00f3n.<\/strong><UL>3.1. Supervisi\u00f3n y seguimiento de eventos.<br \/>3.2. Coordinaci\u00f3n de recursos y proveedores: puntualidad, protocolo, seguridad y coordinaci\u00f3n de servicio t\u00e9cnico.<br \/>3.3. Repercusi\u00f3n en los medios y Dossier de prensa.<br \/>3.4. Calidad en los servicios de gesti\u00f3n de eventos.<br \/>3.5. Evaluaci\u00f3n de servicios requeridos por los eventos.<br \/>3.6. Utilizaci\u00f3n de aplicaciones inform\u00e1ticas en la gesti\u00f3n de la calidad de eventos.<\/UL><\/p>\n","protected":false},"excerpt":{"rendered":"<ul>\n<li>Caracterizar eventos y actos de marketing y comunicaci\u00f3n, en funci\u00f3n de diferentes objetivos, tipos de p\u00fablico al que se dirige, protocolo y tr\u00e1mites administrativos necesarios para su ejecuci\u00f3n.<\/li>\n<li>Determinar las condiciones de ejecuci\u00f3n y prestaci\u00f3n del servicio o producto de distintos proveedores de eventos y acciones de marketing y comunicaci\u00f3n Elaborar informes de control y evaluaci\u00f3n de resultados del desarrollo de distintos tipos de actos y eventos de marketing y comunicaci\u00f3n.<\/li>\n<\/ul>\n","protected":false},"featured_media":633,"comment_status":"open","ping_status":"closed","template":"","meta":{"neve_meta_sidebar":"","neve_meta_container":"","neve_meta_enable_content_width":"","neve_meta_content_width":0,"neve_meta_title_alignment":"","neve_meta_author_avatar":"","neve_post_elements_order":"","neve_meta_disable_header":"","neve_meta_disable_footer":"","neve_meta_disable_title":""},"product_brand":[],"product_cat":[25,22,23],"product_tag":[],"class_list":{"0":"post-671","1":"product","2":"type-product","3":"status-publish","4":"has-post-thumbnail","6":"product_cat-comercio-y-marketing","7":"product_cat-cursos","8":"product_cat-cursos-de-especializacion","10":"first","11":"instock","12":"sold-individually","13":"shipping-taxable","14":"purchasable","15":"product-type-simple"},"_links":{"self":[{"href":"https:\/\/camonclass.com\/tienda\/wp-json\/wp\/v2\/product\/671","targetHints":{"allow":["GET"]}}],"collection":[{"href":"https:\/\/camonclass.com\/tienda\/wp-json\/wp\/v2\/product"}],"about":[{"href":"https:\/\/camonclass.com\/tienda\/wp-json\/wp\/v2\/types\/product"}],"replies":[{"embeddable":true,"href":"https:\/\/camonclass.com\/tienda\/wp-json\/wp\/v2\/comments?post=671"}],"wp:featuredmedia":[{"embeddable":true,"href":"https:\/\/camonclass.com\/tienda\/wp-json\/wp\/v2\/media\/633"}],"wp:attachment":[{"href":"https:\/\/camonclass.com\/tienda\/wp-json\/wp\/v2\/media?parent=671"}],"wp:term":[{"taxonomy":"product_brand","embeddable":true,"href":"https:\/\/camonclass.com\/tienda\/wp-json\/wp\/v2\/product_brand?post=671"},{"taxonomy":"product_cat","embeddable":true,"href":"https:\/\/camonclass.com\/tienda\/wp-json\/wp\/v2\/product_cat?post=671"},{"taxonomy":"product_tag","embeddable":true,"href":"https:\/\/camonclass.com\/tienda\/wp-json\/wp\/v2\/product_tag?post=671"}],"curies":[{"name":"wp","href":"https:\/\/api.w.org\/{rel}","templated":true}]}}